{"id":17003,"date":"2016-12-12T17:30:16","date_gmt":"2016-12-12T20:30:16","guid":{"rendered":"http:\/\/www2.unifap.br\/ead\/?page_id=17003"},"modified":"2017-02-24T12:42:51","modified_gmt":"2017-02-24T15:42:51","slug":"curso-de-extensao-em-ensino-religioso-na-modalidade-semipresencial","status":"publish","type":"page","link":"http:\/\/www2.unifap.br\/ead\/curso-de-extensao-em-ensino-religioso-na-modalidade-semipresencial\/","title":{"rendered":"CURSO DE EXTENS\u00c3O EM ENSINO RELIGIOSO"},"content":{"rendered":"<h3 style=\"text-align: center\">A Pr\u00f3-reitoria de Extens\u00e3o e A\u00e7\u00f5es Comunit\u00e1rias \u2013 PROEAC, em parceria com o Departamento de Educa\u00e7\u00e3o a Dist\u00e2ncia-DEAD e a Associa\u00e7\u00e3o dos Professores de Ensino Religioso do Amap\u00e1 &#8211; APERAP, no uso de suas atribui\u00e7\u00f5es legais e estatut\u00e1rias, torna p\u00fablico, pelo presente Edital, as normas do PROCESSO SELETIVO DE INGRESSO DE ALUNOS \u00c0S VAGAS DISPONIBILIZADAS AO CURSO DE EXTENS\u00c3O EM ENSINO RELIGIOSO NA MODALIDADE SEMIPRESENCIAl para o ano de 2017 pela Universidade Federal do Amap\u00e1 \u2013 UNIFAP.<\/h3>\n<ul>\n<li><strong><span style=\"color: #ff0000\">NOVO<\/span> &#8211;<a href=\"http:\/\/www2.unifap.br\/ead\/files\/2017\/02\/Comunicado-Ensino-Relisioso.pdf\">COMUNICADO<\/a><span style=\"color: #ff0000\"> (23\/02\/2017)<\/span><\/strong><\/li>\n<li><strong> &#8211;<a href=\"http:\/\/www2.unifap.br\/ead\/files\/2017\/01\/turmaA.pdf\">APROVADOS PARA O CURSO DE  EXTENS\u00c3O -TURMA A <\/a>(26\/01\/2017)<\/strong><\/li>\n<li><strong>&#8211;<a href=\"http:\/\/www2.unifap.br\/ead\/files\/2017\/01\/TURMA_B.pdf\">APROVADOS PARA O CURSO DE  EXTENS\u00c3O -TURMA B <\/a> (26\/01\/2017)<\/strong><\/li>\n<li><strong> &#8211;<a href=\"http:\/\/www2.unifap.br\/ead\/files\/2016\/12\/Curso-De-Extens\u00e3o-Em-Ensino-Religioso.pdf\">EDITAL<\/a> (12\/12\/2016)<\/strong><\/li>\n<\/ul>\n","protected":false},"excerpt":{"rendered":"<p>A Pr\u00f3-reitoria de Extens\u00e3o e A\u00e7\u00f5es Comunit\u00e1rias \u2013 PROEAC, em parceria com o Departamento de Educa\u00e7\u00e3o a Dist\u00e2ncia-DEAD e a Associa\u00e7\u00e3o dos Professores de Ensino Religioso do Amap\u00e1 &#8211; APERAP,&#8230;<\/p>\n","protected":false},"author":435,"featured_media":0,"parent":0,"menu_order":0,"comment_status":"closed","ping_status":"closed","template":"","meta":{"inline_featured_image":false,"ngg_post_thumbnail":0,"footnotes":""},"class_list":["post-17003","page","type-page","status-publish","hentry","entry"],"_links":{"self":[{"href":"http:\/\/www2.unifap.br\/ead\/wp-json\/wp\/v2\/pages\/17003","targetHints":{"allow":["GET"]}}],"collection":[{"href":"http:\/\/www2.unifap.br\/ead\/wp-json\/wp\/v2\/pages"}],"about":[{"href":"http:\/\/www2.unifap.br\/ead\/wp-json\/wp\/v2\/types\/page"}],"author":[{"embeddable":true,"href":"http:\/\/www2.unifap.br\/ead\/wp-json\/wp\/v2\/users\/435"}],"replies":[{"embeddable":true,"href":"http:\/\/www2.unifap.br\/ead\/wp-json\/wp\/v2\/comments?post=17003"}],"version-history":[{"count":19,"href":"http:\/\/www2.unifap.br\/ead\/wp-json\/wp\/v2\/pages\/17003\/revisions"}],"predecessor-version":[{"id":17113,"href":"http:\/\/www2.unifap.br\/ead\/wp-json\/wp\/v2\/pages\/17003\/revisions\/17113"}],"wp:attachment":[{"href":"http:\/\/www2.unifap.br\/ead\/wp-json\/wp\/v2\/media?parent=17003"}],"curies":[{"name":"wp","href":"https:\/\/api.w.org\/{rel}","templated":true}]}}