{"id":17165,"date":"2017-04-07T11:16:42","date_gmt":"2017-04-07T14:16:42","guid":{"rendered":"http:\/\/www2.unifap.br\/ead\/?page_id=17165"},"modified":"2017-04-10T11:24:03","modified_gmt":"2017-04-10T14:24:03","slug":"especializacao-em-defesa-e-seguranca-no-amapa-2","status":"publish","type":"page","link":"http:\/\/www2.unifap.br\/ead\/especializacao-em-defesa-e-seguranca-no-amapa-2\/","title":{"rendered":"ESPECIALIZA\u00c7\u00c3O EM DEFESA E SEGURAN\u00c7A P\u00daBLICA NO AMAP\u00c1"},"content":{"rendered":"<p>A Universidade Federal do Amap\u00e1 (UNIFAP), por interm\u00e9dio da Pr\u00f3-Reitoria de Pesquisa e P\u00f3s-Gradua\u00e7\u00e3o (PROPESPG) e do Departamento de P\u00f3s-Gradua\u00e7\u00e3o (DPG) torna p\u00fablico<br \/>\npelo presente Edital as normas do Processo Seletivo de ingresso de alunos no Curso de Especializa\u00e7\u00e3o em Seguran\u00e7a e Defesa no Amap\u00e1 (Resolu\u00e7\u00e3o CONSU-UNIFAP 032\/2015), ofertado pelo Colegiado de Rela\u00e7\u00f5es Internacionais da UNIFAP com financiamento da Secretaria Nacional de Seguran\u00e7a P\u00fablica (SENASP\/MJ) no \u00e2mbito da Rede Nacional de Altos Estudos em Seguran\u00e7a P\u00fablica (RENAESP).<\/p>\n<p>O Edital e demais documentos est\u00e3o publicados em\u00a0<strong><a href=\"http:\/\/www.unifap.br\/public\/index\/view\/id\/6961\">http:\/\/www.unifap.br\/public\/index\/view\/id\/6961<\/a><\/strong><\/p>\n","protected":false},"excerpt":{"rendered":"<p>A Universidade Federal do Amap\u00e1 (UNIFAP), por interm\u00e9dio da Pr\u00f3-Reitoria de Pesquisa e P\u00f3s-Gradua\u00e7\u00e3o (PROPESPG) e do Departamento de P\u00f3s-Gradua\u00e7\u00e3o (DPG) torna p\u00fablico pelo presente Edital as normas do Processo&#8230;<\/p>\n","protected":false},"author":812,"featured_media":0,"parent":0,"menu_order":0,"comment_status":"closed","ping_status":"closed","template":"","meta":{"inline_featured_image":false,"ngg_post_thumbnail":0,"footnotes":""},"class_list":["post-17165","page","type-page","status-publish","hentry","entry"],"_links":{"self":[{"href":"http:\/\/www2.unifap.br\/ead\/wp-json\/wp\/v2\/pages\/17165","targetHints":{"allow":["GET"]}}],"collection":[{"href":"http:\/\/www2.unifap.br\/ead\/wp-json\/wp\/v2\/pages"}],"about":[{"href":"http:\/\/www2.unifap.br\/ead\/wp-json\/wp\/v2\/types\/page"}],"author":[{"embeddable":true,"href":"http:\/\/www2.unifap.br\/ead\/wp-json\/wp\/v2\/users\/812"}],"replies":[{"embeddable":true,"href":"http:\/\/www2.unifap.br\/ead\/wp-json\/wp\/v2\/comments?post=17165"}],"version-history":[{"count":6,"href":"http:\/\/www2.unifap.br\/ead\/wp-json\/wp\/v2\/pages\/17165\/revisions"}],"predecessor-version":[{"id":17202,"href":"http:\/\/www2.unifap.br\/ead\/wp-json\/wp\/v2\/pages\/17165\/revisions\/17202"}],"wp:attachment":[{"href":"http:\/\/www2.unifap.br\/ead\/wp-json\/wp\/v2\/media?parent=17165"}],"curies":[{"name":"wp","href":"https:\/\/api.w.org\/{rel}","templated":true}]}}