{"id":17223,"date":"2017-05-09T18:20:27","date_gmt":"2017-05-09T21:20:27","guid":{"rendered":"http:\/\/www2.unifap.br\/ead\/?page_id=17223"},"modified":"2019-04-03T12:03:34","modified_gmt":"2019-04-03T15:03:34","slug":"professoruniafro","status":"publish","type":"page","link":"http:\/\/www2.unifap.br\/ead\/professoruniafro\/","title":{"rendered":"Chamada externa para Professor formador &#8211; UNIAFRO"},"content":{"rendered":"<h2 style=\"text-align: center\"><strong>CHAMADA EXTERNA PARA PROFESSOR FORMADOR DO CURSO DE ESPECIALIZA\u00c7\u00c3O DE POL\u00cdTICAS DE PROMO\u00c7\u00c3O DA IGUALDADE RACIAL NA ESCOLA- MODALIDADE A DIST\u00c2NCIA<\/strong><\/h2>\n<ul>\n<li><strong><a href=\"http:\/\/www2.unifap.br\/ead\/files\/2017\/05\/04.pdf\">Resultado final &#8211; <span style=\"color: #ff0000\">22.11.2017<\/span><\/a><\/strong><\/li>\n<li><strong><a href=\"http:\/\/www2.unifap.br\/ead\/files\/2017\/05\/03.pdf\">Resultado &#8211; 17.11.2017<\/a><\/strong><\/li>\n<li><strong><a href=\"http:\/\/www2.unifap.br\/ead\/files\/2017\/05\/021.pdf\">Inscri\u00e7\u00f5es homologas &#8211; 13.11.2017<\/a><\/strong><\/li>\n<li><strong><a href=\"http:\/\/www2.unifap.br\/ead\/files\/2017\/05\/01.pdf\">Inscri\u00e7\u00f5es deferidas &#8211; 09.11.2017<\/a><\/strong><\/li>\n<li><strong><a href=\"http:\/\/www2.unifap.br\/ead\/files\/2017\/05\/edital-uniafroPDFF.pdf\">Edital &#8211; 30.10.2017<\/a><\/strong><\/li>\n<\/ul>\n<p style=\"text-align: center\">&nbsp;<\/p>\n","protected":false},"excerpt":{"rendered":"<p>CHAMADA EXTERNA PARA PROFESSOR FORMADOR DO CURSO DE ESPECIALIZA\u00c7\u00c3O DE POL\u00cdTICAS DE PROMO\u00c7\u00c3O DA IGUALDADE RACIAL NA ESCOLA- MODALIDADE A DIST\u00c2NCIA Resultado final &#8211; 22.11.2017 Resultado &#8211; 17.11.2017 Inscri\u00e7\u00f5es homologas&#8230;<\/p>\n","protected":false},"author":435,"featured_media":0,"parent":0,"menu_order":0,"comment_status":"closed","ping_status":"closed","template":"fullwidth.php","meta":{"inline_featured_image":false,"ngg_post_thumbnail":0,"footnotes":""},"class_list":["post-17223","page","type-page","status-publish","hentry","entry"],"_links":{"self":[{"href":"http:\/\/www2.unifap.br\/ead\/wp-json\/wp\/v2\/pages\/17223","targetHints":{"allow":["GET"]}}],"collection":[{"href":"http:\/\/www2.unifap.br\/ead\/wp-json\/wp\/v2\/pages"}],"about":[{"href":"http:\/\/www2.unifap.br\/ead\/wp-json\/wp\/v2\/types\/page"}],"author":[{"embeddable":true,"href":"http:\/\/www2.unifap.br\/ead\/wp-json\/wp\/v2\/users\/435"}],"replies":[{"embeddable":true,"href":"http:\/\/www2.unifap.br\/ead\/wp-json\/wp\/v2\/comments?post=17223"}],"version-history":[{"count":10,"href":"http:\/\/www2.unifap.br\/ead\/wp-json\/wp\/v2\/pages\/17223\/revisions"}],"predecessor-version":[{"id":20729,"href":"http:\/\/www2.unifap.br\/ead\/wp-json\/wp\/v2\/pages\/17223\/revisions\/20729"}],"wp:attachment":[{"href":"http:\/\/www2.unifap.br\/ead\/wp-json\/wp\/v2\/media?parent=17223"}],"curies":[{"name":"wp","href":"https:\/\/api.w.org\/{rel}","templated":true}]}}