{"id":17279,"date":"2017-05-24T10:38:05","date_gmt":"2017-05-24T13:38:05","guid":{"rendered":"http:\/\/www2.unifap.br\/ead\/?page_id=17279"},"modified":"2018-10-01T11:48:35","modified_gmt":"2018-10-01T14:48:35","slug":"bacharelado-em-administracao-publica-chamada-para-tutor-2017-1","status":"publish","type":"page","link":"http:\/\/www2.unifap.br\/ead\/bacharelado-em-administracao-publica-chamada-para-tutor-2017-1\/","title":{"rendered":"BACHARELADO EM ADMINISTRA\u00c7\u00c3O P\u00daBLICA &#8211; CHAMADA PARA TUTOR (2017.2)"},"content":{"rendered":"<h2 style=\"text-align: center\"><strong>CHAMADA INTERNA E EXTERNA PARA TUTOR DO CURSO DE BACHARELADO EM<br \/>\nADMINISTRA\u00c7\u00c3O P\u00daBLICA\u00a0\u00a0\u2013 MODALIDADE \u00c0 DIST\u00c2NCIA\u00a0<\/strong><\/h2>\n<p>&nbsp;<\/p>\n<ul>\n<li><strong><a href=\"http:\/\/www2.unifap.br\/ead\/files\/2017\/05\/DATA-TREINAMENTO.pdf\">TREINAMENTO MOODLE<\/a> <span style=\"color: #ff0000\">(28\/07\/2017) &#8211; NOVO<\/span><\/strong><\/li>\n<\/ul>\n<ul>\n<li><strong style=\"font-size: 1.2em\">Edital\u00a0<a href=\"http:\/\/www2.unifap.br\/ead\/files\/2017\/05\/resultado-final1.pdf\">RESULTADO FINAL<\/a>\u00a0<span style=\"color: #000000\"> (30\/06\/2017)<\/span><\/strong><\/li>\n<\/ul>\n<ul>\n<li><strong style=\"font-size: 1.2em\">Edital\u00a0<a href=\"http:\/\/www2.unifap.br\/ead\/files\/2017\/05\/TUTOR.-RESULTADO-2\u00ba-ETAPA.pdf\">RESULTADO DA 2\u00ba- ETAPA<\/a>\u00a0<span style=\"color: #000000\"> (28\/06\/2017)<\/span><\/strong><\/li>\n<\/ul>\n<ul>\n<li><strong style=\"font-size: 1.2em\">Edital <a href=\"http:\/\/www2.unifap.br\/ead\/files\/2017\/06\/CHAMADA-INTERNA-EXTERNA-2017RESULTADO-DO-RECURSO.pdf\">RESULTADO DO RECURSO <\/a>(16\/06\/2017)<\/strong><\/li>\n<\/ul>\n<ul>\n<li><strong style=\"font-size: 1.2em\">Edital <a href=\"http:\/\/www2.unifap.br\/ead\/files\/2017\/05\/INSCRI\u00c7\u00d5ES-HOMOLOGADAS.pdf\">RESULTADO DAS INSCRI\u00c7\u00d5ES<\/a> (13\/06\/2017)<\/strong><\/li>\n<\/ul>\n<ul>\n<li><strong style=\"font-size: 1.2em\">Edital <a href=\"http:\/\/www2.unifap.br\/ead\/files\/2017\/05\/CHAMADA-INT.E-EXTERNA-DE-SELE\u00c7\u00c3O-PARA-TUTOR-BACHARELADO-ADM.-P\u00daBLICA-VIT\u00d3RIA-DO-JAR\u00cd-EAD.pdf\">RETIFICA\u00c7\u00c3O<\/a> (29\/05\/2017)<\/strong><\/li>\n<\/ul>\n<ul>\n<li><strong style=\"font-size: 1.2em\">Edital\u00a0<a href=\"http:\/\/www2.unifap.br\/ead\/files\/2017\/05\/Chamada-\u2013-TUTOR-\u2013-Adm.publica-2017.pdf\">Chamada \u2013 TUTOR \u2013 Administra\u00e7\u00e3o p\u00fablica 2017<\/a>\u00a0(24\/05\/2017)<\/strong><\/li>\n<\/ul>\n<ul>\n<li><strong>Inscri\u00e7\u00f5es: encerradas.<\/strong><\/li>\n<\/ul>\n","protected":false},"excerpt":{"rendered":"<p>CHAMADA INTERNA E EXTERNA PARA TUTOR DO CURSO DE BACHARELADO EM ADMINISTRA\u00c7\u00c3O P\u00daBLICA\u00a0\u00a0\u2013 MODALIDADE \u00c0 DIST\u00c2NCIA\u00a0 &nbsp; TREINAMENTO MOODLE (28\/07\/2017) &#8211; NOVO Edital\u00a0RESULTADO FINAL\u00a0 (30\/06\/2017) Edital\u00a0RESULTADO DA 2\u00ba- ETAPA\u00a0 (28\/06\/2017)&#8230;<\/p>\n","protected":false},"author":812,"featured_media":0,"parent":0,"menu_order":0,"comment_status":"closed","ping_status":"closed","template":"","meta":{"inline_featured_image":false,"ngg_post_thumbnail":0,"footnotes":""},"class_list":["post-17279","page","type-page","status-publish","hentry","entry"],"_links":{"self":[{"href":"http:\/\/www2.unifap.br\/ead\/wp-json\/wp\/v2\/pages\/17279","targetHints":{"allow":["GET"]}}],"collection":[{"href":"http:\/\/www2.unifap.br\/ead\/wp-json\/wp\/v2\/pages"}],"about":[{"href":"http:\/\/www2.unifap.br\/ead\/wp-json\/wp\/v2\/types\/page"}],"author":[{"embeddable":true,"href":"http:\/\/www2.unifap.br\/ead\/wp-json\/wp\/v2\/users\/812"}],"replies":[{"embeddable":true,"href":"http:\/\/www2.unifap.br\/ead\/wp-json\/wp\/v2\/comments?post=17279"}],"version-history":[{"count":20,"href":"http:\/\/www2.unifap.br\/ead\/wp-json\/wp\/v2\/pages\/17279\/revisions"}],"predecessor-version":[{"id":18693,"href":"http:\/\/www2.unifap.br\/ead\/wp-json\/wp\/v2\/pages\/17279\/revisions\/18693"}],"wp:attachment":[{"href":"http:\/\/www2.unifap.br\/ead\/wp-json\/wp\/v2\/media?parent=17279"}],"curies":[{"name":"wp","href":"https:\/\/api.w.org\/{rel}","templated":true}]}}