{"id":17286,"date":"2017-05-24T10:56:21","date_gmt":"2017-05-24T13:56:21","guid":{"rendered":"http:\/\/www2.unifap.br\/ead\/?page_id=17286"},"modified":"2019-04-03T12:04:05","modified_gmt":"2019-04-03T15:04:05","slug":"bacharelado-em-administracao-publica-chamada-para-professor-2017-2","status":"publish","type":"page","link":"http:\/\/www2.unifap.br\/ead\/bacharelado-em-administracao-publica-chamada-para-professor-2017-2\/","title":{"rendered":"BACHARELADO EM ADMINISTRA\u00c7\u00c3O P\u00daBLICA &#8211; CHAMADA PARA PROFESSOR (2017.2)"},"content":{"rendered":"<h2 style=\"text-align: center\"><strong>CHAMADA INTERNA E EXTERNA PARA PROFESSOR FORMADOR DO CURSO DE BACHARELADO EM<br \/>\nADMINISTRA\u00c7\u00c3O P\u00daBLICA&nbsp;&nbsp;\u2013 MODALIDADE \u00c0 DIST\u00c2NCIA&nbsp;<\/strong><\/h2>\n<p>&nbsp;<\/p>\n<ul>\n<li><strong>&nbsp;<a href=\"http:\/\/www2.unifap.br\/ead\/files\/2017\/05\/DATA-TREINAMENTO-.pdf\">Treinamento da plataforma Moodle <\/a><\/strong><strong style=\"font-size: 1.4em\"><span style=\"color: #ff0000\">(06\/07\/2017) &#8211; Novo<\/span><\/strong><\/li>\n<li><strong style=\"font-size: 1.2em\">Edital <a href=\"http:\/\/www2.unifap.br\/ead\/files\/2017\/05\/FORMADOR-RESULTADO-FINAL.pdf\">Resultado final <\/a><span style=\"color: #000000\">(30\/06\/2017)<\/span><\/strong><\/li>\n<\/ul>\n<ul>\n<li><strong style=\"font-size: 1.2em\">Edital <a href=\"http:\/\/www2.unifap.br\/ead\/files\/2017\/05\/2CHAMADA-INTERNA-EXTERNA-2017-PROF.-FORMADOR-RESULTADO-2\u00ba-ETAPA.pdf\">Resultado da segunda etapa<\/a><span style=\"color: #000000\"> (26\/06\/2017)<\/span><\/strong><\/li>\n<\/ul>\n<ul>\n<li><strong style=\"font-size: 1.2em\">Edital&nbsp;<a href=\"http:\/\/www2.unifap.br\/ead\/files\/2017\/05\/INCRI\u00c7\u00d5ES-HOMOLOGADAS.pdf\">Resultado das inscri\u00e7\u00f5es<\/a>(13\/06\/2017)<\/strong><\/li>\n<\/ul>\n<ul>\n<li><strong style=\"font-size: 1.2em\">Edital&nbsp;\u2013 <a href=\"http:\/\/www2.unifap.br\/ead\/files\/2017\/05\/Chamada-\u2013-PROFESSOR-\u2013-Administracao.publica-2017.pdf\">Chamada \u2013 PROFESSOR FORMADOR \u2013 Administra\u00e7ao publica 2017<\/a>&nbsp;(24\/05\/2017)<\/strong><\/li>\n<\/ul>\n<ul>\n<li><strong>Inscri\u00e7\u00f5es:encerradas.<\/strong><\/li>\n<\/ul>\n","protected":false},"excerpt":{"rendered":"<p>CHAMADA INTERNA E EXTERNA PARA PROFESSOR FORMADOR DO CURSO DE BACHARELADO EM ADMINISTRA\u00c7\u00c3O P\u00daBLICA&nbsp;&nbsp;\u2013 MODALIDADE \u00c0 DIST\u00c2NCIA&nbsp; &nbsp; &nbsp;Treinamento da plataforma Moodle (06\/07\/2017) &#8211; Novo Edital Resultado final (30\/06\/2017) Edital&#8230;<\/p>\n","protected":false},"author":812,"featured_media":0,"parent":0,"menu_order":0,"comment_status":"closed","ping_status":"closed","template":"fullwidth.php","meta":{"inline_featured_image":false,"ngg_post_thumbnail":0,"footnotes":""},"class_list":["post-17286","page","type-page","status-publish","hentry","entry"],"_links":{"self":[{"href":"http:\/\/www2.unifap.br\/ead\/wp-json\/wp\/v2\/pages\/17286","targetHints":{"allow":["GET"]}}],"collection":[{"href":"http:\/\/www2.unifap.br\/ead\/wp-json\/wp\/v2\/pages"}],"about":[{"href":"http:\/\/www2.unifap.br\/ead\/wp-json\/wp\/v2\/types\/page"}],"author":[{"embeddable":true,"href":"http:\/\/www2.unifap.br\/ead\/wp-json\/wp\/v2\/users\/812"}],"replies":[{"embeddable":true,"href":"http:\/\/www2.unifap.br\/ead\/wp-json\/wp\/v2\/comments?post=17286"}],"version-history":[{"count":17,"href":"http:\/\/www2.unifap.br\/ead\/wp-json\/wp\/v2\/pages\/17286\/revisions"}],"predecessor-version":[{"id":20731,"href":"http:\/\/www2.unifap.br\/ead\/wp-json\/wp\/v2\/pages\/17286\/revisions\/20731"}],"wp:attachment":[{"href":"http:\/\/www2.unifap.br\/ead\/wp-json\/wp\/v2\/media?parent=17286"}],"curies":[{"name":"wp","href":"https:\/\/api.w.org\/{rel}","templated":true}]}}