{"id":17420,"date":"2017-09-19T12:09:27","date_gmt":"2017-09-19T15:09:27","guid":{"rendered":"http:\/\/www2.unifap.br\/ead\/?page_id=17420"},"modified":"2017-11-29T11:31:25","modified_gmt":"2017-11-29T14:31:25","slug":"especializacao-em-ensino-de-sociologia-no-ensino-medio","status":"publish","type":"page","link":"http:\/\/www2.unifap.br\/ead\/especializacao-em-ensino-de-sociologia-no-ensino-medio\/","title":{"rendered":"ESPECIALIZA\u00c7\u00c3O EM ENSINO DE SOCIOLOGIA NO ENSINO M\u00c9DIO"},"content":{"rendered":"<h2 style=\"text-align: center\">PROCESSO SELETIVO SIMPLIFICADO PARA SELE\u00c7\u00c3O DE ALUNOS PARA O CURSO DE<br \/>\nESPECIALIZA\u00c7\u00c3O EM ENSINO DE SOCIOLOGIA NO ENSINO M\u00c9DIO &#8211; MODALIDADE \u00c0<br \/>\nDIST\u00c2NCIA.<\/h2>\n<p style=\"text-align: justify\">O Coordenador do Departamento de Educa\u00e7\u00e3o a Distancia e do Programa Universidade Aberta do Brasil no Amap\u00e1 e a Coordenadora do Curso de Especializa\u00e7\u00e3o em Ensino de Sociologia no Ensino M\u00e9dio, no uso de suas atribui\u00e7\u00f5es legais e estatut\u00e1rias, tornam p\u00fablico pelo presente Edital as normas do PROCESSO SELETIVO DE INGRESSO DE ALUNOS para oferta dos Curso de ESPECIALIZA\u00c7\u00c3O EM ENSINO DE SOCIOLOGIA NO ENSINO M\u00c9DIO aprovado pela Resolu\u00e7\u00e3o<br \/>\nn\u00ba 017\/2017.<\/p>\n<ul>\n<li><strong><a href=\"http:\/\/www2.unifap.br\/ead\/files\/2017\/09\/FICHA-DE-MATR\u00cdCULA-DA-P\u00d3S.pdf\">FICHA DE MATR\u00cdCULA<span style=\"color: #ff0000\">\u00a0<\/span><\/a><span style=\"color: #ff0000\">(Novo)<\/span><\/strong><\/li>\n<li><strong><a href=\"http:\/\/www2.unifap.br\/ead\/files\/2017\/11\/CONVOCA%C3%87AO-ESPECIALIZA%C3%87%C3%83O-EM-ENSINO-DE-SOCIOLOGIA.pdf\">CONVOCA\u00c7\u00c3O<span style=\"color: #ff0000\"> Novo<\/span><br \/>\n<\/a><\/strong><\/li>\n<li><strong><a href=\"http:\/\/www2.unifap.br\/ead\/files\/2017\/11\/Lista-Final_-Aprovados_-Macap\u00e1.pdf\">LISTA DOS APROVADOS &#8211; POLO MACAP\u00c1<br \/>\n<\/a><\/strong><\/li>\n<li><strong><a href=\"http:\/\/www2.unifap.br\/ead\/files\/2017\/11\/Lista-Final_Aprovados_-Santana.pdf\">LISTA DOS APROVADOS &#8211; POLO SANTANA<br \/>\n<\/a><\/strong><\/li>\n<li><strong><a href=\"http:\/\/www2.unifap.br\/ead\/files\/2017\/11\/Lista-Final_Aprovados_-Vitoria-do-Jari.pdf\">LISTA DOS APROVADOS &#8211; POLO VIT\u00d3RIA DO JARI<br \/>\n<\/a><\/strong><\/li>\n<li><strong><a href=\"http:\/\/www2.unifap.br\/ead\/files\/2017\/11\/Notas_Carta-de-Inten\u00e7\u00e3o_-Macap\u00e1.pdf\">NOTAS DA CARTA DE INTEN\u00c7\u00c3O \u2013 POLO MACAP\u00c1<br \/>\n<\/a><\/strong><\/li>\n<li><strong><a href=\"http:\/\/www2.unifap.br\/ead\/files\/2017\/11\/Notas_-Carta-de-Inten\u00e7\u00e3o_-Santana.pdf\">NOTAS DA CARTA DE INTEN\u00c7\u00c3O \u2013 POLO SANTANA<br \/>\n<\/a><\/strong><\/li>\n<li><strong><a href=\"http:\/\/www2.unifap.br\/ead\/files\/2017\/11\/Notas_-Carta-de-Inten\u00e7\u00e3o_-Vitoria-do-Jari.pdf\">NOTAS DA CARTA DE INTEN\u00c7\u00c3O \u2013 POLO VIT\u00d3RIO DO JARI<br \/>\n<\/a><\/strong><\/li>\n<li><strong><a href=\"http:\/\/www2.unifap.br\/ead\/files\/2017\/11\/Lista-Classificados-e-Nota-Curriculo__RETIFICA\u00c7AO_-Macap\u00e1.pdf\">RETIFICA\u00c7\u00c3O &#8211; AN\u00c1LISE DO CURR\u00cdCULO \u2013 POLO MACAP\u00c1<br \/>\n<\/a><\/strong><\/li>\n<li><strong><a href=\"http:\/\/www2.unifap.br\/ead\/files\/2017\/11\/Lista-Classificados-e-Nota-Curriculo_Macap\u00e1.pdf\">AN\u00c1LISE DO CURR\u00cdCULO \u2013 POLO MACAP\u00c1<br \/>\n<\/a><\/strong><\/li>\n<li><strong><a href=\"http:\/\/www2.unifap.br\/ead\/files\/2017\/11\/Lista-Classificados-e-Nota-Curriculo_Santana.pdf\">AN\u00c1LISE DO CURR\u00cdCULO \u2013 POLO SANTANA<br \/>\n<\/a><\/strong><\/li>\n<li><strong><a href=\"http:\/\/www2.unifap.br\/ead\/files\/2017\/11\/Lista-Classificados-e-Nota-Curriculo_Vitoria-do-Jari.pdf\">AN\u00c1LISE DO CURR\u00cdCULO \u2013 POLO VIT\u00d3RIA DO JARI<br \/>\n<\/a><\/strong><\/li>\n<li><strong><a href=\"http:\/\/www2.unifap.br\/ead\/files\/2017\/11\/Inscri\u00e7\u00f5es-Deferidas_Esp-Sociologia_Macap\u00e1.pdf\">INSCRI\u00c7\u00d5ES DEFERIDAS \u2013 POLO MACAP\u00c1<br \/>\n<\/a><\/strong><\/li>\n<li><strong><a href=\"http:\/\/www2.unifap.br\/ead\/files\/2017\/11\/Inscri\u00e7\u00f5es-Deferidas_Esp-Sociologia_Santana.pdf\">INSCRI\u00c7\u00d5ES DEFERIDAS \u2013 POLO SANTANA<br \/>\n<\/a><\/strong><\/li>\n<li><strong><a href=\"http:\/\/www2.unifap.br\/ead\/files\/2017\/11\/Inscri\u00e7\u00f5es-Deferidas_Esp-Sociologia_Vit-Jari.pdf\">INSCRI\u00c7\u00d5ES DEFERIDAS \u2013 POLO VIT\u00d3RIA DO JARI<br \/>\n<\/a><\/strong><\/li>\n<li><strong><a href=\"http:\/\/www2.unifap.br\/ead\/files\/2017\/10\/Retifica\u00e7\u00e3o-Sociologia.pdf\">RETIFICA\u00c7\u00d5ES<br \/>\n<\/a><\/strong><\/li>\n<li><strong><a href=\"http:\/\/www2.unifap.br\/ead\/files\/2017\/09\/EDITAL-N-172017-DPGDEADUNIFAp.pdf\">EDITAL PSS ESP. EM SOCIOLOGIA\u00a0<\/a>\u00a0(18\/09\/2017) &#8211;<br \/>\n<\/strong><\/li>\n<li><strong>Inscri\u00e7\u00f5es:\u00a002 a 09\/10\/2017.<\/strong><\/li>\n<\/ul>\n","protected":false},"excerpt":{"rendered":"<p>PROCESSO SELETIVO SIMPLIFICADO PARA SELE\u00c7\u00c3O DE ALUNOS PARA O CURSO DE ESPECIALIZA\u00c7\u00c3O EM ENSINO DE SOCIOLOGIA NO ENSINO M\u00c9DIO &#8211; MODALIDADE \u00c0 DIST\u00c2NCIA. O Coordenador do Departamento de Educa\u00e7\u00e3o a&#8230;<\/p>\n","protected":false},"author":812,"featured_media":0,"parent":0,"menu_order":0,"comment_status":"closed","ping_status":"closed","template":"","meta":{"inline_featured_image":false,"ngg_post_thumbnail":0,"footnotes":""},"class_list":["post-17420","page","type-page","status-publish","hentry","entry"],"_links":{"self":[{"href":"http:\/\/www2.unifap.br\/ead\/wp-json\/wp\/v2\/pages\/17420","targetHints":{"allow":["GET"]}}],"collection":[{"href":"http:\/\/www2.unifap.br\/ead\/wp-json\/wp\/v2\/pages"}],"about":[{"href":"http:\/\/www2.unifap.br\/ead\/wp-json\/wp\/v2\/types\/page"}],"author":[{"embeddable":true,"href":"http:\/\/www2.unifap.br\/ead\/wp-json\/wp\/v2\/users\/812"}],"replies":[{"embeddable":true,"href":"http:\/\/www2.unifap.br\/ead\/wp-json\/wp\/v2\/comments?post=17420"}],"version-history":[{"count":28,"href":"http:\/\/www2.unifap.br\/ead\/wp-json\/wp\/v2\/pages\/17420\/revisions"}],"predecessor-version":[{"id":17645,"href":"http:\/\/www2.unifap.br\/ead\/wp-json\/wp\/v2\/pages\/17420\/revisions\/17645"}],"wp:attachment":[{"href":"http:\/\/www2.unifap.br\/ead\/wp-json\/wp\/v2\/media?parent=17420"}],"curies":[{"name":"wp","href":"https:\/\/api.w.org\/{rel}","templated":true}]}}