{"id":17443,"date":"2017-09-27T11:22:51","date_gmt":"2017-09-27T14:22:51","guid":{"rendered":"http:\/\/www2.unifap.br\/ead\/?page_id=17443"},"modified":"2017-10-02T11:29:21","modified_gmt":"2017-10-02T14:29:21","slug":"processo-seletivo-simplificado-ead-2017","status":"publish","type":"page","link":"http:\/\/www2.unifap.br\/ead\/processo-seletivo-simplificado-ead-2017\/","title":{"rendered":"Processo Seletivo Simplificado &#8211; EAD 2017"},"content":{"rendered":"<h1 style=\"text-align: center\" align=\"Justify\"><b>Processo Seletivo Simplificado &#8211; EAD 2017<\/b><\/h1>\n<p align=\"Justify\"><span style=\"font-family: Verdana;font-size: small\"><b>A Pr\u00f3-Reitora de Ensino e Gradua\u00e7\u00e3o da Universidade Federal do Amap\u00e1 (UNIFAP)<\/b>, no uso de suas atribui\u00e7\u00f5es regimentais, atrav\u00e9s do Departamento de Educa\u00e7\u00e3o a Dist\u00e2ncia (DEaD), considerando o disposto na lei n\u00ba 12.711\/2012, regulamentada pelo decreto n\u00ba 7.824\/2012, lei n\u00ba 12.799\/2013, decreto n\u00ba 5.800\/2006, decreto n\u00ba 9.057\/2017, decreto n.\u00ba 3.298\/1999, Resolu\u00e7\u00e3o n\u00ba 027\/2006 &#8211; CONSU\/UNIFAP e Resolu\u00e7\u00e3o n\u00ba 015\/2009 &#8211; CONSU\/UNIFAP, torna p\u00fablico o Edital de Abertura para inscri\u00e7\u00f5es no\u00a0<b>Processo Seletivo Simplificado &#8211; EAD 2017<\/b>, para ingresso ao Ensino Superior na modalidade &#8220;Educa\u00e7\u00e3o a Dist\u00e2ncia&#8221; nos seguintes cursos:\u00a0<b>Licenciatura em Letras\/Portugu\u00eas, Licenciatura Letras\/Ingl\u00eas, Licenciatura em Matem\u00e1tica, Licenciatura em Sociologia e Licenciatura em Educa\u00e7\u00e3o F\u00edsica<\/b>, a serem ofertados nos polos de Apoio Presencial da Universidade Aberta do Brasil &#8211;\u00a0<b>UAB de Macap\u00e1, Santana, Oiapoque e Vit\u00f3ria do Jari<\/b>.<\/span><\/p>\n<p><span style=\"color: #ff0000;font-family: verdana;font-size: small\">Per\u00edodo de Inscri\u00e7\u00e3o:\u00a0<\/span><span style=\"font-family: Verdana;font-size: small\">02\/10\/2017 \u00e0 16\/10\/2017<\/span><\/p>\n<p>Inscri\u00e7\u00e3o no link:<a href=\"https:\/\/depsec.unifap.br\/index.php?c=pss_ead17\">\u00a0<strong>https:\/\/depsec.unifap.br\/index.php?c=pss_ead17<\/strong><\/a><\/p>\n<p><strong>Documentos para download:\u00a0<a href=\"http:\/\/www2.unifap.br\/ead\/files\/2017\/09\/EDITAL-PSS-EAD-2017.pdf\">EDITAL PSS EAD <\/a>\u00a027\/09\/2017<\/strong> &#8211;<strong>\u00a0<span style=\"color: #800000\"><span style=\"color: #ff0000\">(Novo)<\/span>\u00a0<\/span><\/strong><\/p>\n","protected":false},"excerpt":{"rendered":"<p>Processo Seletivo Simplificado &#8211; EAD 2017 A Pr\u00f3-Reitora de Ensino e Gradua\u00e7\u00e3o da Universidade Federal do Amap\u00e1 (UNIFAP), no uso de suas atribui\u00e7\u00f5es regimentais, atrav\u00e9s do Departamento de Educa\u00e7\u00e3o a&#8230;<\/p>\n","protected":false},"author":812,"featured_media":0,"parent":0,"menu_order":0,"comment_status":"closed","ping_status":"closed","template":"","meta":{"inline_featured_image":false,"ngg_post_thumbnail":0,"footnotes":""},"class_list":["post-17443","page","type-page","status-publish","hentry","entry"],"_links":{"self":[{"href":"http:\/\/www2.unifap.br\/ead\/wp-json\/wp\/v2\/pages\/17443","targetHints":{"allow":["GET"]}}],"collection":[{"href":"http:\/\/www2.unifap.br\/ead\/wp-json\/wp\/v2\/pages"}],"about":[{"href":"http:\/\/www2.unifap.br\/ead\/wp-json\/wp\/v2\/types\/page"}],"author":[{"embeddable":true,"href":"http:\/\/www2.unifap.br\/ead\/wp-json\/wp\/v2\/users\/812"}],"replies":[{"embeddable":true,"href":"http:\/\/www2.unifap.br\/ead\/wp-json\/wp\/v2\/comments?post=17443"}],"version-history":[{"count":2,"href":"http:\/\/www2.unifap.br\/ead\/wp-json\/wp\/v2\/pages\/17443\/revisions"}],"predecessor-version":[{"id":17452,"href":"http:\/\/www2.unifap.br\/ead\/wp-json\/wp\/v2\/pages\/17443\/revisions\/17452"}],"wp:attachment":[{"href":"http:\/\/www2.unifap.br\/ead\/wp-json\/wp\/v2\/media?parent=17443"}],"curies":[{"name":"wp","href":"https:\/\/api.w.org\/{rel}","templated":true}]}}