{"id":17500,"date":"2017-10-23T11:33:31","date_gmt":"2017-10-23T14:33:31","guid":{"rendered":"http:\/\/www2.unifap.br\/ead\/?page_id=17500"},"modified":"2019-09-24T16:15:11","modified_gmt":"2019-09-24T19:15:11","slug":"17500-2","status":"publish","type":"page","link":"http:\/\/www2.unifap.br\/ead\/17500-2\/","title":{"rendered":"ESPECIALIZA\u00c7\u00c3O DE POL\u00cdTICAS DE PROMO\u00c7\u00c3O DA IGUALDADE RACIAL NA ESCOLA"},"content":{"rendered":"<p style=\"text-align: center\"><a href=\"http:\/\/www2.unifap.br\/ead\/files\/2017\/10\/UNIAFRO_PSS_SITE.png\"><img fetchpriority=\"high\" decoding=\"async\" class=\"wp-image-17499 aligncenter\" src=\"http:\/\/www2.unifap.br\/ead\/files\/2017\/10\/UNIAFRO_PSS_SITE.png\" alt=\"UNIAFRO_PSS_SITE\" width=\"1080\" height=\"329\" srcset=\"http:\/\/www2.unifap.br\/ead\/files\/2017\/10\/UNIAFRO_PSS_SITE.png 3000w, http:\/\/www2.unifap.br\/ead\/files\/2017\/10\/UNIAFRO_PSS_SITE-300x91.png 300w, http:\/\/www2.unifap.br\/ead\/files\/2017\/10\/UNIAFRO_PSS_SITE-1024x312.png 1024w, http:\/\/www2.unifap.br\/ead\/files\/2017\/10\/UNIAFRO_PSS_SITE-250x76.png 250w, http:\/\/www2.unifap.br\/ead\/files\/2017\/10\/UNIAFRO_PSS_SITE-150x45.png 150w\" sizes=\"(max-width: 1080px) 100vw, 1080px\" \/><\/a><\/p>\n<p style=\"text-align: center\">O Coordenador do Departamento de Educa\u00e7\u00e3o a distancia e do Programa Universidade Aberta do Brasil no Amap\u00e1 e a Coordenadora do UNIAFRO, no uso de suas atribui\u00e7\u00f5es legais e estatut\u00e1rias, tornam p\u00fablico pelo presente Edital as normas do <b>PROCESSO SELETIVO DE INGRESSO DE ALUNOS<\/b> para oferta do Curso de <b>especializa\u00e7\u00e3o em Pol\u00edticas de Promo\u00e7\u00e3o da Igualdade Racial na Escola &#8211; UNIAFRO &#8211; Modalidade Presencial e a Dist\u00e2ncia, aprovada pela Resolu\u00e7\u00e3o 019\/2015 \u2013 CONSU<\/b><\/p>\n<p>Per\u00edodo de Inscri\u00e7\u00e3o:&nbsp;<b>03\/11\/2017 \u00e0 21\/11\/2017<\/b><\/p>\n<ul>\n<li><strong><a href=\"http:\/\/www2.unifap.br\/ead\/files\/2017\/10\/RESULTADO-FINAL-UNIAFRO.pdf\">RESULTADO FINAL (LISTA DE APROVADOS) &#8211; UNIAFRO<\/a>&nbsp;<span style=\"color: #ff0000\">(NOVO)<\/span><\/strong><\/li>\n<li><strong><a href=\"http:\/\/www2.unifap.br\/ead\/files\/2017\/12\/RESULTADO-PROVIS%C3%93RIO-UNIAFRO.pdf\">RESULTADO PROVIS\u00d3RIO <\/a><span style=\"color: #ff0000\"><br \/>\n<\/span><\/strong><\/li>\n<li><strong><a href=\"http:\/\/www2.unifap.br\/ead\/files\/2017\/12\/INSCRI%C3%87%C3%95ES-DEFERIDAS-E-INDEFERIDAS-MACAP%C3%81-RETIFICA%C3%87%C3%83O.pdf\">INSCRI\u00c7\u00d5ES DEFERIDAS E INDEFERIDAS &#8211; RETIFICA\u00c7\u00c3O <\/a><span style=\"color: #ff0000\"><br \/>\n<\/span><\/strong><\/li>\n<li><strong><a href=\"http:\/\/www2.unifap.br\/ead\/files\/2017\/10\/UNIAFRO-.pdf\">RETIFICA\u00c7\u00c3O <\/a><\/strong><\/li>\n<li><strong><a href=\"http:\/\/www2.unifap.br\/ead\/files\/2017\/11\/INSCRI\u00c7\u00d5ES-DEFERIDAS-E-INDEFERIDAS-MACAP\u00c1.pdf\">INSCRI\u00c7\u00d5ES DEFERIDAS E INDEFERIDAS &#8211; POLO MACAP\u00c1<br \/>\n<\/a><\/strong><\/li>\n<li><strong><a href=\"http:\/\/www2.unifap.br\/ead\/files\/2017\/11\/INSCRI\u00c7\u00d5ES-DEFERIDAS-E-INDEFERIDAS-SANTANA.pdf\">INSCRI\u00c7\u00d5ES DEFERIDAS E INDEFERIDAS &#8211; POLO SANTANA<span style=\"color: #ff0000\">&nbsp;<\/span><br \/>\n<\/a><\/strong><\/li>\n<li><strong><a href=\"http:\/\/www2.unifap.br\/ead\/files\/2017\/11\/INSCRI\u00c7\u00d5ES-DEFERIDAS-E-INDEFERIDAS-OIAPOQUE.pdf\">LISTA DOS APROVADOS &#8211; POLO OIAPOQUE<br \/>\n<\/a><\/strong><\/li>\n<\/ul>\n<h5><span style=\"color: #000000\"><b>*<\/b><\/span>O candidato dever\u00e1 preencher o formul\u00e1rio de inscri\u00e7\u00e3o <i>online<\/i>, e entregar at\u00e9 o dia <b>21 de Novembro de 2017 da 8:00 as 12:00 e das 14:00 \u00e0s 18:00 horas.<\/b><\/h5>\n<ul>\n<li>\n<h3><a href=\"http:\/\/www2.unifap.br\/ead\/files\/2017\/11\/Retifica\u00e7\u00e3o-do-edital.pdf\">RETIFICA\u00c7\u00c3O \u2013 UNIAFRO<\/a><\/h3>\n<\/li>\n<\/ul>\n<p><strong>Documentos para download:&nbsp;<a href=\"http:\/\/www2.unifap.br\/ead\/files\/2017\/10\/Edital_Especializao_UNIAFRO_2017.pdf\">Edital_Especializao_UNIAFRO_2017<\/a>&nbsp;23\/10\/2017<\/strong>&nbsp;&#8211;<strong>&nbsp;<span style=\"color: #ff0000\">(Novo)&nbsp;<\/span><\/strong><\/p>\n","protected":false},"excerpt":{"rendered":"<p>O Coordenador do Departamento de Educa\u00e7\u00e3o a distancia e do Programa Universidade Aberta do Brasil no Amap\u00e1 e a Coordenadora do UNIAFRO, no uso de suas atribui\u00e7\u00f5es legais e estatut\u00e1rias,&#8230;<\/p>\n","protected":false},"author":812,"featured_media":0,"parent":0,"menu_order":0,"comment_status":"closed","ping_status":"closed","template":"","meta":{"inline_featured_image":false,"ngg_post_thumbnail":0,"footnotes":""},"class_list":["post-17500","page","type-page","status-publish","hentry","entry"],"_links":{"self":[{"href":"http:\/\/www2.unifap.br\/ead\/wp-json\/wp\/v2\/pages\/17500","targetHints":{"allow":["GET"]}}],"collection":[{"href":"http:\/\/www2.unifap.br\/ead\/wp-json\/wp\/v2\/pages"}],"about":[{"href":"http:\/\/www2.unifap.br\/ead\/wp-json\/wp\/v2\/types\/page"}],"author":[{"embeddable":true,"href":"http:\/\/www2.unifap.br\/ead\/wp-json\/wp\/v2\/users\/812"}],"replies":[{"embeddable":true,"href":"http:\/\/www2.unifap.br\/ead\/wp-json\/wp\/v2\/comments?post=17500"}],"version-history":[{"count":19,"href":"http:\/\/www2.unifap.br\/ead\/wp-json\/wp\/v2\/pages\/17500\/revisions"}],"predecessor-version":[{"id":21252,"href":"http:\/\/www2.unifap.br\/ead\/wp-json\/wp\/v2\/pages\/17500\/revisions\/21252"}],"wp:attachment":[{"href":"http:\/\/www2.unifap.br\/ead\/wp-json\/wp\/v2\/media?parent=17500"}],"curies":[{"name":"wp","href":"https:\/\/api.w.org\/{rel}","templated":true}]}}