{"id":17662,"date":"2017-12-19T09:48:25","date_gmt":"2017-12-19T12:48:25","guid":{"rendered":"http:\/\/www2.unifap.br\/ead\/?page_id=17662"},"modified":"2019-04-03T12:03:12","modified_gmt":"2019-04-03T15:03:12","slug":"licenciatura-plena-em-matematica-chamada-para-professores","status":"publish","type":"page","link":"http:\/\/www2.unifap.br\/ead\/licenciatura-plena-em-matematica-chamada-para-professores\/","title":{"rendered":"LICENCIATURA PLENA EM MATEM\u00c1TICA &#8211; CHAMADA PARA PROFESSORES"},"content":{"rendered":"<p style=\"text-align: center\"><strong>CHAMADA INTERNA E EXTERNA PARA PROFESSOR FORMADOR DO CURSO DE LICENCIATURA PLENA EM MATEM\u00c1TICA &#8211;&nbsp;<\/strong><strong>MODALIDADE \u00c0 DIST\u00c2NCIA&nbsp;<\/strong><\/p>\n<ul>\n<li><strong><a href=\"http:\/\/www2.unifap.br\/ead\/files\/2018\/02\/RESULTADO-FINAL.pdf\">RESULTADO FINAL<\/a> (09\/02\/2018) &#8211; <strong><span style=\"color: #ff0000\">Novo<\/span><\/strong><\/strong><\/li>\n<li><strong><a href=\"http:\/\/www2.unifap.br\/ead\/files\/2018\/02\/2\u00aa-ETAPA-INSTRU\u00c7\u00c3O-NA-PLATAFORMA-1.pdf\">LISTA DOS CLASSIFICADOS<\/a> (07\/02\/2018) &#8211; <\/strong><\/li>\n<li><strong><a href=\"http:\/\/www2.unifap.br\/ead\/files\/2018\/01\/2\u00aa-ETAPA-INSTRU\u00c7\u00c3O-NA-PLATAFORMA.pdf\">2\u00aa ETAPA \u2013 INSTRU\u00c7\u00c3O NA PLATAFORMA<\/a> (31\/01\/2018) &#8211; <\/strong><\/li>\n<li><strong><a href=\"http:\/\/www2.unifap.br\/ead\/files\/2018\/01\/RESULTADO_DA_1_ETAPA-1.pdf\">RESULTADO DA 1\u00aa ETAPA<\/a> (29\/01\/2018) &#8211; <\/strong><\/li>\n<li><strong><a href=\"http:\/\/www2.unifap.br\/ead\/files\/2018\/01\/RECURSO.pdf\">RESULTADO DO RECURSO<\/a> (24\/01\/2018) &#8211; <\/strong><\/li>\n<li><strong><a href=\"http:\/\/www2.unifap.br\/ead\/files\/2018\/01\/Inscries_Homologadas_-_Professor_2018_novo.pdf\">INSCRI\u00c7\u00d5ES HOMOLOGADAS<\/a> (22\/01\/2018) &#8211; <\/strong><\/li>\n<li><a href=\"http:\/\/www2.unifap.br\/ead\/files\/2018\/01\/RETIFICAO_da_chamada-1.pdf\">RETIFICA\u00c7\u00c3O &#8211; Chamada Interna e externa &#8211; Matem\u00e1tica<\/a> (16\/01\/2018) &#8211;<\/li>\n<li><a href=\"http:\/\/www2.unifap.br\/ead\/files\/2018\/01\/Anexo_II_-_03.01.pdf\">RETIFICA\u00c7\u00c3O &#8211; Anexo_II<\/a> (16\/01\/2018) &#8211;<\/li>\n<li><a href=\"http:\/\/www2.unifap.br\/ead\/files\/2018\/01\/Anexo_III_-_03.01.pdf\">RETIFICA\u00c7\u00c3O &#8211; Anexo_III<\/a> (16\/01\/2018) &#8211;<\/li>\n<li>Edital:&nbsp;<a href=\"http:\/\/www2.unifap.br\/ead\/files\/2017\/12\/Chamada-Interna-e-externa-Matem\u00e1tica.pdf\">Chamada Interna e externa &#8211; Matem\u00e1tica<\/a>&nbsp;(23\/12\/2017)&nbsp;&#8211;<\/li>\n<li><a href=\"http:\/\/www2.unifap.br\/ead\/files\/2017\/12\/Anexo_I1.pdf\">Anexo_I<\/a>&nbsp;(23\/12\/2017)&nbsp;&#8211;&nbsp;<strong>Novo<\/strong><\/li>\n<li><a href=\"http:\/\/www2.unifap.br\/ead\/files\/2017\/12\/Anexo_II.pdf\">Anexo_II<\/a>&nbsp;(23\/12\/2017)&nbsp;&#8211;&nbsp;<strong>Novo<\/strong><\/li>\n<li><a href=\"http:\/\/www2.unifap.br\/ead\/files\/2017\/12\/Anexo_III.pdf\">Anexo_III<\/a>&nbsp;(23\/12\/2017)&nbsp;&#8211;&nbsp;<strong>Novo<\/strong><\/li>\n<li><a href=\"http:\/\/www2.unifap.br\/ead\/files\/2017\/12\/Anexo_IV1.doc\">Anexo_IV<\/a>&nbsp;(23\/12\/2017)&nbsp;&#8211;&nbsp;<strong>Novo<\/strong><\/li>\n<li>Inscri\u00e7\u00f5es:<a href=\"http:\/\/www2.unifap.br\/ead\/inscricoes-para-professor-de-licenciatura-em-matematica\/\"> AQUI<\/a><\/li>\n<\/ul>\n","protected":false},"excerpt":{"rendered":"<p>CHAMADA INTERNA E EXTERNA PARA PROFESSOR FORMADOR DO CURSO DE LICENCIATURA PLENA EM MATEM\u00c1TICA &#8211;&nbsp;MODALIDADE \u00c0 DIST\u00c2NCIA&nbsp; RESULTADO FINAL (09\/02\/2018) &#8211; Novo LISTA DOS CLASSIFICADOS (07\/02\/2018) &#8211; 2\u00aa ETAPA \u2013&#8230;<\/p>\n","protected":false},"author":812,"featured_media":0,"parent":0,"menu_order":0,"comment_status":"closed","ping_status":"closed","template":"fullwidth.php","meta":{"inline_featured_image":false,"ngg_post_thumbnail":0,"footnotes":""},"class_list":["post-17662","page","type-page","status-publish","hentry","entry"],"_links":{"self":[{"href":"http:\/\/www2.unifap.br\/ead\/wp-json\/wp\/v2\/pages\/17662","targetHints":{"allow":["GET"]}}],"collection":[{"href":"http:\/\/www2.unifap.br\/ead\/wp-json\/wp\/v2\/pages"}],"about":[{"href":"http:\/\/www2.unifap.br\/ead\/wp-json\/wp\/v2\/types\/page"}],"author":[{"embeddable":true,"href":"http:\/\/www2.unifap.br\/ead\/wp-json\/wp\/v2\/users\/812"}],"replies":[{"embeddable":true,"href":"http:\/\/www2.unifap.br\/ead\/wp-json\/wp\/v2\/comments?post=17662"}],"version-history":[{"count":38,"href":"http:\/\/www2.unifap.br\/ead\/wp-json\/wp\/v2\/pages\/17662\/revisions"}],"predecessor-version":[{"id":20727,"href":"http:\/\/www2.unifap.br\/ead\/wp-json\/wp\/v2\/pages\/17662\/revisions\/20727"}],"wp:attachment":[{"href":"http:\/\/www2.unifap.br\/ead\/wp-json\/wp\/v2\/media?parent=17662"}],"curies":[{"name":"wp","href":"https:\/\/api.w.org\/{rel}","templated":true}]}}