{"id":17739,"date":"2018-01-05T16:08:28","date_gmt":"2018-01-05T19:08:28","guid":{"rendered":"http:\/\/www2.unifap.br\/ead\/?page_id=17739"},"modified":"2018-01-09T16:37:58","modified_gmt":"2018-01-09T19:37:58","slug":"pss-docencia-penitenciaria","status":"publish","type":"page","link":"http:\/\/www2.unifap.br\/ead\/pss-docencia-penitenciaria\/","title":{"rendered":"PSS DOC\u00caNCIA PENITENCI\u00c1RIA"},"content":{"rendered":"<h2><strong>PROCESSO SELETIVO SIMPLIFICADO PARA SELE\u00c7\u00c3O DE ALUNOS PARA O CURSO DE ESPECIALIZA\u00c7\u00c3O EM DOC\u00caNCIA PARA EDUCA\u00c7\u00c3O PENITENCI\u00c1RIA &#8211; MODALIDADE EDUCA\u00c7\u00c3O \u00c0 DIST\u00c2NCIA.<\/strong><\/h2>\n<p>O Coordenador do Departamento de Educa\u00e7\u00e3o \u00e0 Dist\u00e2ncia e do Programa Universidade Aberta do Brasil no Amap\u00e1, a Coordenadora do Curso de Especializa\u00e7\u00e3o em Doc\u00eancia para Educa\u00e7\u00e3o Penitenci\u00e1ria e o Diretor do Departamento de P\u00f3s-Gradua\u00e7\u00e3o, no uso de suas atribui\u00e7\u00f5es legais e estatut\u00e1rias, tornam p\u00fablico pelo presente Edital as normas do Processo Seletivo para Ingresso de Estudantes na 1\u00aa oferta do Curso de Especializa\u00e7\u00e3o em Doc\u00eancia para Educa\u00e7\u00e3o Penitenci\u00e1ria &#8211; Modalidade Educa\u00e7\u00e3o \u00e0 Dist\u00e2ncia aprovado pela Resolu\u00e7\u00e3o N\u00ba 16\/2017.<\/p>\n<ul>\n<li><a href=\"http:\/\/www2.unifap.br\/ead\/files\/2018\/01\/RESULTADO-DEFINITVO-Doc\u00eancia-Penitenciaria-RETIFICADO.pdf\"><strong>RETIFICA\u00c7\u00c3O &#8211; RESULTADO DOS INSCRITOS DA PRORROGA\u00c7\u00c3O &#8211; <span style=\"color: #ff0000\">05\/01\/2018 (Novo)<\/span> <\/strong><\/a><\/li>\n<li><a href=\"http:\/\/www2.unifap.br\/ead\/files\/2017\/09\/Resultado-dos-inscritos-da-prorroga\u00e7\u00e3o.pdf\"><strong>RESULTADO DOS INSCRITOS DA PRORROGA\u00c7\u00c3O &#8211; 05\/01\/2018 (Novo)\u00a0\u00a0<\/strong><\/a><\/li>\n<li><a href=\"http:\/\/www2.unifap.br\/ead\/especializacao-em-docencia-universitaria-inscricao\/\"><strong>PRORROGADA AS INSCRI\u00c7\u00d5ES: 29 de dezembro a 04 de Janeiro.<\/strong><\/a><\/li>\n<li><strong><a href=\"http:\/\/www2.unifap.br\/ead\/files\/2017\/09\/FICHA-DE-MATR\u00cdCULA-DA-P\u00d3S.pdf\">FICHA DE MATR\u00cdCULA\u00a0<\/a><br \/>\n<\/strong><\/li>\n<li><strong><a href=\"http:\/\/www2.unifap.br\/ead\/files\/2017\/11\/CONVOCA%C3%87AO-ESPECIALIZA%C3%87%C3%83O-EM-DOC%C3%8ANCIA-PARA-EDUCA%C3%87%C3%83O.pdf\">CONVOCA\u00c7\u00c3O<\/a><br \/>\n<\/strong><\/li>\n<li><strong><a href=\"http:\/\/www2.unifap.br\/ead\/files\/2017\/09\/Resultado-educa\u00e7\u00e3o-penitenci\u00e1ria-RETIFICA\u00c7\u00c3O.pdf\">RESULTADO &#8211; EDUCA\u00c7\u00c3O PENITENCI\u00c1RIA RETIFICA\u00c7\u00c3O<\/a>\u00a0<\/strong><\/li>\n<\/ul>\n<ul>\n<li><strong><a href=\"http:\/\/www2.unifap.br\/ead\/files\/2017\/11\/Resultado-educa\u00e7\u00e3o-penitenci\u00e1ria.pdf\">RESULTADO DE INSCRI\u00c7\u00d5ES<\/a><\/strong><\/li>\n<li><strong><a href=\"http:\/\/www2.unifap.br\/ead\/files\/2017\/10\/Retifica\u00e7\u00e3o-do-Edital_17_10_2017-1.pdf\">RETIFICA\u00c7\u00c3O<\/a><\/strong><\/li>\n<li><a href=\"http:\/\/www2.unifap.br\/ead\/files\/2017\/09\/EDITAL-Especializa\u00e7\u00e3o-em-Doc\u00eancia-para-Educa\u00e7\u00e3o-Penitenci\u00e1ria.pdf\">EDITAL-Especializa\u00e7\u00e3o em Doc\u00eancia para Educa\u00e7\u00e3o Penitenci\u00e1ria<\/a><\/li>\n<\/ul>\n","protected":false},"excerpt":{"rendered":"<p>PROCESSO SELETIVO SIMPLIFICADO PARA SELE\u00c7\u00c3O DE ALUNOS PARA O CURSO DE ESPECIALIZA\u00c7\u00c3O EM DOC\u00caNCIA PARA EDUCA\u00c7\u00c3O PENITENCI\u00c1RIA &#8211; MODALIDADE EDUCA\u00c7\u00c3O \u00c0 DIST\u00c2NCIA. O Coordenador do Departamento de Educa\u00e7\u00e3o \u00e0 Dist\u00e2ncia&#8230;<\/p>\n","protected":false},"author":812,"featured_media":0,"parent":0,"menu_order":0,"comment_status":"closed","ping_status":"closed","template":"","meta":{"inline_featured_image":false,"ngg_post_thumbnail":0,"footnotes":""},"class_list":["post-17739","page","type-page","status-publish","hentry","entry"],"_links":{"self":[{"href":"http:\/\/www2.unifap.br\/ead\/wp-json\/wp\/v2\/pages\/17739","targetHints":{"allow":["GET"]}}],"collection":[{"href":"http:\/\/www2.unifap.br\/ead\/wp-json\/wp\/v2\/pages"}],"about":[{"href":"http:\/\/www2.unifap.br\/ead\/wp-json\/wp\/v2\/types\/page"}],"author":[{"embeddable":true,"href":"http:\/\/www2.unifap.br\/ead\/wp-json\/wp\/v2\/users\/812"}],"replies":[{"embeddable":true,"href":"http:\/\/www2.unifap.br\/ead\/wp-json\/wp\/v2\/comments?post=17739"}],"version-history":[{"count":5,"href":"http:\/\/www2.unifap.br\/ead\/wp-json\/wp\/v2\/pages\/17739\/revisions"}],"predecessor-version":[{"id":17749,"href":"http:\/\/www2.unifap.br\/ead\/wp-json\/wp\/v2\/pages\/17739\/revisions\/17749"}],"wp:attachment":[{"href":"http:\/\/www2.unifap.br\/ead\/wp-json\/wp\/v2\/media?parent=17739"}],"curies":[{"name":"wp","href":"https:\/\/api.w.org\/{rel}","templated":true}]}}