{"id":17825,"date":"2018-02-02T17:25:47","date_gmt":"2018-02-02T20:25:47","guid":{"rendered":"http:\/\/www2.unifap.br\/ead\/?page_id=17825"},"modified":"2019-04-03T12:01:26","modified_gmt":"2019-04-03T15:01:26","slug":"processo-seletivo-para-tutor-do-curso-de-educacao-fisica-ead","status":"publish","type":"page","link":"http:\/\/www2.unifap.br\/ead\/processo-seletivo-para-tutor-do-curso-de-educacao-fisica-ead\/","title":{"rendered":"Processo seletivo para Tutor do Curso de Educa\u00e7\u00e3o F\u00edsica &#8211; EAD"},"content":{"rendered":"<p style=\"text-align: CENTER\"><strong>CHAMADA INTERNA E EXTERNA PARA TUTOR DO CURSO DE LICENCIATURA PLENA EM EDUCA\u00c7\u00c3O F\u00cdSICA \u2013 MODALIDADE \u00c0 DIST\u00c2NCIA &#8211; POLOS MACAP\u00c1 E OIAPOQUE &#8211; AP<\/strong><\/p>\n<ul>\n<li><span style=\"color: #000000\"><strong>&#8211;&nbsp;<a href=\"http:\/\/www2.unifap.br\/ead\/files\/2018\/02\/Convoca\u00e7\u00e3o-EDUCA\u00c7\u00c3O-F\u00cdSICA.pdf\"><span style=\"color: #000000\">2\u00aa CONVOCA\u00c7\u00c3O: EDUCA\u00c7\u00c3O F\u00cdSICA &#8211; 25.05.2018 <span style=\"color: #ff0000\">(Novo)<\/span><\/span><\/a><\/strong><\/span><\/li>\n<li><span style=\"color: #000000\"><strong>&#8211;&nbsp;<a href=\"http:\/\/www2.unifap.br\/ead\/files\/2018\/02\/Convoca\u00e7\u00e3o-EDUCA\u00c7\u00c3O-F\u00cdSICA.pdf\"><span style=\"color: #000000\">1\u00aa CONVOCA\u00c7\u00c3O: EDUCA\u00c7\u00c3O F\u00cdSICA &#8211; 11.05.2018 <\/span><\/a><\/strong><\/span><\/li>\n<li><span style=\"color: #000000\"><strong>&#8211;&nbsp;<a href=\"http:\/\/www2.unifap.br\/ead\/files\/2018\/02\/RESULTADO-FINAL-AP\u00d3S-RECURSO.pdf\"><span style=\"color: #000000\">RESULTADO FINAL AP\u00d3S RECURSO<\/span><\/a>&nbsp;(16\/04\/2018)<\/strong><\/span><\/li>\n<li><span style=\"color: #000000\"><strong>&#8211;<a href=\"http:\/\/www2.unifap.br\/ead\/files\/2018\/03\/RESULTADO-OIAPOQUE.pdf\"><span style=\"color: #000000\">RESULTADO FINAL PARA TUTOR PRESENCIAL \u2013 OIAPOQUE<\/span><\/a> (27\/02\/2018)<\/strong><\/span><\/li>\n<li><span style=\"color: #000000\"><strong> &#8211;<a href=\"http:\/\/www2.unifap.br\/ead\/files\/2018\/02\/RESULTADO-FINAL-1.pdf\"><span style=\"color: #000000\">RESULTADO FINAL<\/span><\/a> (27\/02\/2018)<\/strong><\/span><\/li>\n<li><span style=\"color: #000000\"><strong> &#8211;<a href=\"http:\/\/www2.unifap.br\/ead\/files\/2018\/02\/RESULTADO-PARCIAL-DA-ENTREVISTA-CARTA-E-CURRICULO-DOS-CANDIDATOS-A-TUTOR-MACAPA-E-OIAPOQUE.pdf\"><span style=\"color: #000000\">RESULTADO PARCIAL DA ENTREVISTA, CARTA DE INTEN\u00c7\u00c3O E CURR\u00cdCULO DOS CANDIDATOS A TUTOR MACAPA E OIAPOQUE<\/span><\/a> (22\/02\/2018)<\/strong><\/span><\/li>\n<li><span style=\"color: #000000\"><strong> &#8211;<a href=\"http:\/\/www2.unifap.br\/ead\/files\/2018\/02\/RETIFICA\u00c7\u00c3O-01.pdf\"><span style=\"color: #000000\">RETIFICA\u00c7\u00c3O<\/span><\/a> (22\/02\/2018)<\/strong><\/span><\/li>\n<li><span style=\"color: #000000\"><strong> &#8211;<a href=\"http:\/\/www2.unifap.br\/ead\/files\/2018\/02\/HORARIO-DA-ENTREVISTA.pdf\"><span style=\"color: #000000\">DATA E HOR\u00c1RIO DAS ENTREVISTA &#8211; POLOS MACAP\u00c1 E OIAPOQUE<\/span><\/a> (16\/02\/2018)<\/strong><\/span><\/li>\n<li><span style=\"color: #000000\"><strong> &#8211;<a href=\"http:\/\/www2.unifap.br\/ead\/files\/2018\/02\/INSCRICOES-HOMOLOGADAS-MACAPA.pdf\"><span style=\"color: #000000\">INSCRI\u00c7\u00d5ES HOMOLOGADAS &#8211; POLO MACAP\u00c1<\/span><\/a> (15\/02\/2018)<\/strong><\/span><\/li>\n<li><span style=\"color: #000000\"><strong> &#8211;<a href=\"http:\/\/www2.unifap.br\/ead\/files\/2018\/02\/INSCRI\u00c7\u00d5ES-HOMOLOGADAS-Oiapoque.pdf\"><span style=\"color: #000000\">INSCRI\u00c7\u00d5ES HOMOLOGADAS &#8211; POLO OIAPOQUE<\/span><\/a> (15\/02\/2018)<\/strong><\/span><\/li>\n<li><span style=\"color: #000000\"><strong> &#8211;<a href=\"http:\/\/www2.unifap.br\/ead\/files\/2018\/02\/Chamada-interna-e-externa-MACAP\u00c1.pdf\"><span style=\"color: #000000\">EDITAL &#8211; POLO MACAP\u00c1<\/span><\/a> (02\/02\/2018)<\/strong><\/span><\/li>\n<li><span style=\"color: #000000\"><strong> &#8211;<a href=\"http:\/\/www2.unifap.br\/ead\/files\/2018\/02\/Chamada-interna-e-externa-Oiapoque-2018-1.pdf\"><span style=\"color: #000000\">EDITAL &#8211; POLO OIAPOQUE<\/span><\/a> (02\/02\/2018)<\/strong><\/span><\/li>\n<\/ul>\n","protected":false},"excerpt":{"rendered":"<p>CHAMADA INTERNA E EXTERNA PARA TUTOR DO CURSO DE LICENCIATURA PLENA EM EDUCA\u00c7\u00c3O F\u00cdSICA \u2013 MODALIDADE \u00c0 DIST\u00c2NCIA &#8211; POLOS MACAP\u00c1 E OIAPOQUE &#8211; AP &#8211;&nbsp;2\u00aa CONVOCA\u00c7\u00c3O: EDUCA\u00c7\u00c3O F\u00cdSICA &#8211;&#8230;<\/p>\n","protected":false},"author":435,"featured_media":0,"parent":0,"menu_order":0,"comment_status":"closed","ping_status":"closed","template":"fullwidth.php","meta":{"inline_featured_image":false,"ngg_post_thumbnail":0,"footnotes":""},"class_list":["post-17825","page","type-page","status-publish","hentry","entry"],"_links":{"self":[{"href":"http:\/\/www2.unifap.br\/ead\/wp-json\/wp\/v2\/pages\/17825","targetHints":{"allow":["GET"]}}],"collection":[{"href":"http:\/\/www2.unifap.br\/ead\/wp-json\/wp\/v2\/pages"}],"about":[{"href":"http:\/\/www2.unifap.br\/ead\/wp-json\/wp\/v2\/types\/page"}],"author":[{"embeddable":true,"href":"http:\/\/www2.unifap.br\/ead\/wp-json\/wp\/v2\/users\/435"}],"replies":[{"embeddable":true,"href":"http:\/\/www2.unifap.br\/ead\/wp-json\/wp\/v2\/comments?post=17825"}],"version-history":[{"count":24,"href":"http:\/\/www2.unifap.br\/ead\/wp-json\/wp\/v2\/pages\/17825\/revisions"}],"predecessor-version":[{"id":20724,"href":"http:\/\/www2.unifap.br\/ead\/wp-json\/wp\/v2\/pages\/17825\/revisions\/20724"}],"wp:attachment":[{"href":"http:\/\/www2.unifap.br\/ead\/wp-json\/wp\/v2\/media?parent=17825"}],"curies":[{"name":"wp","href":"https:\/\/api.w.org\/{rel}","templated":true}]}}