{"id":17855,"date":"2018-02-22T16:39:58","date_gmt":"2018-02-22T19:39:58","guid":{"rendered":"http:\/\/www2.unifap.br\/ead\/?page_id=17855"},"modified":"2019-03-28T09:41:20","modified_gmt":"2019-03-28T12:41:20","slug":"chamada-interna-e-externa-para-cadastro-reserva-para-tutor","status":"publish","type":"page","link":"http:\/\/www2.unifap.br\/ead\/chamada-interna-e-externa-para-cadastro-reserva-para-tutor\/","title":{"rendered":"Chamada Interna e Externa para Tutor a Dist\u00e2ncia ( 2018.1)"},"content":{"rendered":"<h2 style=\"text-align: center\"><strong>UNIVERSIDADE FEDERAL DO AMAP\u00c1<\/strong><br \/>\n<strong> DEPARTAMENTO DE EDUCA\u00c7\u00c3O A DIST\u00c2NCIA<\/strong><br \/>\n<strong> CHAMADA INTERNA E EXTERNA PARA CADASTRO RESERVA PARA TUTOR A DIST\u00c2NCIA<\/strong><\/h2>\n<h2 style=\"text-align: center\">Cursos: Licenciatura em Letras\/Portugu\u00eas, Licenciatura em Letras\/Ingl\u00eas, Licenciatura em Sociologia, Especializa\u00e7\u00e3o em Sociologia, Especializa\u00e7\u00e3o em Doc\u00eancia Penitenci\u00e1ria e Especializa\u00e7\u00e3o em Pol\u00edticas de Igualdade Racial.<\/h2>\n<ul>\n<li>\n<h3><strong><a href=\"http:\/\/www2.unifap.br\/ead\/files\/2019\/03\/CHAMADA-23-.pdf\">CHAMADA 23 <span style=\"color: #ff0000\">(NOVO 27.03.2019)<\/span><\/a><\/strong><\/h3>\n<\/li>\n<li>\n<h3><strong><a href=\"http:\/\/www2.unifap.br\/ead\/files\/2018\/02\/CHAMADA-22-.pdf\">CHAMADA 22 <span style=\"color: #808080\">(NOVO 28.01.2019)<\/span><\/a><\/strong><\/h3>\n<\/li>\n<li>\n<h3><strong><a href=\"http:\/\/www2.unifap.br\/ead\/files\/2018\/02\/CHAMADA-21-1.pdf\">CHAMADA <\/a>21 <span style=\"color: #808080\">(NOVO 15.01.2019)<\/span><\/strong><\/h3>\n<\/li>\n<li>\n<h3><strong><a href=\"http:\/\/www2.unifap.br\/ead\/files\/2018\/02\/CHAMADA-20-1.pdf\">CHAMADA 20 <span style=\"color: #888888\">09.012019 (NOVO)<\/span><\/a><\/strong><\/h3>\n<\/li>\n<li>\n<h3><strong><a href=\"http:\/\/www2.unifap.br\/ead\/files\/2018\/02\/RETIFICA\u00c7\u00c3O-DA-CHAMADA-12.pdf\">RETIFICA\u00c7\u00c3O DA CHAMADA 12 <span style=\"color: #888888\">(NOVO 07.12.2018)<\/span><\/a><\/strong><\/h3>\n<\/li>\n<li>\n<h3><strong><a href=\"http:\/\/www2.unifap.br\/ead\/files\/2018\/02\/CHAMADA-19-.pdf\">CHAMADA 19 <span style=\"color: #888888\">NOVO (04.12.2018)<\/span><\/a><\/strong><\/h3>\n<\/li>\n<li>\n<h3><strong><a href=\"http:\/\/www2.unifap.br\/ead\/files\/2018\/02\/CHAMADA-18-1.pdf\">CHAMADA 18 <span style=\"color: #888888\">29.11.2018 (NOVO)<\/span><\/a><\/strong><\/h3>\n<\/li>\n<li>\n<h3><strong><a href=\"http:\/\/www2.unifap.br\/ead\/files\/2018\/02\/CHAMADA-17-1.pdf\">CHAMADA 17 <span style=\"color: #888888\">RETIFICADO EM 24.10.2018<\/span><\/a><span style=\"color: #ff0000\"><br \/>\n<\/span><\/strong><\/h3>\n<\/li>\n<li>\n<h3><strong><a href=\"http:\/\/www2.unifap.br\/ead\/files\/2018\/02\/CHAMADA-16-.pdf\">CHAMADA 16 <span style=\"color: #ff0000\"><span style=\"color: #888888\">23.10.2018<\/span> <\/span><\/a><\/strong><\/h3>\n<\/li>\n<li>\n<h3><strong><a href=\"http:\/\/www2.unifap.br\/ead\/files\/2018\/02\/CHAMADA-15-1.pdf\">CHAMADA 15 <\/a><span style=\"color: #ff0000\"><a href=\"http:\/\/www2.unifap.br\/ead\/files\/2018\/02\/CHAMADA-15-1.pdf\"><span style=\"color: #ff0000\"><span style=\"color: #888888\">03.10.2018<\/span> <\/span><\/a><\/span><\/strong><\/h3>\n<\/li>\n<li>\n<h3><strong><a href=\"http:\/\/www2.unifap.br\/ead\/files\/2018\/02\/CHAMADA-14-.pdf\">CHAMADA 14 <span style=\"color: #888888\">25.09.2018\u00a0<\/span><\/a><\/strong><\/h3>\n<\/li>\n<li>\n<h3><strong><a href=\"http:\/\/www2.unifap.br\/ead\/files\/2018\/02\/CHAMADA-13-RETIFICA\u00c7\u00c3O.pdf\">RETIFICA\u00c7\u00c3O DA CHAMADA 13 <span style=\"color: #ff0000\"><span style=\"color: #888888\">25.09.2018<\/span> <\/span><\/a><\/strong><\/h3>\n<\/li>\n<li>\n<h3><strong><a href=\"http:\/\/www2.unifap.br\/ead\/files\/2018\/02\/CHAMADA-13-.pdf\">CHAMADA 13 <span style=\"color: #888888\">18.09.2018<\/span><\/a><\/strong><\/h3>\n<\/li>\n<li>\n<h3><strong><a href=\"http:\/\/www2.unifap.br\/ead\/files\/2018\/02\/C-O-N-V-O-C-A-\u00c7-\u00c3-O-12.pdf\">CHAMADA 12 <span style=\"color: #888888\">17.09.2018<\/span><\/a><\/strong><\/h3>\n<\/li>\n<li>\n<h3><strong><a href=\"http:\/\/www2.unifap.br\/ead\/files\/2018\/02\/CHAMADA-11-.pdf\">CHAMADA 11 <span style=\"color: #ff0000\"><span style=\"color: #888888\">12.09.2018<\/span> <\/span><\/a><\/strong><\/h3>\n<\/li>\n<li>\n<h3><strong><a href=\"http:\/\/www2.unifap.br\/ead\/files\/2018\/02\/CHAMADA-10-.pdf\">CHAMADA 10 <span style=\"color: #ff0000\"><span style=\"color: #888888\">11.09.2018<\/span> <\/span><\/a><\/strong><\/h3>\n<\/li>\n<li>\n<h3><strong><a href=\"http:\/\/www2.unifap.br\/ead\/files\/2018\/02\/CHAMADA-09-.pdf\">CHAMADA 09 <span style=\"color: #ff0000\"><span style=\"color: #888888\">10.09.2018<\/span> <\/span><\/a><\/strong><\/h3>\n<\/li>\n<li>\n<h3><strong><a href=\"http:\/\/www2.unifap.br\/ead\/files\/2018\/02\/AVISO-DE-PRORROGA\u00c7\u00c3O-CHAMADA.pdf\">AVISO DE PRORROGA\u00c7\u00c3O CHAMADA-<span style=\"color: #888888\">10.09.2018<\/span><\/a><\/strong><\/h3>\n<\/li>\n<li>\n<h3><strong><a href=\"http:\/\/www2.unifap.br\/ead\/files\/2018\/02\/CHAMADA-082018.pdf\">CHAMADA 08<\/a>\u00a0<span style=\"color: #888888\">14.08.2018<\/span>\u00a0<\/strong><\/h3>\n<\/li>\n<li>\n<h3><strong><a href=\"http:\/\/www2.unifap.br\/ead\/files\/2018\/02\/CHAMADA-RETIFICA\u00c7\u00c3O-07-.pdf\">RETIFICA\u00c7\u00c3O DA <\/a><strong><a href=\"http:\/\/www2.unifap.br\/ead\/files\/2018\/02\/CHAMADA-RETIFICA\u00c7\u00c3O-07-.pdf\">CHAMADA <\/a><\/strong>07- <span style=\"color: #888888\">02.08.2018<\/span><\/strong><\/h3>\n<\/li>\n<li>\n<h3><strong><a href=\"http:\/\/www2.unifap.br\/ead\/files\/2018\/02\/CHAMADA-07-.pdf\">CHAMADA 07 &#8211;<span style=\"color: #888888\"> 01.08.2018\u00a0<\/span><\/a><\/strong><\/h3>\n<\/li>\n<li>\n<h3><strong><a href=\"http:\/\/www2.unifap.br\/ead\/files\/2018\/02\/CHAMADA-06-.pdf\">CHAMADA 06<\/a>\u00a0&#8211; <span style=\"color: #888888\">28.06.2018\u00a0<\/span><\/strong><\/h3>\n<\/li>\n<li>\n<h3><strong><a href=\"http:\/\/www2.unifap.br\/ead\/files\/2018\/02\/CHAMADA-05-11.06.20181.pdf\">CHAMADA-05 &#8211; <span style=\"color: #888888\">11.06.2018<\/span><\/a><\/strong><\/h3>\n<\/li>\n<li>\n<h3><strong><a href=\"http:\/\/www2.unifap.br\/ead\/files\/2018\/02\/CHAMADA-04-.pdf\">CHAMADA 04<\/a>\u00a0&#8211;\u00a0\u00a0<span style=\"color: #888888\">24.05.2018<\/span> <span style=\"color: #ff0000\"><br \/>\n<\/span><\/strong><\/h3>\n<\/li>\n<li>\n<h3><strong><a href=\"http:\/\/www2.unifap.br\/ead\/files\/2018\/02\/Convoca\u00e7\u00e3o-31.pdf\">CHAMADA 03<\/a>\u00a0&#8211; <span style=\"color: #888888\">09.05.2018\u00a0<\/span><span style=\"color: #ff0000\"><br \/>\n<\/span><\/strong><\/h3>\n<\/li>\n<li>\n<h3><strong><a href=\"http:\/\/www2.unifap.br\/ead\/files\/2018\/02\/CONVOCA\u00c7\u00c3O-02.pdf\">CHAMADA 02<\/a>\u00a0&#8211; <span style=\"color: #888888\">23.04.2018\u00a0<\/span><\/strong><\/h3>\n<\/li>\n<li>\n<h3><strong><a href=\"http:\/\/www2.unifap.br\/ead\/files\/2018\/02\/CONVOCA\u00c7\u00c3O-01.pdf\">CHAMADA 01<\/a>\u00a0&#8211; <span style=\"color: #888888\">11.04.2018<\/span> <span style=\"color: #ff0000\"><br \/>\n<\/span><\/strong><\/h3>\n<\/li>\n<li>\n<h3><strong><a href=\"http:\/\/www2.unifap.br\/ead\/files\/2018\/02\/Treinamneto-MOODLE.pdf\">Treinamento da Plataforma<\/a>\u00a0&#8211; <span style=\"color: #888888\">06.04.2018<\/span><\/strong><\/h3>\n<\/li>\n<li>\n<h3><strong><a href=\"http:\/\/www2.unifap.br\/ead\/files\/2018\/03\/RESULTADO-FINAL.pdf\">RESULTADO FINAL<\/a> &#8211; <span style=\"color: #888888\">27.03.2018<\/span><\/strong><\/h3>\n<\/li>\n<li>\n<h3><strong><a href=\"http:\/\/www2.unifap.br\/ead\/files\/2018\/03\/RESULTADO-DEFINITIVO-ENTREVISTA.pdf\">RESULTADO DEFINITIVO &#8211; ENTREVISTA<\/a> &#8211; <span style=\"color: #888888\">26.03.2018<\/span><\/strong><\/h3>\n<\/li>\n<li>\n<h3><strong><a href=\"http:\/\/www2.unifap.br\/ead\/files\/2018\/03\/RESULTADO-DEFINITIVO-DA-CARTA-DE-INTEN\u00c7\u00c3O.pdf\">RESULTADO DEFINITIVO DA CARTA DE INTEN\u00c7\u00c3O <\/a> &#8211; <span style=\"color: #888888\">26.03.2018<\/span><\/strong><\/h3>\n<\/li>\n<li>\n<h3><strong><a href=\"http:\/\/www2.unifap.br\/ead\/files\/2018\/02\/Nota-explicativa1.pdf\">Nota explicativa<\/a>\u00a0&#8211; <span style=\"color: #888888\">26.03.2018<\/span><\/strong><\/h3>\n<\/li>\n<li>\n<h3><strong><a href=\"http:\/\/www2.unifap.br\/ead\/files\/2018\/03\/Resultado-Provis\u00f3rio-da-an\u00e1lise-da-CURR\u00cdCULO.pdf\">RESULTADO PROVIS\u00d3RIO DA AN\u00c1LISE DA CARTA DE INTEN\u00c7\u00c3O<\/a><span style=\"color: #ff0000\">\u00a0<span style=\"color: #333333\">&#8211; <span style=\"color: #888888\">22.03.2018<\/span><\/span><\/span><\/strong><\/h3>\n<\/li>\n<li>\n<h3><strong><a href=\"http:\/\/www2.unifap.br\/ead\/files\/2018\/03\/RESULTADO-PROVIS\u00d3RIO-ENTREVISTA.pdf\">RESULTADO PROVIS\u00d3RIO &#8211; ENTREVISTA<\/a><span style=\"color: #333333\">\u00a0&#8211; <span style=\"color: #888888\">21.03.2018<\/span><\/span><\/strong><\/h3>\n<\/li>\n<li>\n<h3><strong><a href=\"http:\/\/www2.unifap.br\/ead\/files\/2018\/03\/RESULTADO-PROVIS\u00d3RIO-DA-CARTA-DE-INTEN\u00c7\u00c3O.pdf\">RESULTADO PROVIS\u00d3RIO DA CARTA DE INTEN\u00c7\u00c3O<\/a><span style=\"color: #ff0000\">\u00a0<span style=\"color: #333333\">&#8211; <span style=\"color: #888888\">21.03.2018<\/span><\/span><\/span><\/strong><\/h3>\n<\/li>\n<li>\n<h5><strong style=\"font-size: 1.4em\"><a href=\"http:\/\/www2.unifap.br\/ead\/files\/2018\/02\/RETIFICA\u00c7\u00c3O.pdf\">RETIFICA\u00c7\u00c3O: LOCAL E DATA DA ENTREVISTA<\/a>\u00a0&#8211; <span style=\"color: #888888\">20.03.2018\u00a0<\/span><\/strong><span style=\"color: #888888\"><strong><br \/>\n<\/strong><\/span><\/h5>\n<\/li>\n<li>\n<h3><strong><a href=\"http:\/\/www2.unifap.br\/ead\/files\/2018\/03\/LOCAL-E-DATA-DE-ENTREVRISTA.pdf\">LOCAL E DATA DA ENTREVISTA<\/a> &#8211; <span style=\"color: #888888\">16.03.2018<\/span><\/strong><\/h3>\n<\/li>\n<li>\n<h3><strong><a href=\"http:\/\/www2.unifap.br\/ead\/files\/2018\/03\/RESULTADO-EDITAL-TUTOR-DEFINITIVOpdf.pdf\">INSCRI\u00c7\u00d5ES HOMOLOGADAS &#8211; RESULTADO DEFINITIVO<\/a> &#8211; <span style=\"color: #888888\">16.03.2018<\/span><span style=\"color: #ff0000\"><br \/>\n<\/span><\/strong><\/h3>\n<\/li>\n<li>\n<h3><strong><a href=\"http:\/\/www2.unifap.br\/ead\/files\/2018\/03\/RESULTADO-EDITAL-TUTOR-DEFERIDOS-E-INDEFERIDOSpdf.pdf\">INSCRI\u00c7\u00d5ES HOMOLOGADAS<\/a> &#8211; <span style=\"color: #888888\">14.03.2018<\/span><\/strong><\/h3>\n<\/li>\n<li>\n<h3><strong><a href=\"http:\/\/www2.unifap.br\/ead\/files\/2018\/03\/Chamada-Interna-e-Externa-2018-TUTOR-Retificado2.pdf\">Chamada Interna e Externa &#8211; TUTOR &#8211; Retificado<\/a> &#8211; <span style=\"color: #888888\">13.03.2018<\/span><\/strong><\/h3>\n<\/li>\n<li>\n<h3><strong><a href=\"http:\/\/www2.unifap.br\/ead\/files\/2018\/02\/Chamada-Interna-e-Externa-2018-TUTOR-Retificado.pdf\">Chamada Interna e Externa &#8211; TUTOR &#8211; Retificado<\/a>\u00a0&#8211; <span style=\"color: #888888\">27.02.2018\u00a0<\/span><\/strong><\/h3>\n<\/li>\n<li>\n<h3><strong>EDITAL\u00a0<a href=\"http:\/\/www2.unifap.br\/ead\/files\/2018\/02\/Chamada-Interna-e-Externa-2018-TUTOR.pdf\">Chamada Interna e Externa 2018 &#8211; TUTOR<\/a>\u00a0&#8211;\u00a0<span style=\"color: #888888\">22.02.2018\u00a0<\/span><em><span style=\"color: #ff0000\"><br \/>\n<\/span><\/em><\/strong><\/h3>\n<\/li>\n<\/ul>\n","protected":false},"excerpt":{"rendered":"<p>UNIVERSIDADE FEDERAL DO AMAP\u00c1 DEPARTAMENTO DE EDUCA\u00c7\u00c3O A DIST\u00c2NCIA CHAMADA INTERNA E EXTERNA PARA CADASTRO RESERVA PARA TUTOR A DIST\u00c2NCIA Cursos: Licenciatura em Letras\/Portugu\u00eas, Licenciatura em Letras\/Ingl\u00eas, Licenciatura em Sociologia,&#8230;<\/p>\n","protected":false},"author":812,"featured_media":0,"parent":0,"menu_order":0,"comment_status":"closed","ping_status":"closed","template":"","meta":{"inline_featured_image":false,"ngg_post_thumbnail":0,"footnotes":""},"class_list":["post-17855","page","type-page","status-publish","hentry","entry"],"_links":{"self":[{"href":"http:\/\/www2.unifap.br\/ead\/wp-json\/wp\/v2\/pages\/17855","targetHints":{"allow":["GET"]}}],"collection":[{"href":"http:\/\/www2.unifap.br\/ead\/wp-json\/wp\/v2\/pages"}],"about":[{"href":"http:\/\/www2.unifap.br\/ead\/wp-json\/wp\/v2\/types\/page"}],"author":[{"embeddable":true,"href":"http:\/\/www2.unifap.br\/ead\/wp-json\/wp\/v2\/users\/812"}],"replies":[{"embeddable":true,"href":"http:\/\/www2.unifap.br\/ead\/wp-json\/wp\/v2\/comments?post=17855"}],"version-history":[{"count":86,"href":"http:\/\/www2.unifap.br\/ead\/wp-json\/wp\/v2\/pages\/17855\/revisions"}],"predecessor-version":[{"id":20608,"href":"http:\/\/www2.unifap.br\/ead\/wp-json\/wp\/v2\/pages\/17855\/revisions\/20608"}],"wp:attachment":[{"href":"http:\/\/www2.unifap.br\/ead\/wp-json\/wp\/v2\/media?parent=17855"}],"curies":[{"name":"wp","href":"https:\/\/api.w.org\/{rel}","templated":true}]}}