{"id":17919,"date":"2018-03-21T15:22:20","date_gmt":"2018-03-21T18:22:20","guid":{"rendered":"http:\/\/www2.unifap.br\/ead\/?page_id=17919"},"modified":"2018-09-20T15:42:14","modified_gmt":"2018-09-20T18:42:14","slug":"processo-seletivo-para-tutor-presencial-da-unifapuabcapes","status":"publish","type":"page","link":"http:\/\/www2.unifap.br\/ead\/processo-seletivo-para-tutor-presencial-da-unifapuabcapes\/","title":{"rendered":"Processo Seletivo para Tutor Presencial"},"content":{"rendered":"<h2 style=\"text-align: center\">UNIVERSIDADE FEDERAL DO AMAP\u00c1<br \/>\nPR\u00d3 &#8211; REITORIA DE ENSINO E GRADUA\u00c7\u00c3O-PROGRAD<br \/>\nDEPARTAMENTO DE EDUCA\u00c7\u00c3O \u00c0 DIST\u00c2NCIA-DEaD<br \/>\nUNIVERSIDADE ABERTA DO BRASIL-UAB<\/h2>\n<h2 style=\"text-align: center\"><b>Processo Seletivo Simplificado para vagas de Tutor presencial da UNIFAP\/UAB\/CAPES<\/b><\/h2>\n<p style=\"text-align: justify\">A Pr\u00f3-Reitoria de Ensino e Gradua\u00e7\u00e3o \u2013 PROGRAD, atrav\u00e9s do Departamento de Educa\u00e7\u00e3o \u00e0 Dist\u00e2ncia, no uso de suas atribui\u00e7\u00f5es legais e estatut\u00e1rias que o cargo lhe confere, de acordo com o que disp\u00f5e o artigo 43, o inciso II do artigo 44, combinado com os artigos 51, 53, e 54 da Lei 9.394, de 20 de dezembro de 1996, que estabelece as diretrizes e Bases da Educa\u00e7\u00e3o Nacional em parceria com Sistema Universidade Aberta do Brasil \u2013 UAB e conforme portaria CAPES de 23 de janeiro de 2017 e demais normas estabelecidas nesta chamada e quaisquer outras aplic\u00e1veis, torna p\u00fablica a Chamada externa, as normas para a CADASTRO RESERVA PARA ATUA\u00c7\u00c3O DE TUTOR PRESENCIAL da UNIFAP\/UAB\/CAPES.<\/p>\n<ul>\n<li>\n<h3><strong><a href=\"http:\/\/www2.unifap.br\/ead\/files\/2018\/03\/AVISO-DE-PRORROGA\u00c7\u00c3O-CHAMADA1.pdf\">AVISO DE PRORROGA\u00c7\u00c3O CHAMADA <\/a><\/strong><\/h3>\n<\/li>\n<li>\n<h3><strong><a href=\"http:\/\/www2.unifap.br\/ead\/files\/2018\/03\/CHAMADA-2-presencial-matem\u00e1tica-.pdf\">CONVOCA\u00c7\u00c3O 02<\/a>\u00a0&#8211; 24.05.2018 <span style=\"color: #ff0000\">(Novo)<\/span><\/strong><\/h3>\n<\/li>\n<li>\n<h3><strong>\u00a0<a href=\"http:\/\/www2.unifap.br\/ead\/files\/2018\/03\/0001.pdf\">CONVOCA\u00c7\u00c3O 01<\/a>\u00a0&#8211; 09.05.2018\u00a0<\/strong><strong>\u00a0<\/strong><\/h3>\n<\/li>\n<li>\n<h5><strong>\u00a0<a style=\"font-size: 1.4em\" href=\"http:\/\/www2.unifap.br\/ead\/files\/2018\/03\/RESULTADO-FINAL1.pdf\">RESULTADO FINAL<\/a><span style=\"color: #000000;font-size: 1.4em\">\u00a020.04.2018\u00a0<\/span><\/strong><\/h5>\n<\/li>\n<li>\n<h3><strong><a href=\"http:\/\/www2.unifap.br\/ead\/files\/2018\/03\/RESULTADO-FINAL-DA-AN_LISE-DE-CURRICULO-.pdf\">RESULTADO FINAL DA AN\u00c1LISE DE CURR\u00cdCULO<\/a>\u00a0\u00a020.04.2018\u00a0<\/strong><\/h3>\n<\/li>\n<li>\n<h3><strong> <a href=\"http:\/\/www2.unifap.br\/ead\/files\/2018\/03\/RESULTADO-FINAL-DA-ENTREVISTA.pdf\">RESULTADO FINAL DA ENTREVISTA<\/a>\u00a0\u00a020.04.2018\u00a0<\/strong><\/h3>\n<\/li>\n<li>\n<h3><strong><a href=\"http:\/\/www2.unifap.br\/ead\/files\/2018\/03\/RESULTADO-FINAL-DE-CARTA-DE-INTEN\u00c7_O-.pdf\">RESULTADO FINAL DE CARTA DE INTEN\u00c7\u00c3O<\/a>\u00a0\u00a020.04.2018\u00a0<\/strong><\/h3>\n<\/li>\n<li>\n<h3><strong><a href=\"http:\/\/www2.unifap.br\/ead\/files\/2018\/03\/Resultado-Provis\u00f3rio-da-an\u00e1lise-da-carta-de-curriculo.pdf\">RESULTADO PROVIS\u00d3RIO DA AN\u00c1LISE DO CURR\u00cdCULO<\/a>\u00a0<\/strong><strong>&#8211; 18.04.2018\u00a0<span style=\"color: #ff0000\"><br \/>\n<\/span><\/strong><\/h3>\n<h3><\/h3>\n<\/li>\n<li>\n<h3><strong><a href=\"http:\/\/www2.unifap.br\/ead\/files\/2018\/03\/RETIFICA\u00c7\u00c3O-RESULTADO-PROVIS\u00d3RIO-DA-ENTREVISTA.pdf\">RETIFICA\u00c7\u00c3O &#8211; RESULTADO PROVIS\u00d3RIO DA ENTREVISTA<\/a>\u00a0&#8211; 18.04.2018\u00a0<\/strong><\/h3>\n<\/li>\n<li>\n<h3><strong>RESULTADO PROVIS\u00d3RIO DA ENTREVISTA\u00a0&#8211; 16.04.2018<\/strong> <strong><span style=\"color: #ff0000\"><br \/>\n<\/span><\/strong><\/h3>\n<\/li>\n<li>\n<h3><strong><a href=\"http:\/\/www2.unifap.br\/ead\/files\/2018\/03\/RESULTADO-PROVIS\u00d3RIO-DA-CARTA-DE-INTEN\u00c7\u00c3O12.pdf\">RESULTADO PROVIS\u00d3RIO DA CARTA DE INTEN\u00c7\u00c3O<\/a>\u00a0&#8211; 16.04.2018 <span style=\"color: #ff0000\"><br \/>\n<\/span><\/strong><\/h3>\n<\/li>\n<li>\n<h3><strong><a href=\"http:\/\/www2.unifap.br\/ead\/files\/2018\/03\/HORARIO-DE-ENTREVISTA-PARA-TUTOR-EAD-enviar.pdf\">HOR\u00c1RIO DE ENTREVISTA (TUTOR PRESENCIAL &#8211; EAD<\/a>) &#8211; 11.04.2018 <span style=\"color: #ff0000\"><br \/>\n<\/span><\/strong><\/h3>\n<\/li>\n<li>\n<h3><strong><a href=\"http:\/\/www2.unifap.br\/ead\/files\/2018\/03\/INSCRI\u00c7\u00d5ES-HOMOLOGADAS-DEFINITIVA1.pdf\">Inscri\u00e7\u00f5es homologadas (Definitivas<\/a>) &#8211; 07.04.2018<\/strong><\/h3>\n<\/li>\n<li>\n<h3><strong><a href=\"http:\/\/www2.unifap.br\/ead\/files\/2018\/03\/RETIFICA\u00c7\u00c3O-DO-ANEXO-I-CRONOGRAMA-ANEXO-I.pdf\">RETIFICA\u00c7\u00c3O DO ANEXO I &#8211; CRONOGRAMA<\/a>\u00a0&#8211; 04.04.2018 <span style=\"color: #ff0000\"><br \/>\n<\/span><\/strong><\/h3>\n<\/li>\n<li>\n<h3><strong><a href=\"http:\/\/www2.unifap.br\/ead\/files\/2018\/03\/INSCRI\u00c7\u00d5ES-HOMOLOGADAS.pdf\">Inscri\u00e7\u00f5es homologadas<\/a>\u00a0&#8211; 03.04.2018<span style=\"color: #ff0000\"><br \/>\n<\/span><\/strong><\/h3>\n<\/li>\n<li>\n<h3><strong>Edital\u00a0<a href=\"http:\/\/www2.unifap.br\/ead\/files\/2018\/03\/Chamada-Externa-TUTOR-PRESENCIAL.pdf\">Chamada-Externa-TUTOR PRESENCIAL<\/a>\u00a0&#8211; 21.03.2018<span style=\"color: #ff0000\">\u00a0<\/span><\/strong><\/h3>\n<\/li>\n<\/ul>\n","protected":false},"excerpt":{"rendered":"<p>UNIVERSIDADE FEDERAL DO AMAP\u00c1 PR\u00d3 &#8211; REITORIA DE ENSINO E GRADUA\u00c7\u00c3O-PROGRAD DEPARTAMENTO DE EDUCA\u00c7\u00c3O \u00c0 DIST\u00c2NCIA-DEaD UNIVERSIDADE ABERTA DO BRASIL-UAB Processo Seletivo Simplificado para vagas de Tutor presencial da UNIFAP\/UAB\/CAPES&#8230;<\/p>\n","protected":false},"author":812,"featured_media":0,"parent":0,"menu_order":0,"comment_status":"closed","ping_status":"closed","template":"","meta":{"inline_featured_image":false,"ngg_post_thumbnail":0,"footnotes":""},"class_list":["post-17919","page","type-page","status-publish","hentry","entry"],"_links":{"self":[{"href":"http:\/\/www2.unifap.br\/ead\/wp-json\/wp\/v2\/pages\/17919","targetHints":{"allow":["GET"]}}],"collection":[{"href":"http:\/\/www2.unifap.br\/ead\/wp-json\/wp\/v2\/pages"}],"about":[{"href":"http:\/\/www2.unifap.br\/ead\/wp-json\/wp\/v2\/types\/page"}],"author":[{"embeddable":true,"href":"http:\/\/www2.unifap.br\/ead\/wp-json\/wp\/v2\/users\/812"}],"replies":[{"embeddable":true,"href":"http:\/\/www2.unifap.br\/ead\/wp-json\/wp\/v2\/comments?post=17919"}],"version-history":[{"count":27,"href":"http:\/\/www2.unifap.br\/ead\/wp-json\/wp\/v2\/pages\/17919\/revisions"}],"predecessor-version":[{"id":18636,"href":"http:\/\/www2.unifap.br\/ead\/wp-json\/wp\/v2\/pages\/17919\/revisions\/18636"}],"wp:attachment":[{"href":"http:\/\/www2.unifap.br\/ead\/wp-json\/wp\/v2\/media?parent=17919"}],"curies":[{"name":"wp","href":"https:\/\/api.w.org\/{rel}","templated":true}]}}