{"id":18074,"date":"2018-05-09T13:07:11","date_gmt":"2018-05-09T16:07:11","guid":{"rendered":"http:\/\/www2.unifap.br\/ead\/?page_id=18074"},"modified":"2018-11-06T12:18:45","modified_gmt":"2018-11-06T15:18:45","slug":"chamada-interna-tutor-presencial-libras","status":"publish","type":"page","link":"http:\/\/www2.unifap.br\/ead\/chamada-interna-tutor-presencial-libras\/","title":{"rendered":"CHAMADA INTERNA &#8211; TUTOR PRESENCIAL: LIBRAS"},"content":{"rendered":"<p style=\"text-align: justify\">A Pr\u00f3-Reitoria de Ensino e Gradua\u00e7\u00e3o \u2013 PROGRAD, atrav\u00e9s do Departamento de Educa\u00e7\u00e3o \u00e0\u00a0Dist\u00e2ncia, no uso de suas atribui\u00e7\u00f5es legais e estatut\u00e1rias que o cargo lhe confere, de acordo com\u00a0o que disp\u00f5e o artigo 43, o inciso II do artigo 44, combinado com os artigos 51, 53, e 54 da Lei\u00a09.394, de 20 de dezembro de 1996, que estabelece as diretrizes e Bases da Educa\u00e7\u00e3o Nacional\u00a0em parceria com Sistema Universidade Aberta do Brasil \u2013 UAB e conforme portaria CAPES de 23\u00a0de janeiro de 2017, Of\u00edcio 187\/2016-CCB\/CGFO\/DED\/CAPES e demais normas estabelecidas<br \/>\nnesta chamada e quaisquer outras aplic\u00e1veis, TORNA P\u00daBLICO A CHAMADA INTERNA,\u00a0PARA TUTOR PRESENCIAL UNIFAP\/UAB\/CAPES.<\/p>\n<ul>\n<li>\n<h3><a href=\"http:\/\/www2.unifap.br\/ead\/files\/2018\/05\/CHAMADA-02-INGL\u00caS.pdf\"><strong>CONVOCA\u00c7\u00c3O<\/strong> <strong>-06.10.2018 <span style=\"color: #ff0000\">(novo)<\/span><\/strong><\/a><\/h3>\n<\/li>\n<li>\n<h3><strong><a href=\"http:\/\/www2.unifap.br\/ead\/files\/2018\/05\/CONVOCA\u00c7\u00c3O-LIBRAS.pdf\">CONVOCA\u00c7\u00c3O<strong>\u00a0&#8211; 24.05.2018<span style=\"color: #ff0000\">\u00a0<\/span><span style=\"color: #ff0000\">(Novo)<\/span><\/strong><\/a><\/strong><\/h3>\n<\/li>\n<li>\n<h3><strong><a href=\"http:\/\/www2.unifap.br\/ead\/files\/2018\/05\/RESULTADO-LIBRAS.pdf\">RESULTADO<\/a>\u00a0&#8211; 24.05.2018 <span style=\"color: #ff0000\">(Novo)<\/span><\/strong><\/h3>\n<\/li>\n<li>\n<h3><strong><a href=\"http:\/\/www2.unifap.br\/ead\/files\/2018\/05\/INSCRI\u00c7\u00d5ES-HOMOLOGADOAS-DEFERIDAS.pdf\">INSCRI\u00c7\u00d5ES HOMOLOGADAS (DEFERIDAS)<\/a>&#8211; <span style=\"color: #000000\">17.05.2018 (Novo)<\/span><\/strong><\/h3>\n<\/li>\n<li>\n<h3><strong><a href=\"http:\/\/www2.unifap.br\/ead\/files\/2018\/05\/CHAMADA-INTERNA-PARA-TUTOR-TRADUTOR-E-INT\u00c9RPRETE-DA-LINGUA-BRASILEIRA-DE-SINAIS-\u2013-LIBRAS-DOS-CURSOS-UNIFAPUABCAPES.pdf\">CHAMADA INTERNA PARA TUTOR- TRADUTOR E INT\u00c9RPRETE DA LINGUA BRASILEIRA DE SINAIS \u2013 LIBRAS DOS CURSOS-UNIFAP UAB CAPES<\/a>\u00a0&#8211; <span style=\"color: #000000\">09.05.2018\u00a0<\/span><\/strong><\/h3>\n<\/li>\n<\/ul>\n","protected":false},"excerpt":{"rendered":"<p>A Pr\u00f3-Reitoria de Ensino e Gradua\u00e7\u00e3o \u2013 PROGRAD, atrav\u00e9s do Departamento de Educa\u00e7\u00e3o \u00e0\u00a0Dist\u00e2ncia, no uso de suas atribui\u00e7\u00f5es legais e estatut\u00e1rias que o cargo lhe confere, de acordo com\u00a0o&#8230;<\/p>\n","protected":false},"author":812,"featured_media":0,"parent":0,"menu_order":0,"comment_status":"closed","ping_status":"closed","template":"","meta":{"inline_featured_image":false,"ngg_post_thumbnail":0,"footnotes":""},"class_list":["post-18074","page","type-page","status-publish","hentry","entry"],"_links":{"self":[{"href":"http:\/\/www2.unifap.br\/ead\/wp-json\/wp\/v2\/pages\/18074","targetHints":{"allow":["GET"]}}],"collection":[{"href":"http:\/\/www2.unifap.br\/ead\/wp-json\/wp\/v2\/pages"}],"about":[{"href":"http:\/\/www2.unifap.br\/ead\/wp-json\/wp\/v2\/types\/page"}],"author":[{"embeddable":true,"href":"http:\/\/www2.unifap.br\/ead\/wp-json\/wp\/v2\/users\/812"}],"replies":[{"embeddable":true,"href":"http:\/\/www2.unifap.br\/ead\/wp-json\/wp\/v2\/comments?post=18074"}],"version-history":[{"count":7,"href":"http:\/\/www2.unifap.br\/ead\/wp-json\/wp\/v2\/pages\/18074\/revisions"}],"predecessor-version":[{"id":18796,"href":"http:\/\/www2.unifap.br\/ead\/wp-json\/wp\/v2\/pages\/18074\/revisions\/18796"}],"wp:attachment":[{"href":"http:\/\/www2.unifap.br\/ead\/wp-json\/wp\/v2\/media?parent=18074"}],"curies":[{"name":"wp","href":"https:\/\/api.w.org\/{rel}","templated":true}]}}