{"id":18106,"date":"2018-05-11T20:04:35","date_gmt":"2018-05-11T23:04:35","guid":{"rendered":"http:\/\/www2.unifap.br\/ead\/?page_id=18106"},"modified":"2018-10-17T12:07:31","modified_gmt":"2018-10-17T15:07:31","slug":"chamada-interna-de-coordenadoria-de-tutoria","status":"publish","type":"page","link":"http:\/\/www2.unifap.br\/ead\/chamada-interna-de-coordenadoria-de-tutoria\/","title":{"rendered":"CHAMADA INTERNA DE COORDENADORIA DE TUTORIA"},"content":{"rendered":"<h1 style=\"text-align: center\"><strong>CHAMADA INTERNA DE COORDENADORIA DE TUTORIA DOS<\/strong><br \/>\n<strong>CURSOS-UNIFAP\/UAB\/CAPES<\/strong><\/h1>\n<p style=\"text-align: justify\">A Pr\u00f3-Reitoria de Ensino e Gradua\u00e7\u00e3o \u2013 PROGRAD, atrav\u00e9s do Departamento de Educa\u00e7\u00e3o \u00e0 Dist\u00e2ncia, no uso de suas atribui\u00e7\u00f5es legais e estatut\u00e1rias que o cargo lhe confere, de acordo com o que disp\u00f5e o artigo 43, o inciso II do artigo 44, combinado com os artigos 51, 53, e 54 da Lei 9.394, de 20 de dezembro de 1996, que estabelece as diretrizes e Bases da Educa\u00e7\u00e3o Nacional em parceria com Sistema Universidade Aberta do Brasil \u2013 UAB e conforme portaria CAPES de 23 de janeiro de 2017, Of\u00edcio 187\/2016-CCB\/CGFO\/DED\/CAPES e demais normas estabelecidas\u00a0nesta chamada e quaisquer outras aplic\u00e1veis, torna p\u00fablica a Chamada Interna, para COORDENADORIA DE TUTORIA &#8211; UNIFAP\/UAB\/CAPES.<\/p>\n<ul>\n<li>\n<h3><strong><a href=\"http:\/\/www2.unifap.br\/ead\/files\/2018\/05\/AVISO-DE-PRORROGA\u00c7\u00c3O-CHAMADA11.pdf\">Aviso de prorroga\u00e7\u00e3o &#8211; 20.09.2018<\/a><\/strong><\/h3>\n<\/li>\n<li>\n<h3><strong><a href=\"http:\/\/www2.unifap.br\/ead\/files\/2018\/05\/Convoca\u00e7\u00e3o-de-coordenador-de-tutoria.pdf\">Convoca\u00e7\u00e3o de coordenador de tutoria<\/a>&#8211; 05.06.2018 <span style=\"color: #ff0000\"><br \/>\n<\/span><\/strong><\/h3>\n<\/li>\n<li>\n<h3><strong><a href=\"http:\/\/www2.unifap.br\/ead\/files\/2018\/05\/RESULTADO-FINAL-DE-COORDENADOR-DE-TUTORIA.pdf\">RESULTADO FINAL DE COORDENADOR DE TUTORIA<\/a>\u00a0&#8211; 30.05.2018\u00a0<\/strong><\/h3>\n<\/li>\n<li>\n<h3><strong><a href=\"http:\/\/www2.unifap.br\/ead\/files\/2018\/05\/Resultado-coordenador-de-tutoria.pdf\">Resultado Provis\u00f3rio de Coordenador de Tutoria- <span style=\"color: #000000\">28.05.2018\u00a0<\/span><\/a><\/strong><\/h3>\n<\/li>\n<li>\n<h3><strong><a href=\"http:\/\/www2.unifap.br\/ead\/files\/2018\/05\/Inscri\u00e7\u00f5es-Homologadas-COORDEADOR-DE-TUTORIA.pdf\">INSCRI\u00c7\u00d5ES HOMOLOGADAS &#8211; COORDENADOR DE TUTORIA<\/a>\u00a0&#8211; <span style=\"color: #ff0000\"><span style=\"color: #000000\">22.05.2018 <\/span><br \/>\n<\/span><\/strong><\/h3>\n<\/li>\n<li>\n<h3><strong><a href=\"http:\/\/www2.unifap.br\/ead\/files\/2018\/05\/CHAMADA-INTERNA-DE-COORDENADORIA-DE-TUTORIA-.pdf\">CHAMADA INTERNA DE COORDENADORIA DE TUTORIA<\/a>\u00a0&#8211; 14.05.2018 <\/strong><\/h3>\n<\/li>\n<li>\n<h3><strong>CHAMADA INTERNA DE COORDENADORIA DE TUTORIA DOS CURSOS &#8211; 11.05.2018 &#8211; Retificado em 14.05.2018<\/strong><\/h3>\n<\/li>\n<\/ul>\n<p style=\"text-align: justify\">\n","protected":false},"excerpt":{"rendered":"<p>CHAMADA INTERNA DE COORDENADORIA DE TUTORIA DOS CURSOS-UNIFAP\/UAB\/CAPES A Pr\u00f3-Reitoria de Ensino e Gradua\u00e7\u00e3o \u2013 PROGRAD, atrav\u00e9s do Departamento de Educa\u00e7\u00e3o \u00e0 Dist\u00e2ncia, no uso de suas atribui\u00e7\u00f5es legais e&#8230;<\/p>\n","protected":false},"author":812,"featured_media":0,"parent":0,"menu_order":0,"comment_status":"closed","ping_status":"closed","template":"","meta":{"inline_featured_image":false,"ngg_post_thumbnail":0,"footnotes":""},"class_list":["post-18106","page","type-page","status-publish","hentry","entry"],"_links":{"self":[{"href":"http:\/\/www2.unifap.br\/ead\/wp-json\/wp\/v2\/pages\/18106","targetHints":{"allow":["GET"]}}],"collection":[{"href":"http:\/\/www2.unifap.br\/ead\/wp-json\/wp\/v2\/pages"}],"about":[{"href":"http:\/\/www2.unifap.br\/ead\/wp-json\/wp\/v2\/types\/page"}],"author":[{"embeddable":true,"href":"http:\/\/www2.unifap.br\/ead\/wp-json\/wp\/v2\/users\/812"}],"replies":[{"embeddable":true,"href":"http:\/\/www2.unifap.br\/ead\/wp-json\/wp\/v2\/comments?post=18106"}],"version-history":[{"count":11,"href":"http:\/\/www2.unifap.br\/ead\/wp-json\/wp\/v2\/pages\/18106\/revisions"}],"predecessor-version":[{"id":18154,"href":"http:\/\/www2.unifap.br\/ead\/wp-json\/wp\/v2\/pages\/18106\/revisions\/18154"}],"wp:attachment":[{"href":"http:\/\/www2.unifap.br\/ead\/wp-json\/wp\/v2\/media?parent=18106"}],"curies":[{"name":"wp","href":"https:\/\/api.w.org\/{rel}","templated":true}]}}