{"id":18221,"date":"2018-06-18T11:59:01","date_gmt":"2018-06-18T14:59:01","guid":{"rendered":"http:\/\/www2.unifap.br\/ead\/?page_id=18221"},"modified":"2018-07-05T12:02:59","modified_gmt":"2018-07-05T15:02:59","slug":"chamada-para-tutor-presencial-lic-letras-ingles-e-matematica","status":"publish","type":"page","link":"http:\/\/www2.unifap.br\/ead\/chamada-para-tutor-presencial-lic-letras-ingles-e-matematica\/","title":{"rendered":"Chamada para Tutor presencial: Lic. Letras ingl\u00eas e Matem\u00e1tica"},"content":{"rendered":"<h3 style=\"text-align: center\"><strong>PROCESSO SELETIVO SIMPLIFICADO PARA VAGAS DE<\/strong><br \/>\n<strong>TUTOR PRESENCIAL DE MATEM\u00c1TICA E LETRAS INGL\u00caS DA<\/strong><br \/>\n<strong>UNIFAP\/UAB\/CAPES<\/strong><\/h3>\n<ul>\n<li>\n<h3><strong><a href=\"http:\/\/www2.unifap.br\/ead\/files\/2018\/06\/convoca\u00e7\u00e3o-para-Tutor-do-letras-Ingl\u00eas-.pdf\">CONVOCA\u00c7\u00c3O<\/a>\u00a0&#8211; 05.07.2018 <span style=\"color: #ff0000\">(Novo)<\/span><\/strong><\/h3>\n<\/li>\n<li>\n<h3><strong><a href=\"http:\/\/www2.unifap.br\/ead\/files\/2018\/06\/RESULTADO-LETRAS-E-MATEM\u00c1TICA-1.pdf\">RESULTADO FINAL<\/a>\u00a0&#8211; 05.07.2018 <span style=\"color: #ff0000\">(Novo)<\/span><\/strong><\/h3>\n<\/li>\n<li>\n<h3><strong><a href=\"http:\/\/www2.unifap.br\/ead\/files\/2018\/06\/RESULTADO-LETRAS-E-MATEM\u00c1TICA.pdf\">RESULTADO PRELIMINAR &#8211; 02.07.2018 <span style=\"color: #ff0000\"><br \/>\n<\/span><\/a><\/strong><\/h3>\n<\/li>\n<li>\n<h4><strong><a href=\"http:\/\/www2.unifap.br\/ead\/files\/2018\/06\/local-de-entrevista-matematica-e-letras-.pdf\">LOCAL E DATA DA ENTREVISTA &#8211; 28.06.2018 <\/a><\/strong><\/h4>\n<\/li>\n<li>\n<h4><strong><a href=\"http:\/\/www2.unifap.br\/ead\/files\/2018\/06\/INSCRI\u00c7\u00d5ES-DEFERIDAS-MATEMATICA-E-LETRAS-INGL\u00caS.pdf\">INSCRI\u00c7\u00d5ES DEFERIDAS &#8211; 28.06.2018<\/a> <\/strong><a href=\"http:\/\/www2.unifap.br\/ead\/files\/2018\/06\/INSCRI\u00c7\u00d5ES-DEFERIDAS-MATEMATICA-E-LETRAS-INGL\u00caS1.pdf\"><br \/>\n<\/a><\/h4>\n<\/li>\n<li>\n<h6><strong style=\"font-size: 1.4em\"><a href=\"http:\/\/www2.unifap.br\/ead\/files\/2018\/06\/CHAMADA-DE-TUTOR-PRESENCIAL.pdf\">EDITAL: TUTOR PRESENCIAL &#8211; 18.06.2018\u00a0<\/a><\/strong><\/h6>\n<\/li>\n<\/ul>\n","protected":false},"excerpt":{"rendered":"<p>PROCESSO SELETIVO SIMPLIFICADO PARA VAGAS DE TUTOR PRESENCIAL DE MATEM\u00c1TICA E LETRAS INGL\u00caS DA UNIFAP\/UAB\/CAPES CONVOCA\u00c7\u00c3O\u00a0&#8211; 05.07.2018 (Novo) RESULTADO FINAL\u00a0&#8211; 05.07.2018 (Novo) RESULTADO PRELIMINAR &#8211; 02.07.2018 LOCAL E DATA DA&#8230;<\/p>\n","protected":false},"author":812,"featured_media":0,"parent":0,"menu_order":0,"comment_status":"closed","ping_status":"closed","template":"","meta":{"inline_featured_image":false,"ngg_post_thumbnail":0,"footnotes":""},"class_list":["post-18221","page","type-page","status-publish","hentry","entry"],"_links":{"self":[{"href":"http:\/\/www2.unifap.br\/ead\/wp-json\/wp\/v2\/pages\/18221","targetHints":{"allow":["GET"]}}],"collection":[{"href":"http:\/\/www2.unifap.br\/ead\/wp-json\/wp\/v2\/pages"}],"about":[{"href":"http:\/\/www2.unifap.br\/ead\/wp-json\/wp\/v2\/types\/page"}],"author":[{"embeddable":true,"href":"http:\/\/www2.unifap.br\/ead\/wp-json\/wp\/v2\/users\/812"}],"replies":[{"embeddable":true,"href":"http:\/\/www2.unifap.br\/ead\/wp-json\/wp\/v2\/comments?post=18221"}],"version-history":[{"count":12,"href":"http:\/\/www2.unifap.br\/ead\/wp-json\/wp\/v2\/pages\/18221\/revisions"}],"predecessor-version":[{"id":18312,"href":"http:\/\/www2.unifap.br\/ead\/wp-json\/wp\/v2\/pages\/18221\/revisions\/18312"}],"wp:attachment":[{"href":"http:\/\/www2.unifap.br\/ead\/wp-json\/wp\/v2\/media?parent=18221"}],"curies":[{"name":"wp","href":"https:\/\/api.w.org\/{rel}","templated":true}]}}