{"id":18256,"date":"2018-06-27T10:50:56","date_gmt":"2018-06-27T13:50:56","guid":{"rendered":"http:\/\/www2.unifap.br\/ead\/?page_id=18256"},"modified":"2018-06-27T10:51:42","modified_gmt":"2018-06-27T13:51:42","slug":"licenciatura-em-sociologia","status":"publish","type":"page","link":"http:\/\/www2.unifap.br\/ead\/licenciatura-em-sociologia\/","title":{"rendered":"Licenciatura em Sociologia"},"content":{"rendered":"<p style=\"text-align: center\"><a href=\"http:\/\/www2.unifap.br\/ead\/files\/2018\/06\/licen_sociologia.png\"><img fetchpriority=\"high\" decoding=\"async\" class=\"alignnone size-full wp-image-18257\" alt=\"licen_sociologia\" src=\"http:\/\/www2.unifap.br\/ead\/files\/2018\/06\/licen_sociologia.png\" width=\"300\" height=\"300\" srcset=\"http:\/\/www2.unifap.br\/ead\/files\/2018\/06\/licen_sociologia.png 1000w, http:\/\/www2.unifap.br\/ead\/files\/2018\/06\/licen_sociologia-150x150.png 150w, http:\/\/www2.unifap.br\/ead\/files\/2018\/06\/licen_sociologia-300x300.png 300w\" sizes=\"(max-width: 300px) 100vw, 300px\" \/><\/a><\/p>\n<p style=\"text-align: center\">P\u00e1gina em manuten\u00e7\u00e3o<\/p>\n","protected":false},"excerpt":{"rendered":"<p>P\u00e1gina em manuten\u00e7\u00e3o<\/p>\n","protected":false},"author":812,"featured_media":0,"parent":0,"menu_order":0,"comment_status":"closed","ping_status":"closed","template":"","meta":{"inline_featured_image":false,"ngg_post_thumbnail":0,"footnotes":""},"class_list":["post-18256","page","type-page","status-publish","hentry","entry"],"_links":{"self":[{"href":"http:\/\/www2.unifap.br\/ead\/wp-json\/wp\/v2\/pages\/18256","targetHints":{"allow":["GET"]}}],"collection":[{"href":"http:\/\/www2.unifap.br\/ead\/wp-json\/wp\/v2\/pages"}],"about":[{"href":"http:\/\/www2.unifap.br\/ead\/wp-json\/wp\/v2\/types\/page"}],"author":[{"embeddable":true,"href":"http:\/\/www2.unifap.br\/ead\/wp-json\/wp\/v2\/users\/812"}],"replies":[{"embeddable":true,"href":"http:\/\/www2.unifap.br\/ead\/wp-json\/wp\/v2\/comments?post=18256"}],"version-history":[{"count":3,"href":"http:\/\/www2.unifap.br\/ead\/wp-json\/wp\/v2\/pages\/18256\/revisions"}],"predecessor-version":[{"id":18261,"href":"http:\/\/www2.unifap.br\/ead\/wp-json\/wp\/v2\/pages\/18256\/revisions\/18261"}],"wp:attachment":[{"href":"http:\/\/www2.unifap.br\/ead\/wp-json\/wp\/v2\/media?parent=18256"}],"curies":[{"name":"wp","href":"https:\/\/api.w.org\/{rel}","templated":true}]}}