{"id":18267,"date":"2018-06-27T11:48:24","date_gmt":"2018-06-27T14:48:24","guid":{"rendered":"http:\/\/www2.unifap.br\/ead\/?page_id=18267"},"modified":"2018-07-16T09:31:29","modified_gmt":"2018-07-16T12:31:29","slug":"chamada-para-tutor-a-distancia-administracao-publica","status":"publish","type":"page","link":"http:\/\/www2.unifap.br\/ead\/chamada-para-tutor-a-distancia-administracao-publica\/","title":{"rendered":"Chamada para tutor a dist\u00e2ncia: Administra\u00e7\u00e3o P\u00fablica (2018.2)"},"content":{"rendered":"<table cellspacing=\"0\" cellpadding=\"0\" align=\"left\">\n<tbody>\n<tr>\n<td align=\"left\" valign=\"top\">\n<p style=\"text-align: center\"><b>CHAMADA INTERNA E EXTERNA DE SELE\u00c7\u00c3O PARA TUTOR DO CURSO DE BACHARELADO EM ADMINISTRA\u00c7\u00c3O P\u00daBLICA \u2013 MODALIDADE \u00c0 DIST\u00c2NCIA-POLO VIT\u00d3RIA DO JAR\u00cd-AP<\/b><\/p>\n<p style=\"text-align: justify\">A Pr\u00f3-Reitoria de Ensino e Gradua\u00e7\u00e3o \u2013 PROGRAD, atrav\u00e9s do Departamento de Educa\u00e7\u00e3o \u00e0 Dist\u00e2ncia, no uso de suas atribui\u00e7\u00f5es legais e estatut\u00e1rias que o cargo lhe confere, de acordo com o que disp\u00f5e o artigo 43, o inciso II do artigo 44, combinado com os artigos 51, 53, e 54 da Lei 9.394, de 20 de dezembro de 1996, que estabelece as diretrizes e Bases da Educa\u00e7\u00e3o Nacional em parceria com Sistema Universidade Aberta do Brasil \u2013 UAB e conforme portaria CAPES de 23 de janeiro de 2017, Of\u00edcio 187\/2016-CCB\/CGFO\/DED\/CAPES e demais normas estabelecidas nesta chamada e quaisquer outras aplic\u00e1veis, TORNA P\u00daBLICO A CHAMADA INTERNA E EXTERNA, para a <b>SELE\u00c7\u00c3O DE TUTORES<\/b> para atuar em componente curricular do Curso de Bacharelado em Administra\u00e7\u00e3o P\u00fablica, modalidade \u00e0 dist\u00e2ncia <b>POLO VIT\u00d3RIA DO JAR\u00cd \u2013 AP<\/b>.<\/p>\n<ul>\n<li>\n<h3><strong><a href=\"http:\/\/www2.unifap.br\/ead\/files\/2018\/06\/RESULTADO-FINAL-TUTOR.pdf\"><a href=\"http:\/\/www2.unifap.br\/ead\/files\/2018\/06\/RESULTADO-FINAL-TUTOR.pdf\">RESULTADO FINAL PARA TUTOR &#8211; 16.07.2018 <span style=\"color: #ff0000\">(NOVO)<\/span><\/a><br \/>\n<\/a><\/strong><\/h3>\n<\/li>\n<li>\n<h3><strong><a href=\"http:\/\/www2.unifap.br\/ead\/files\/2018\/07\/NOTA-TITULO-TUTOR-ADM.pdf\">RESULTADO PROVA DE T\u00cdTULO<\/a>\u00a0&#8211; 12.07.2018<span style=\"color: #ff0000\"><br \/>\n<\/span><\/strong><\/h3>\n<\/li>\n<li>\n<h3><strong><a href=\"http:\/\/www2.unifap.br\/ead\/files\/2018\/06\/NOTA-ENTREVISTA-TUTOR-ADM.pdf\">RESULTADO DA ENTREVISTA<\/a>\u00a0&#8211; 10.07.2018 <\/strong><\/h3>\n<\/li>\n<li>\n<h3><strong><a href=\"http:\/\/www2.unifap.br\/ead\/files\/2018\/06\/DATA-E-HOR\u00c1RIO-PARA-ENTREVISTA.pdf\">DATA E HOR\u00c1RIO PARA ENTREVISTA<\/a>\u00a0&#8211; 09.07.2018 <span style=\"color: #ff0000\"><br \/>\n<\/span><\/strong><\/h3>\n<\/li>\n<li>\n<h3><strong><a href=\"http:\/\/www2.unifap.br\/ead\/files\/2018\/06\/CHAMADA-INTERNA-EXTERNAINCRI\u00c7\u00d5ES-HOMOLOGADAS.pdf\">INSCRI\u00c7\u00d5ES HOMOLOGADAS<\/a>\u00a0&#8211; 05.07.2018 <span style=\"color: #ff0000\"><br \/>\n<\/span><\/strong><\/h3>\n<\/li>\n<li>\n<h3><strong><a href=\"http:\/\/www2.unifap.br\/ead\/files\/2018\/06\/Retifica\u00e7\u00e3o-Chamada-Interno-externa-TUTOR.pdf\">RETIFICA\u00c7\u00c3O 01<\/a>\u00a0&#8211; 29.06.2018 <span style=\"color: #ff0000\"><br \/>\n<\/span><\/strong><\/h3>\n<\/li>\n<li>\n<h3><strong><a href=\"http:\/\/www2.unifap.br\/ead\/files\/2018\/06\/EDITAL-TUTOR-2018.2-.pdf\">EDITAL: TUTOR A DIST\u00c2NCIA DO CURSO DE ADMINISTRA\u00c7\u00c3O P\u00daBLICA 2018.2 &#8211; 27.06.2018<\/a><\/strong><\/h3>\n<\/li>\n<\/ul>\n<\/td>\n<\/tr>\n<\/tbody>\n<\/table>\n<p>&nbsp;<\/p>\n","protected":false},"excerpt":{"rendered":"<p>CHAMADA INTERNA E EXTERNA DE SELE\u00c7\u00c3O PARA TUTOR DO CURSO DE BACHARELADO EM ADMINISTRA\u00c7\u00c3O P\u00daBLICA \u2013 MODALIDADE \u00c0 DIST\u00c2NCIA-POLO VIT\u00d3RIA DO JAR\u00cd-AP A Pr\u00f3-Reitoria de Ensino e Gradua\u00e7\u00e3o \u2013 PROGRAD,&#8230;<\/p>\n","protected":false},"author":812,"featured_media":0,"parent":0,"menu_order":0,"comment_status":"closed","ping_status":"closed","template":"","meta":{"inline_featured_image":false,"ngg_post_thumbnail":0,"footnotes":""},"class_list":["post-18267","page","type-page","status-publish","hentry","entry"],"_links":{"self":[{"href":"http:\/\/www2.unifap.br\/ead\/wp-json\/wp\/v2\/pages\/18267","targetHints":{"allow":["GET"]}}],"collection":[{"href":"http:\/\/www2.unifap.br\/ead\/wp-json\/wp\/v2\/pages"}],"about":[{"href":"http:\/\/www2.unifap.br\/ead\/wp-json\/wp\/v2\/types\/page"}],"author":[{"embeddable":true,"href":"http:\/\/www2.unifap.br\/ead\/wp-json\/wp\/v2\/users\/812"}],"replies":[{"embeddable":true,"href":"http:\/\/www2.unifap.br\/ead\/wp-json\/wp\/v2\/comments?post=18267"}],"version-history":[{"count":13,"href":"http:\/\/www2.unifap.br\/ead\/wp-json\/wp\/v2\/pages\/18267\/revisions"}],"predecessor-version":[{"id":18379,"href":"http:\/\/www2.unifap.br\/ead\/wp-json\/wp\/v2\/pages\/18267\/revisions\/18379"}],"wp:attachment":[{"href":"http:\/\/www2.unifap.br\/ead\/wp-json\/wp\/v2\/media?parent=18267"}],"curies":[{"name":"wp","href":"https:\/\/api.w.org\/{rel}","templated":true}]}}