{"id":18340,"date":"2018-07-06T20:50:21","date_gmt":"2018-07-06T23:50:21","guid":{"rendered":"http:\/\/www2.unifap.br\/ead\/?page_id=18340"},"modified":"2018-07-18T17:19:46","modified_gmt":"2018-07-18T20:19:46","slug":"chamada-para-tutor-presencial-de-matematica-polo-santana","status":"publish","type":"page","link":"http:\/\/www2.unifap.br\/ead\/chamada-para-tutor-presencial-de-matematica-polo-santana\/","title":{"rendered":"Chamada para Tutor presencial de Matem\u00e1tica: Polo Santana"},"content":{"rendered":"<p style=\"text-align: center\">CHAMADA EXTERNA PARA TUTOR PRESENCIAL DE MATEM\u00c1TICA POLO SANTANA DA UNIFAP\/UAB\/CAPES<\/p>\n<p style=\"text-align: justify\">A Pr\u00f3-Reitoria de Ensino e Gradua\u00e7\u00e3o \u2013 PROGRAD, atrav\u00e9s do Departamento de Educa\u00e7\u00e3o \u00e0 Dist\u00e2ncia, no uso de suas atribui\u00e7\u00f5es legais e estatut\u00e1rias que o cargo lhe confere, de acordo com o que disp\u00f5e o artigo 43, o inciso II do artigo 44, combinado com os artigos 51, 53, e 54 da Lei 9.394, de 20 de dezembro de 1996, que estabelece as diretrizes e Bases da Educa\u00e7\u00e3o Nacional em parceria com Sistema Universidade Aberta do Brasil \u2013 UAB e conforme portaria CAPES de 23 de janeiro de 2017, Of\u00edcio 187\/2016-CCB\/CGFO\/DED\/CAPES e demais normas estabelecidas nesta chamada e quaisquer outras aplic\u00e1veis, TORNA P\u00daBLICO A CHAMADA PARA TUTOR PRESENCIAL UNIFAP\/UAB\/CAPES.<\/p>\n<ul>\n<li>\n<h3><strong><a href=\"http:\/\/www2.unifap.br\/ead\/files\/2018\/07\/PRORROGA\u00c7\u00c3O-CHAMADA-DE-TUTOR-PRESENCIAL-MATEM\u00c1TICA-SANTANA11.pdf\">PRORROGA\u00c7\u00c3O <\/a><a>&#8211; 06.07.2018 (Novo). <\/a><\/strong><\/h3>\n<\/li>\n<li>\n<h3><strong><a href=\"http:\/\/www2.unifap.br\/ead\/files\/2018\/07\/CHAMADA-DE-TUTOR-PRESENCIAL-MATEM\u00c1TICA-SANTANA1.pdf\">EDITAL: CHAMADA DE TUTOR PRESENCIAL DE MATEM\u00c1TICA &#8211; 06.07.2018. <\/a><\/strong><\/h3>\n<\/li>\n<\/ul>\n","protected":false},"excerpt":{"rendered":"<p>CHAMADA EXTERNA PARA TUTOR PRESENCIAL DE MATEM\u00c1TICA POLO SANTANA DA UNIFAP\/UAB\/CAPES A Pr\u00f3-Reitoria de Ensino e Gradua\u00e7\u00e3o \u2013 PROGRAD, atrav\u00e9s do Departamento de Educa\u00e7\u00e3o \u00e0 Dist\u00e2ncia, no uso de suas&#8230;<\/p>\n","protected":false},"author":812,"featured_media":0,"parent":0,"menu_order":0,"comment_status":"closed","ping_status":"closed","template":"","meta":{"inline_featured_image":false,"ngg_post_thumbnail":0,"footnotes":""},"class_list":["post-18340","page","type-page","status-publish","hentry","entry"],"_links":{"self":[{"href":"http:\/\/www2.unifap.br\/ead\/wp-json\/wp\/v2\/pages\/18340","targetHints":{"allow":["GET"]}}],"collection":[{"href":"http:\/\/www2.unifap.br\/ead\/wp-json\/wp\/v2\/pages"}],"about":[{"href":"http:\/\/www2.unifap.br\/ead\/wp-json\/wp\/v2\/types\/page"}],"author":[{"embeddable":true,"href":"http:\/\/www2.unifap.br\/ead\/wp-json\/wp\/v2\/users\/812"}],"replies":[{"embeddable":true,"href":"http:\/\/www2.unifap.br\/ead\/wp-json\/wp\/v2\/comments?post=18340"}],"version-history":[{"count":5,"href":"http:\/\/www2.unifap.br\/ead\/wp-json\/wp\/v2\/pages\/18340\/revisions"}],"predecessor-version":[{"id":18395,"href":"http:\/\/www2.unifap.br\/ead\/wp-json\/wp\/v2\/pages\/18340\/revisions\/18395"}],"wp:attachment":[{"href":"http:\/\/www2.unifap.br\/ead\/wp-json\/wp\/v2\/media?parent=18340"}],"curies":[{"name":"wp","href":"https:\/\/api.w.org\/{rel}","templated":true}]}}