{"id":18356,"date":"2018-07-12T14:58:18","date_gmt":"2018-07-12T17:58:18","guid":{"rendered":"http:\/\/www2.unifap.br\/ead\/?page_id=18356"},"modified":"2018-07-26T09:33:04","modified_gmt":"2018-07-26T12:33:04","slug":"chamada-para-tutor-a-distancia-2-administracao-publica","status":"publish","type":"page","link":"http:\/\/www2.unifap.br\/ead\/chamada-para-tutor-a-distancia-2-administracao-publica\/","title":{"rendered":"Chamada para tutor a dist\u00e2ncia (2): Administra\u00e7\u00e3o P\u00fablica"},"content":{"rendered":"<p style=\"text-align: center\"><strong>CHAMADA INTERNA E EXTERNA DE SELE\u00c7\u00c3O PARA TUTOR DO CURSO DE BACHARELADO EM ADMINISTRA\u00c7\u00c3O P\u00daBLICA \u2013 MODALIDADE \u00c0 DIST\u00c2NCIA POLO VIT\u00d3RIA DO JAR\u00cd -AP<\/strong><\/p>\n<ul>\n<li>\n<h3><strong><a href=\"http:\/\/www2.unifap.br\/ead\/files\/2018\/07\/RESULTADO-FINAL-2.pdf\">RESULTADO FINAL<\/a>\u00a0&#8211; 26.07.2018 <span style=\"color: #ff0000\">(Novo)<\/span><\/strong><\/h3>\n<\/li>\n<li>\n<h3><strong><a href=\"http:\/\/www2.unifap.br\/ead\/files\/2018\/07\/RESULTADO-DA-AN\u00c1LISE-DE-T\u00cdTULOS-TUTOR.pdf\">RESULTADO DA AN\u00c1LISE DE T\u00cdTULOS (TUTOR)<\/a>\u00a0&#8211; 23.07.2018 <span style=\"color: #ff0000\"><br \/>\n<\/span><\/strong><\/h3>\n<\/li>\n<li>\n<h3><strong><a href=\"http:\/\/www2.unifap.br\/ead\/files\/2018\/07\/INCRI\u00c7\u00d5ES-HOMOLOGADAS-TUTOR.pdf\">INSCRI\u00c7\u00d5ES HOMOLOGADAS (TUTOR)<\/a>\u00a0&#8211; 20.07.2018 <span style=\"color: #ff0000\"><br \/>\n<\/span><\/strong><\/h3>\n<\/li>\n<li>\n<h3><strong><a href=\"http:\/\/www2.unifap.br\/ead\/files\/2018\/07\/EDITAL-TUTOR-DIREITO-E-ESTATISTICA.pdf\">EDITAL:CHAMADA INTERNA E EXTERNA DE SELE\u00c7\u00c3O PARA TUTOR DO CURSO DE BACHARELADO EM ADMINISTRA\u00c7\u00c3O P\u00daBLICA &#8211; 12.07.2018 <span style=\"color: #ff0000\"><br \/>\n<\/span><\/a><\/strong><\/h3>\n<\/li>\n<\/ul>\n","protected":false},"excerpt":{"rendered":"<p>CHAMADA INTERNA E EXTERNA DE SELE\u00c7\u00c3O PARA TUTOR DO CURSO DE BACHARELADO EM ADMINISTRA\u00c7\u00c3O P\u00daBLICA \u2013 MODALIDADE \u00c0 DIST\u00c2NCIA POLO VIT\u00d3RIA DO JAR\u00cd -AP RESULTADO FINAL\u00a0&#8211; 26.07.2018 (Novo) RESULTADO DA&#8230;<\/p>\n","protected":false},"author":812,"featured_media":0,"parent":0,"menu_order":0,"comment_status":"closed","ping_status":"closed","template":"","meta":{"inline_featured_image":false,"ngg_post_thumbnail":0,"footnotes":""},"class_list":["post-18356","page","type-page","status-publish","hentry","entry"],"_links":{"self":[{"href":"http:\/\/www2.unifap.br\/ead\/wp-json\/wp\/v2\/pages\/18356","targetHints":{"allow":["GET"]}}],"collection":[{"href":"http:\/\/www2.unifap.br\/ead\/wp-json\/wp\/v2\/pages"}],"about":[{"href":"http:\/\/www2.unifap.br\/ead\/wp-json\/wp\/v2\/types\/page"}],"author":[{"embeddable":true,"href":"http:\/\/www2.unifap.br\/ead\/wp-json\/wp\/v2\/users\/812"}],"replies":[{"embeddable":true,"href":"http:\/\/www2.unifap.br\/ead\/wp-json\/wp\/v2\/comments?post=18356"}],"version-history":[{"count":5,"href":"http:\/\/www2.unifap.br\/ead\/wp-json\/wp\/v2\/pages\/18356\/revisions"}],"predecessor-version":[{"id":18415,"href":"http:\/\/www2.unifap.br\/ead\/wp-json\/wp\/v2\/pages\/18356\/revisions\/18415"}],"wp:attachment":[{"href":"http:\/\/www2.unifap.br\/ead\/wp-json\/wp\/v2\/media?parent=18356"}],"curies":[{"name":"wp","href":"https:\/\/api.w.org\/{rel}","templated":true}]}}