{"id":18396,"date":"2018-07-19T11:49:19","date_gmt":"2018-07-19T14:49:19","guid":{"rendered":"http:\/\/www2.unifap.br\/ead\/?page_id=18396"},"modified":"2018-08-07T10:47:38","modified_gmt":"2018-08-07T13:47:38","slug":"chamada-para-tutor-a-distancia-educacao-fisica","status":"publish","type":"page","link":"http:\/\/www2.unifap.br\/ead\/chamada-para-tutor-a-distancia-educacao-fisica\/","title":{"rendered":"Chamada para Tutor a dist\u00e2ncia: Educa\u00e7\u00e3o F\u00edsica"},"content":{"rendered":"<p style=\"text-align: center\">UNIVERSIDADE FEDERAL DO AMAP\u00c1<br \/>\nPR\u00d3 &#8211; REITORIA DE ENSINO E GRADUA\u00c7\u00c3O-PROGRAD<br \/>\nDEPARTAMENTO DE EDUCA\u00c7\u00c3O \u00c0 DIST\u00c2NCIA-DEaD<br \/>\nUNIVERSIDADE ABERTA DO BRASIL-UAB<\/p>\n<p style=\"text-align: center\"><strong>CHAMADA INTERNA E EXTERNA PARA TUTOR A DIST\u00c2NCIA<\/strong><br \/>\n<strong>UNIFAP\/UAB\/CAPES<\/strong><\/p>\n<ul>\n<li>\n<h3><strong><a href=\"http:\/\/www2.unifap.br\/ead\/files\/2018\/07\/CONVOCA\u00c7\u00c3O-PARA-TUTOR-A-DIST\u00c2NCIA.pdf\">CONVOCA\u00c7\u00c3O <\/a>01\/2018\u00a0 &#8211; 07.08.2018<span style=\"color: #ff0000\"> (Novo)<\/span><\/strong><\/h3>\n<\/li>\n<li>\n<h3><strong><a href=\"http:\/\/www2.unifap.br\/ead\/files\/2018\/07\/RESULTADO-FINAL-TUTOR-MACAP\u00c1.pdf\">TUTOR A DIST\u00c2NCIA<\/a>:<a href=\"http:\/\/www2.unifap.br\/ead\/files\/2018\/07\/RESULTADO-FINAL-TUTOR-MACAP\u00c1.pdf\">RESULTADO FINA<\/a><a href=\"http:\/\/www2.unifap.br\/ead\/files\/2018\/07\/RESULTADO-FINAL-TUTOR-MACAP\u00c1.pdf\">L<\/a>\u00a0&#8211; 07.08.2018 <span style=\"color: #ff0000\">(Novo)<\/span><\/strong><\/h3>\n<\/li>\n<li>\n<h3><strong><a href=\"http:\/\/www2.unifap.br\/ead\/files\/2018\/07\/RESULTADO-PARCIAL-TUTOR-MACAP\u00c1.pdf\">TUTOR A DIST\u00c2NCIA<\/a>:<\/strong><strong><a href=\"http:\/\/www2.unifap.br\/ead\/files\/2018\/07\/RESULTADO-PARCIAL-TUTOR-MACAP\u00c1.pdf\">RESULTADO PARCIAL<\/a>&#8211;<\/strong><strong>\u00a0&#8211; 27.07.2018\u00a0<\/strong><\/h3>\n<\/li>\n<li>\n<h3><strong><a href=\"http:\/\/www2.unifap.br\/ead\/files\/2018\/07\/CHAMADA-INTERNA-E-EXTERNA-PARA-TUTOR-A-DIST\u00c2NCIA-2018-Macap\u00e1.pdf\">EDITAL: CHAMADA INTERNA E EXTERNA PARA TUTOR A DIST\u00c2NCIA 2018<\/a>\u00a0&#8211; 19.07.2018<span style=\"color: #ff0000\">\u00a0<\/span><\/strong><\/h3>\n<\/li>\n<\/ul>\n","protected":false},"excerpt":{"rendered":"<p>UNIVERSIDADE FEDERAL DO AMAP\u00c1 PR\u00d3 &#8211; REITORIA DE ENSINO E GRADUA\u00c7\u00c3O-PROGRAD DEPARTAMENTO DE EDUCA\u00c7\u00c3O \u00c0 DIST\u00c2NCIA-DEaD UNIVERSIDADE ABERTA DO BRASIL-UAB CHAMADA INTERNA E EXTERNA PARA TUTOR A DIST\u00c2NCIA UNIFAP\/UAB\/CAPES CONVOCA\u00c7\u00c3O&#8230;<\/p>\n","protected":false},"author":812,"featured_media":0,"parent":0,"menu_order":0,"comment_status":"closed","ping_status":"closed","template":"","meta":{"inline_featured_image":false,"ngg_post_thumbnail":0,"footnotes":""},"class_list":["post-18396","page","type-page","status-publish","hentry","entry"],"_links":{"self":[{"href":"http:\/\/www2.unifap.br\/ead\/wp-json\/wp\/v2\/pages\/18396","targetHints":{"allow":["GET"]}}],"collection":[{"href":"http:\/\/www2.unifap.br\/ead\/wp-json\/wp\/v2\/pages"}],"about":[{"href":"http:\/\/www2.unifap.br\/ead\/wp-json\/wp\/v2\/types\/page"}],"author":[{"embeddable":true,"href":"http:\/\/www2.unifap.br\/ead\/wp-json\/wp\/v2\/users\/812"}],"replies":[{"embeddable":true,"href":"http:\/\/www2.unifap.br\/ead\/wp-json\/wp\/v2\/comments?post=18396"}],"version-history":[{"count":5,"href":"http:\/\/www2.unifap.br\/ead\/wp-json\/wp\/v2\/pages\/18396\/revisions"}],"predecessor-version":[{"id":18424,"href":"http:\/\/www2.unifap.br\/ead\/wp-json\/wp\/v2\/pages\/18396\/revisions\/18424"}],"wp:attachment":[{"href":"http:\/\/www2.unifap.br\/ead\/wp-json\/wp\/v2\/media?parent=18396"}],"curies":[{"name":"wp","href":"https:\/\/api.w.org\/{rel}","templated":true}]}}