{"id":18434,"date":"2018-08-03T22:06:20","date_gmt":"2018-08-04T01:06:20","guid":{"rendered":"http:\/\/www2.unifap.br\/ead\/?page_id=18434"},"modified":"2019-03-07T19:24:02","modified_gmt":"2019-03-07T22:24:02","slug":"chamada-para-tutor-presencial-2018-2","status":"publish","type":"page","link":"http:\/\/www2.unifap.br\/ead\/chamada-para-tutor-presencial-2018-2\/","title":{"rendered":"Chamada para tutor presencial (2018.2)"},"content":{"rendered":"<h1 style=\"text-align: center\"><a href=\"http:\/\/www2.unifap.br\/ead\/files\/2018\/08\/tutorpresencial1.png\"><img decoding=\"async\" class=\"alignnone size-full wp-image-18440\" src=\"http:\/\/www2.unifap.br\/ead\/files\/2018\/08\/tutorpresencial1.png\" alt=\"tutorpresencial\" width=\"300\" height=\"91\" srcset=\"http:\/\/www2.unifap.br\/ead\/files\/2018\/08\/tutorpresencial1.png 3000w, http:\/\/www2.unifap.br\/ead\/files\/2018\/08\/tutorpresencial1-300x91.png 300w, http:\/\/www2.unifap.br\/ead\/files\/2018\/08\/tutorpresencial1-1024x312.png 1024w, http:\/\/www2.unifap.br\/ead\/files\/2018\/08\/tutorpresencial1-250x76.png 250w, http:\/\/www2.unifap.br\/ead\/files\/2018\/08\/tutorpresencial1-150x45.png 150w\" sizes=\"(max-width: 300px) 100vw, 300px\" \/><\/a><\/h1>\n<h1 style=\"text-align: center\"><strong>CHAMADA PARA TUTOR PRESENCIAL DE DA UNIFAP\/UAB\/CAPES<\/strong><\/h1>\n<p style=\"text-align: justify\">A Pr\u00f3-Reitoria de Ensino e Gradua\u00e7\u00e3o \u2013 PROGRAD, atrav\u00e9s do Departamento de Educa\u00e7\u00e3o \u00e0 Dist\u00e2ncia, no uso de suas atribui\u00e7\u00f5es legais e estatut\u00e1rias que o cargo lhe confere, de acordo com o que disp\u00f5e o artigo 43, o inciso II do artigo 44, combinado com os artigos 51, 53, e 54 da Lei 9.394, de 20 de dezembro de 1996, que estabelece as diretrizes e Bases da Educa\u00e7\u00e3o Nacional em parceria com Sistema Universidade Aberta do Brasil \u2013 UAB e conforme portaria CAPES de 23 de janeiro de 2017, Of\u00edcio 187\/2016-CCB\/CGFO\/DED\/CAPES e demais normas estabelecidas nesta chamada e quaisquer outras aplic\u00e1veis, TORNA P\u00daBLICO A CHAMADA PARA TUTOR PRESENCIAL UNIFAP\/UAB\/CAPES.<\/p>\n<ul>\n<li>\n<h4><strong><a href=\"http:\/\/www2.unifap.br\/ead\/files\/2019\/03\/AVISO-DE-PRORROGA\u00c7\u00c3O-CHAMADA-2018.2.pdf\">AVISO-DE-PRORROGA\u00c7\u00c3O-CHAMADA-2018.2<\/a><\/strong><\/h4>\n<\/li>\n<li>\n<h3><strong><a href=\"http:\/\/www2.unifap.br\/ead\/files\/2018\/08\/CHAMADA-TUTOR-PRESENCIAL.pdf\">CONVOCA\u00c7\u00c3O 01<\/a><br \/>\n<\/strong><\/h3>\n<\/li>\n<li>\n<h3><strong><a href=\"http:\/\/www2.unifap.br\/ead\/files\/2018\/08\/RESULTADO-CHAMADA-PARA-TUTOR-PRESENCIAL-DA-UNIFAP13.pdf\">RESULTADO DEFINITIVO.<\/a><\/strong><\/h3>\n<\/li>\n<li>\n<h3><strong><a href=\"http:\/\/www2.unifap.br\/ead\/files\/2018\/08\/RESULTADO-CHAMADA-PARA-TUTOR-PRESENCIAL-DA-UNIFAP1.pdf\">RESULTADO PROVIS\u00d3RIO<span style=\"color: #000000\">.<\/span><\/a><\/strong><\/h3>\n<\/li>\n<li>\n<h3><strong><a href=\"http:\/\/www2.unifap.br\/ead\/files\/2018\/08\/local-de-Entrevista.pdf\">LOCAL E DATA DA ENTREVISTA<\/a><\/strong><\/h3>\n<\/li>\n<li>\n<h3><a href=\"http:\/\/www2.unifap.br\/ead\/files\/2018\/08\/INSCRI\u00c7\u00d5ES-DEFERIDAS-DEFINITIVO-MATEMATICA-E-LETRAS-INGL\u00caS.pdf\"><strong>INSCRI\u00c7\u00d5ES DEFERIDAS DEFINITIVO<\/strong><\/a><\/h3>\n<\/li>\n<li>\n<h3><strong><a href=\"http:\/\/www2.unifap.br\/ead\/files\/2018\/08\/INSCRI\u00c7\u00d5ES-DEFERIDAS.pdf\">INSCRI\u00c7\u00d5ES DEFERIDAS PROVIS\u00d3RIO.<\/a><\/strong><\/h3>\n<\/li>\n<li>\n<h3><strong><a href=\"http:\/\/www2.unifap.br\/ead\/files\/2018\/08\/CHAMADA-DE-TUTOR-PRESENCIAL-NOVOdocx.pdf\">Chamada para Tutor presencial (2018.2).<\/a><\/strong><\/h3>\n<\/li>\n<\/ul>\n<p style=\"text-align: justify\">\n","protected":false},"excerpt":{"rendered":"<p>CHAMADA PARA TUTOR PRESENCIAL DE DA UNIFAP\/UAB\/CAPES A Pr\u00f3-Reitoria de Ensino e Gradua\u00e7\u00e3o \u2013 PROGRAD, atrav\u00e9s do Departamento de Educa\u00e7\u00e3o \u00e0 Dist\u00e2ncia, no uso de suas atribui\u00e7\u00f5es legais e estatut\u00e1rias&#8230;<\/p>\n","protected":false},"author":812,"featured_media":0,"parent":0,"menu_order":0,"comment_status":"closed","ping_status":"closed","template":"","meta":{"inline_featured_image":false,"ngg_post_thumbnail":0,"footnotes":""},"class_list":["post-18434","page","type-page","status-publish","hentry","entry"],"_links":{"self":[{"href":"http:\/\/www2.unifap.br\/ead\/wp-json\/wp\/v2\/pages\/18434","targetHints":{"allow":["GET"]}}],"collection":[{"href":"http:\/\/www2.unifap.br\/ead\/wp-json\/wp\/v2\/pages"}],"about":[{"href":"http:\/\/www2.unifap.br\/ead\/wp-json\/wp\/v2\/types\/page"}],"author":[{"embeddable":true,"href":"http:\/\/www2.unifap.br\/ead\/wp-json\/wp\/v2\/users\/812"}],"replies":[{"embeddable":true,"href":"http:\/\/www2.unifap.br\/ead\/wp-json\/wp\/v2\/comments?post=18434"}],"version-history":[{"count":14,"href":"http:\/\/www2.unifap.br\/ead\/wp-json\/wp\/v2\/pages\/18434\/revisions"}],"predecessor-version":[{"id":20512,"href":"http:\/\/www2.unifap.br\/ead\/wp-json\/wp\/v2\/pages\/18434\/revisions\/20512"}],"wp:attachment":[{"href":"http:\/\/www2.unifap.br\/ead\/wp-json\/wp\/v2\/media?parent=18434"}],"curies":[{"name":"wp","href":"https:\/\/api.w.org\/{rel}","templated":true}]}}