{"id":18518,"date":"2018-08-27T09:46:08","date_gmt":"2018-08-27T12:46:08","guid":{"rendered":"http:\/\/www2.unifap.br\/ead\/?page_id=18518"},"modified":"2018-09-26T11:17:02","modified_gmt":"2018-09-26T14:17:02","slug":"chamada-para-tutor-presencial-de-matematica-polo-santana-2","status":"publish","type":"page","link":"http:\/\/www2.unifap.br\/ead\/chamada-para-tutor-presencial-de-matematica-polo-santana-2\/","title":{"rendered":"Chamada para Tutor presencial de Matem\u00e1tica: Polo Santana"},"content":{"rendered":"<h2 style=\"text-align: center\"><\/h2>\n<h2 style=\"text-align: center\"><strong>CHAMADA EXTERNA PARA TUTOR PRESENCIAL DE<\/strong><br \/>\n<strong>MATEM\u00c1TICA POLO SANTANA DA UNIFAP\/UAB\/CAPES<\/strong><\/h2>\n<ul>\n<li>\n<h3><strong><a href=\"http:\/\/www2.unifap.br\/ead\/files\/2018\/08\/CHAMADA-presencial-matem\u00e1tica-2018-2-.pdf\">CHAMADA 01 <span style=\"color: #ff0000\">26.09.2018 (NOVO)<\/span><\/a><\/strong><\/h3>\n<\/li>\n<li>\n<h3><strong><a href=\"http:\/\/www2.unifap.br\/ead\/files\/2018\/08\/RESULTADO_FINAL-22.pdf\">RESULTADO FINAL \u2013 <span style=\"color: #888888\">24.09.2018<\/span><\/a><\/strong><\/h3>\n<\/li>\n<li>\n<h3><strong><a href=\"http:\/\/www2.unifap.br\/ead\/files\/2018\/08\/RESULTADO_FINAL-2.pdf\">Resultado Provis\u00f3rio <span style=\"color: #ff0000\"><span style=\"color: #888888\">20.09.2018<\/span> <\/span><\/a><\/strong><\/h3>\n<\/li>\n<li>\n<h3><strong><a href=\"http:\/\/www2.unifap.br\/ead\/files\/2018\/08\/local-de-entrevista-matem\u00e1tica-2-.pdf\">LOCAL E DATA DA ENTREVISTA <span style=\"color: #ff0000\"><span style=\"color: #888888\">13.09.2018<\/span> <\/span><\/a><\/strong><\/h3>\n<\/li>\n<li>\n<h3><strong><a href=\"http:\/\/www2.unifap.br\/ead\/files\/2018\/08\/HOLOLOGA\u00c7\u00c3O-DE-MATEMATICA21.pdf\">INSCRI\u00c7\u00d5ES DEFERIDAS DEFINITIVO <span style=\"color: #ff0000\"><span style=\"color: #888888\">13.09.2018<\/span> <\/span><\/a><\/strong><\/h3>\n<\/li>\n<li>\n<h3><strong><strong><\/strong><span style=\"color: #ff0000\"><a href=\"http:\/\/www2.unifap.br\/ead\/files\/2018\/08\/HOLOLOGA\u00c7\u00c3O-DE-MATEMATICA2.pdf\">INSCRI\u00c7\u00d5ES DEFERIDAS PROVIS\u00d3RIO<span style=\"color: #888888\">.<\/span><span style=\"color: #ff0000\"><span style=\"color: #888888\">11.09.2018<\/span> <\/span><\/a><\/span><\/strong><\/h3>\n<\/li>\n<li>\n<h3><strong><a href=\"http:\/\/www2.unifap.br\/ead\/files\/2018\/08\/Retifica\u00e7\u00e3o.pdf\">Retifica\u00e7\u00e3o do Per\u00edodo de inscri\u00e7\u00e3o-<span style=\"color: #888888\">05.09.2018<\/span><\/a><\/strong><\/h3>\n<\/li>\n<li>\n<h3><strong><a href=\"http:\/\/www2.unifap.br\/ead\/files\/2018\/08\/Chamada-de-tutor-presencial.pdf\">EDITAL DE CHAMADA &#8211; <span style=\"color: #ff0000\"><span style=\"color: #888888\">27.08.2018<\/span> <\/span><\/a><\/strong><\/h3>\n<\/li>\n<\/ul>\n","protected":false},"excerpt":{"rendered":"<p>CHAMADA EXTERNA PARA TUTOR PRESENCIAL DE MATEM\u00c1TICA POLO SANTANA DA UNIFAP\/UAB\/CAPES CHAMADA 01 26.09.2018 (NOVO) RESULTADO FINAL \u2013 24.09.2018 Resultado Provis\u00f3rio 20.09.2018 LOCAL E DATA DA ENTREVISTA 13.09.2018 INSCRI\u00c7\u00d5ES DEFERIDAS&#8230;<\/p>\n","protected":false},"author":812,"featured_media":0,"parent":0,"menu_order":0,"comment_status":"closed","ping_status":"closed","template":"","meta":{"inline_featured_image":false,"ngg_post_thumbnail":0,"footnotes":""},"class_list":["post-18518","page","type-page","status-publish","hentry","entry"],"_links":{"self":[{"href":"http:\/\/www2.unifap.br\/ead\/wp-json\/wp\/v2\/pages\/18518","targetHints":{"allow":["GET"]}}],"collection":[{"href":"http:\/\/www2.unifap.br\/ead\/wp-json\/wp\/v2\/pages"}],"about":[{"href":"http:\/\/www2.unifap.br\/ead\/wp-json\/wp\/v2\/types\/page"}],"author":[{"embeddable":true,"href":"http:\/\/www2.unifap.br\/ead\/wp-json\/wp\/v2\/users\/812"}],"replies":[{"embeddable":true,"href":"http:\/\/www2.unifap.br\/ead\/wp-json\/wp\/v2\/comments?post=18518"}],"version-history":[{"count":17,"href":"http:\/\/www2.unifap.br\/ead\/wp-json\/wp\/v2\/pages\/18518\/revisions"}],"predecessor-version":[{"id":18660,"href":"http:\/\/www2.unifap.br\/ead\/wp-json\/wp\/v2\/pages\/18518\/revisions\/18660"}],"wp:attachment":[{"href":"http:\/\/www2.unifap.br\/ead\/wp-json\/wp\/v2\/media?parent=18518"}],"curies":[{"name":"wp","href":"https:\/\/api.w.org\/{rel}","templated":true}]}}