{"id":18549,"date":"2018-09-03T10:20:11","date_gmt":"2018-09-03T13:20:11","guid":{"rendered":"http:\/\/www2.unifap.br\/ead\/?page_id=18549"},"modified":"2018-09-27T17:01:27","modified_gmt":"2018-09-27T20:01:27","slug":"chamada-externa-para-tutor-a-distancia-de-letrasingles-polo-macapasantana","status":"publish","type":"page","link":"http:\/\/www2.unifap.br\/ead\/chamada-externa-para-tutor-a-distancia-de-letrasingles-polo-macapasantana\/","title":{"rendered":"Chamada externa para Tutor a dist\u00e2ncia de Letras\/Ingl\u00eas: Polo Macap\u00e1\/Santana"},"content":{"rendered":"<h2 style=\"text-align: center\"><strong>CHAMADA EXTERNA PARA TUTOR A DIST\u00c2NCIA DE LETRAS<\/strong><br \/>\n<strong>INGL\u00caS POLO MACAP\u00c1\/SANTANA DA UNIFAP\/UAB\/CAPES<\/strong><\/h2>\n<p style=\"text-align: justify\">A Pr\u00f3-Reitoria de Ensino e Gradua\u00e7\u00e3o \u2013 PROGRAD, atrav\u00e9s do Departamento de Educa\u00e7\u00e3o a Dist\u00e2ncia, no uso de suas atribui\u00e7\u00f5es legais e estatut\u00e1rias que o cargo lhe confere, de acordo com o que disp\u00f5e o artigo 43, o inciso II do artigo 44, combinado com os artigos 51, 53, e 54 da Lei 9.394, de 20 de dezembro de 1996, que estabelece as diretrizes e Bases da Educa\u00e7\u00e3o Nacional em parceria com Sistema Universidade Aberta do Brasil \u2013 UAB e conforme portaria CAPES de 23 de janeiro de 2017, Of\u00edcio 187\/2016- CCB\/CGFO\/DED\/CAPES e demais normas estabelecidas nesta chamada e quaisquer outras aplic\u00e1veis.<\/p>\n<ul>\n<li>\n<h3><strong><a href=\"http:\/\/www2.unifap.br\/ead\/files\/2018\/09\/RESULTADO-FINAL-letras-ingl\u00easdocx.pdf\"><a href=\"http:\/\/www2.unifap.br\/ead\/files\/2018\/09\/RESULTADO-FINAL-LETRAS-INGL\u00caS.pdf\">RESULTADO FINAL <span style=\"color: #ff0000\">27.09.2018 (NOVO)<\/span><\/a><\/a><\/strong><\/h3>\n<\/li>\n<li>\n<h3><strong><a href=\"http:\/\/www2.unifap.br\/ead\/files\/2018\/09\/RESULTADO-provis\u00f3rio-letras-ingl\u00easdocx.pdf\">RESULTADO PROVIS\u00d3RIO- <span style=\"color: #888888\">25.09.2018<\/span><\/a><span style=\"color: #ff0000\"><br \/>\n<\/span><\/strong><\/h3>\n<\/li>\n<li>\n<h3><strong><a href=\"http:\/\/www2.unifap.br\/ead\/files\/2018\/09\/local-de-entrevista-letras-ingl\u00eas-.pdf\">LOCAL E DATA DA ENTREVISTA <span style=\"color: #ff0000\"><span style=\"color: #888888\">19.09.2018<\/span> <\/span><\/a><\/strong><\/h3>\n<\/li>\n<li>\n<h3><strong><a href=\"http:\/\/www2.unifap.br\/ead\/files\/2018\/09\/INSCRI\u00c7\u00d5ES-DEFERIDAS-LETRAS-INGL\u00caS-.pdf\">INSCRI\u00c7\u00d5ES HOMOLOGADAS \u2013 DEFERIDAS DEFINITO <\/a><span style=\"color: #ff0000\"><a href=\"http:\/\/www2.unifap.br\/ead\/files\/2018\/09\/INSCRI\u00c7\u00d5ES-DEFERIDAS-LETRAS-INGL\u00caS-.pdf\"><span style=\"color: #ff0000\"><span style=\"color: #888888\">19.09.2018<\/span> <\/span><\/a><\/span><\/strong><\/h3>\n<\/li>\n<li>\n<h3><strong><a href=\"http:\/\/www2.unifap.br\/ead\/files\/2018\/09\/INSCRI\u00c7\u00d5ES-DEFERIDAS-LETRAS-INGL\u00caS-17-09-2018.pdf\">INSCRI\u00c7\u00d5ES HOMOLOGADAS \u2013 DEFERIDAS PROVIS\u00d3RIO <span style=\"color: #ff0000\"><span style=\"color: #888888\">17.09.2018<\/span> <\/span><\/a><\/strong><\/h3>\n<\/li>\n<li>\n<h3><strong><a href=\"http:\/\/www2.unifap.br\/ead\/files\/2018\/09\/retifica\u00e7\u00e3o-letras.pdf\">RETIFICA\u00c7\u00c3O QUADRO I- REQUISITO<\/a>&#8211; <span style=\"color: #888888\">12.09.2018<\/span><\/strong><\/h3>\n<\/li>\n<li>\n<h3><a href=\"http:\/\/www2.unifap.br\/ead\/files\/2018\/09\/CHAMADA-DE-TUTOR-A-DIST\u00c2NCIA-LETRAS-INGL\u00caS.pdf\"><strong>CHAMADA DE TUTOR A DIST\u00c2NCIA LETRAS INGL\u00caS- <\/strong><span style=\"color: #ff0000\"><span style=\"color: #888888\">05.09.2018<\/span> <\/span><\/a><\/h3>\n<\/li>\n<\/ul>\n","protected":false},"excerpt":{"rendered":"<p>CHAMADA EXTERNA PARA TUTOR A DIST\u00c2NCIA DE LETRAS INGL\u00caS POLO MACAP\u00c1\/SANTANA DA UNIFAP\/UAB\/CAPES A Pr\u00f3-Reitoria de Ensino e Gradua\u00e7\u00e3o \u2013 PROGRAD, atrav\u00e9s do Departamento de Educa\u00e7\u00e3o a Dist\u00e2ncia, no uso&#8230;<\/p>\n","protected":false},"author":812,"featured_media":0,"parent":0,"menu_order":0,"comment_status":"closed","ping_status":"closed","template":"","meta":{"inline_featured_image":false,"ngg_post_thumbnail":0,"footnotes":""},"class_list":["post-18549","page","type-page","status-publish","hentry","entry"],"_links":{"self":[{"href":"http:\/\/www2.unifap.br\/ead\/wp-json\/wp\/v2\/pages\/18549","targetHints":{"allow":["GET"]}}],"collection":[{"href":"http:\/\/www2.unifap.br\/ead\/wp-json\/wp\/v2\/pages"}],"about":[{"href":"http:\/\/www2.unifap.br\/ead\/wp-json\/wp\/v2\/types\/page"}],"author":[{"embeddable":true,"href":"http:\/\/www2.unifap.br\/ead\/wp-json\/wp\/v2\/users\/812"}],"replies":[{"embeddable":true,"href":"http:\/\/www2.unifap.br\/ead\/wp-json\/wp\/v2\/comments?post=18549"}],"version-history":[{"count":16,"href":"http:\/\/www2.unifap.br\/ead\/wp-json\/wp\/v2\/pages\/18549\/revisions"}],"predecessor-version":[{"id":18674,"href":"http:\/\/www2.unifap.br\/ead\/wp-json\/wp\/v2\/pages\/18549\/revisions\/18674"}],"wp:attachment":[{"href":"http:\/\/www2.unifap.br\/ead\/wp-json\/wp\/v2\/media?parent=18549"}],"curies":[{"name":"wp","href":"https:\/\/api.w.org\/{rel}","templated":true}]}}