{"id":18725,"date":"2018-10-24T11:58:33","date_gmt":"2018-10-24T14:58:33","guid":{"rendered":"http:\/\/www2.unifap.br\/ead\/?page_id=18725"},"modified":"2018-12-26T09:33:47","modified_gmt":"2018-12-26T12:33:47","slug":"chamada-para-tutor-presencial-libras-2018-2","status":"publish","type":"page","link":"http:\/\/www2.unifap.br\/ead\/chamada-para-tutor-presencial-libras-2018-2\/","title":{"rendered":"Chamada para Tutor presencial &#8211; LIBRAS (2018.2)"},"content":{"rendered":"<h1 style=\"text-align: center\">CHAMADA INTERNA E EXTERNA PARA TUTOR PRESENCIAL &#8211; UNIFAP\/UAB\/CAPES<\/h1>\n<p style=\"text-align: justify\">A Pr\u00f3-Reitoria de Ensino e Gradua\u00e7\u00e3o \u2013 PROGRAD, atrav\u00e9s do Departamento de Educa\u00e7\u00e3o \u00e0\u00a0Dist\u00e2ncia, no uso de suas atribui\u00e7\u00f5es legais e estatut\u00e1rias que o cargo lhe confere, de acordo com\u00a0o que disp\u00f5e o artigo 43, o inciso II do artigo 44, combinado com os artigos 51, 53, e 54 da Lei 9.394,\u00a0de 20 de dezembro de 1996, que estabelece as diretrizes e Bases da Educa\u00e7\u00e3o Nacional em\u00a0parceria com Sistema Universidade Aberta do Brasil \u2013 UAB e conforme portaria CAPES de 23 de\u00a0janeiro de 2017, Of\u00edcio 187\/2016-CCB\/CGFO\/DED\/CAPES e demais normas estabelecidas nesta\u00a0chamada e quaisquer outras aplic\u00e1veis, TORNA P\u00daBLICO A CHAMADA INTERNA E\u00a0EXTERNA, PARA TUTOR PRESENCIAL UNIFAP\/UAB\/CAPES.<\/p>\n<ul>\n<li><strong><a href=\"http:\/\/www2.unifap.br\/ead\/files\/2018\/10\/CHAMADA-01-.pdf\">CHAMADA 01 <span style=\"color: #ff0000\">17.12.2018 (NOVO)<\/span><\/a><\/strong><\/li>\n<li>\n<h5><strong><a href=\"http:\/\/www2.unifap.br\/ead\/files\/2018\/10\/RESULTADO-LIBRAS.pdf\">RESULTADO FINAL <span style=\"color: #ff0000\">14.12.2018 (novo)<\/span><\/a><\/strong><\/h5>\n<\/li>\n<li><strong><a href=\"http:\/\/www2.unifap.br\/ead\/files\/2018\/11\/HOMOLOGA\u00c7\u00c3O-FINAL1.pdf\">Homologa\u00e7\u00e3o final &#8211; 07.12.2018\u00a0(NOVO<\/a>)<\/strong><\/li>\n<li><strong><a href=\"http:\/\/www2.unifap.br\/ead\/files\/2018\/11\/HOLOLOGA\u00c7\u00c3O-DE-MATEMATICA-Libras.pdf\">Inscri\u00e7\u00f5es Homologadas &#8211;\u00a006.12.2018\u00a0<\/a><\/strong><\/li>\n<li><strong>Inscri\u00e7\u00f5es prorrogadas at\u00e9 o dia 05\/12\/2018 \u2013 presencialmente\u00a0<\/strong><\/li>\n<li><strong><a href=\"http:\/\/www2.unifap.br\/ead\/files\/2018\/11\/Edital-Tutor-presencial-LIBRAS-2018.2.pdf\">Retifica\u00e7\u00e3o do edital Tutor presencial LIBRAS\u00a02018.2 &#8211; 29.11.2018<\/a><\/strong><\/li>\n<li><strong><a href=\"http:\/\/www2.unifap.br\/ead\/chamada-para-tutor-presencial-libras-2018-2\/\">Chamada para Tutor presencial &#8211; LIBRAS (2018.2)\u00a0<\/a><\/strong><\/li>\n<li><strong><a href=\"http:\/\/www2.unifap.br\/ead\/files\/2018\/10\/Edital-Tutor-presencial-LIBRAS-2018.2.pdf\">Edital Tutor presencial LIBRAS 2018.2<\/a>\u00a0&#8211; 24.10.2018<\/strong><\/li>\n<\/ul>\n","protected":false},"excerpt":{"rendered":"<p>CHAMADA INTERNA E EXTERNA PARA TUTOR PRESENCIAL &#8211; UNIFAP\/UAB\/CAPES A Pr\u00f3-Reitoria de Ensino e Gradua\u00e7\u00e3o \u2013 PROGRAD, atrav\u00e9s do Departamento de Educa\u00e7\u00e3o \u00e0\u00a0Dist\u00e2ncia, no uso de suas atribui\u00e7\u00f5es legais e&#8230;<\/p>\n","protected":false},"author":812,"featured_media":0,"parent":0,"menu_order":0,"comment_status":"closed","ping_status":"closed","template":"","meta":{"inline_featured_image":false,"ngg_post_thumbnail":0,"footnotes":""},"class_list":["post-18725","page","type-page","status-publish","hentry","entry"],"_links":{"self":[{"href":"http:\/\/www2.unifap.br\/ead\/wp-json\/wp\/v2\/pages\/18725","targetHints":{"allow":["GET"]}}],"collection":[{"href":"http:\/\/www2.unifap.br\/ead\/wp-json\/wp\/v2\/pages"}],"about":[{"href":"http:\/\/www2.unifap.br\/ead\/wp-json\/wp\/v2\/types\/page"}],"author":[{"embeddable":true,"href":"http:\/\/www2.unifap.br\/ead\/wp-json\/wp\/v2\/users\/812"}],"replies":[{"embeddable":true,"href":"http:\/\/www2.unifap.br\/ead\/wp-json\/wp\/v2\/comments?post=18725"}],"version-history":[{"count":8,"href":"http:\/\/www2.unifap.br\/ead\/wp-json\/wp\/v2\/pages\/18725\/revisions"}],"predecessor-version":[{"id":19086,"href":"http:\/\/www2.unifap.br\/ead\/wp-json\/wp\/v2\/pages\/18725\/revisions\/19086"}],"wp:attachment":[{"href":"http:\/\/www2.unifap.br\/ead\/wp-json\/wp\/v2\/media?parent=18725"}],"curies":[{"name":"wp","href":"https:\/\/api.w.org\/{rel}","templated":true}]}}