{"id":19050,"date":"2018-12-21T13:20:05","date_gmt":"2018-12-21T16:20:05","guid":{"rendered":"http:\/\/www2.unifap.br\/ead\/?page_id=19050"},"modified":"2019-05-22T11:33:10","modified_gmt":"2019-05-22T14:33:10","slug":"chamada-interna-para-professor-formador-letras-ingles","status":"publish","type":"page","link":"http:\/\/www2.unifap.br\/ead\/chamada-interna-para-professor-formador-letras-ingles\/","title":{"rendered":"Chamada interna n\u00ba01\/2018 para Professor Formador: Letras Ingl\u00eas"},"content":{"rendered":"<p style=\"text-align: center\"><strong>CHAMADA INTERNA PARA PROFESSOR FORMADOR DO CURSO DE<\/strong><br \/>\n<strong>GRADUA\u00c7\u00c3O LETRAS INGL\u00caS\u2013 MODALIDADE A DIST\u00c2NCIA, POLO<\/strong><br \/>\n<strong>MACAP\u00c1 E SANTANA, UNIFAP\/UAB\/CAPES<\/strong><\/p>\n<ul>\n<li><strong><a href=\"http:\/\/www2.unifap.br\/ead\/files\/2019\/05\/CONVOCA\u00c7\u00c3O-N\u00ba-05-PROFESSORES-FORMADORES.pdf\">Convoca\u00e7\u00e3o n\u00ba05<\/a>&nbsp;&#8211; 22.05.2019 <span style=\"color: #ff0000\">(novo)<\/span><\/strong><\/li>\n<li><strong><a href=\"http:\/\/www2.unifap.br\/ead\/files\/2019\/04\/CONVOCA\u00c7\u00c3O-N\u00ba-04-PROFESSORES-FORMADORES.pdf\">Convoca\u00e7\u00e3o n\u00ba04 &#8211; 09.04.2019<\/a><\/strong><\/li>\n<li><a href=\"http:\/\/www2.unifap.br\/ead\/files\/2019\/03\/CONVOCAO_N_03_PROFESSORES_FORMADORES.pdf\"><strong>Convoca\u00e7\u00e3o n\u00ba03 \u2013 08.03.2019&nbsp;<\/strong><\/a><\/li>\n<li><strong><a href=\"http:\/\/www2.unifap.br\/ead\/files\/2018\/12\/CONVOCACAO_N\u00ba-02-PROFESSORES-FORMADORES-1.pdf\">Convoca\u00e7\u00e3o n\u00ba02 &#8211; 15.02.2019 <\/a><\/strong><\/li>\n<li><span style=\"color: #888888\"><strong><span style=\"color: #000000\"><a href=\"http:\/\/www2.unifap.br\/ead\/files\/2018\/12\/CONVOCACAO_N\u00ba-01-PROFESSOR-FORMADOR.pdf\"><span style=\"color: #000000\">Convoca\u00e7\u00e3o 01<\/span><\/a><\/span>&nbsp;&#8211; 06.02.2019&nbsp;<\/strong><\/span><\/li>\n<li><strong><a href=\"http:\/\/www2.unifap.br\/ead\/files\/2018\/12\/2019.1-RESULTADO-FINAL-PROFESORESFORMADORES-LETRAS-INGL\u00caS.pdf\">Resultado Final<\/a>&nbsp;&#8211; 30.01.2019 <span style=\"color: #ff0000\"><br \/>\n<\/span><\/strong><\/li>\n<li><strong><a href=\"http:\/\/www2.unifap.br\/ead\/files\/2018\/12\/2019-TABELA-RESULTADO-PRELIMINAR-TITULO-INTERNO-DOS-PROFESORESFORMADORES-LETRAS-INGL\u00caS.pdf\">Resultado preliminar: Prova de T\u00edtulos<\/a>&nbsp;&#8211; 28.01.2019<\/strong><\/li>\n<li><strong><a href=\"http:\/\/www2.unifap.br\/ead\/files\/2018\/12\/2019.1-RESULTADO-PRELIMINAR-INTERNO-DOS-PROFESORESFORMADORES-LETRAS-INGL\u00caS-.pdf\">RESULTADO PRELIMINAR&nbsp;<\/a>&#8211; 24.01.2019<span style=\"color: #ff0000\">&nbsp;<\/span><\/strong><\/li>\n<li><strong>LINK PARA INSCRI\u00c7\u00c3O: <a href=\"https:\/\/docs.google.com\/forms\/d\/e\/1FAIpQLScRDWmx7lFdiohnha_XCZUSUQUxgqEvH8Hh1ok6x9S5PR0IBg\/viewform\">CLIQUE AQUI<\/a>&nbsp;<strong><strong>(inscri\u00e7\u00f5es encerradas)<\/strong><\/strong><\/strong><\/li>\n<li><strong><a href=\"http:\/\/www2.unifap.br\/ead\/files\/2018\/12\/RETIFICA\u00c7\u00c3O-DO-EDITAL-02-2018-CHAMADA-EXTERNA-TUTOR-A-DIST\u00c2NCIA-RETIFICA\u00c7\u00c3O-3.pdf\">RETIFICA\u00c7\u00c3O 03 DO EDITAL 01\/2018 &#8211; CHAMADA INTERNA PROFESSOR FORMADOR&nbsp;&nbsp;<\/a>&#8211; 14.01.2018 <\/strong><a href=\"http:\/\/www2.unifap.br\/ead\/files\/2018\/12\/RETIFICA\u00c7\u00c3O-DO-EDITAL-02-2018-CHAMADA-EXTERNA-TUTOR-A-DIST\u00c2NCIA-RETIFICA\u00c7\u00c3O-3.pdf\"><br \/>\n<\/a><\/li>\n<li><strong><a href=\"http:\/\/www2.unifap.br\/ead\/files\/2018\/12\/RETIFICA\u00c7\u00c3O-DO-EDITAL-01-2018-CHAMADA-INTERNA-PROFESSOR-FORMADOR.pdf\">RETIFICA\u00c7\u00c3O 02 DO EDITAL 01\/2018 &#8211; CHAMADA INTERNA PROFESSOR FORMADOR<\/a>&nbsp;&#8211; 08.01.2019 <span style=\"color: #ff0000\"><br \/>\n<\/span><\/strong><\/li>\n<li><strong><a href=\"http:\/\/www2.unifap.br\/ead\/files\/2018\/12\/ANEXOS-PROFESSOR-FORMADOR-2019.pdf\">ANEXOS<\/a>&nbsp;&#8211; 08.01.2019 <span style=\"color: #ff0000\"><br \/>\n<\/span><\/strong><\/li>\n<li><strong><a href=\"http:\/\/www2.unifap.br\/ead\/files\/2018\/12\/RETIFICA\u00c7\u00c3O-DO-EDITAL-01-2018-PROFESSOR-FORMADOR-LETRAS-INGL\u00caS.pdf\">RETIFICA\u00c7\u00c3O 01 DO EDITAL 01\/2018 &#8211; PROFESSOR FORMADOR LETRAS INGL\u00caS<\/a>&nbsp; &#8211; 24.12.2018&nbsp;<span style=\"color: #ff0000\"><strong><br \/>\n<\/strong><\/span><\/strong><\/li>\n<li><strong><a href=\"http:\/\/www2.unifap.br\/ead\/files\/2018\/12\/2019-EDITAL-DE-CHAMADA-INTERNA-PROFESSOR-FORMADOR-LETRAS-INGL\u00caS.pdf\">EDITAL DE CHAMADA INTERNA PROFESSOR FORMADOR LETRAS INGL\u00caS<\/a>&nbsp;&#8211; 21.12.2018&nbsp;<\/strong><\/li>\n<\/ul>\n","protected":false},"excerpt":{"rendered":"<p>CHAMADA INTERNA PARA PROFESSOR FORMADOR DO CURSO DE GRADUA\u00c7\u00c3O LETRAS INGL\u00caS\u2013 MODALIDADE A DIST\u00c2NCIA, POLO MACAP\u00c1 E SANTANA, UNIFAP\/UAB\/CAPES Convoca\u00e7\u00e3o n\u00ba05&nbsp;&#8211; 22.05.2019 (novo) Convoca\u00e7\u00e3o n\u00ba04 &#8211; 09.04.2019 Convoca\u00e7\u00e3o n\u00ba03 \u2013&#8230;<\/p>\n","protected":false},"author":812,"featured_media":0,"parent":0,"menu_order":0,"comment_status":"closed","ping_status":"closed","template":"fullwidth.php","meta":{"inline_featured_image":false,"ngg_post_thumbnail":0,"footnotes":""},"class_list":["post-19050","page","type-page","status-publish","hentry","entry"],"_links":{"self":[{"href":"http:\/\/www2.unifap.br\/ead\/wp-json\/wp\/v2\/pages\/19050","targetHints":{"allow":["GET"]}}],"collection":[{"href":"http:\/\/www2.unifap.br\/ead\/wp-json\/wp\/v2\/pages"}],"about":[{"href":"http:\/\/www2.unifap.br\/ead\/wp-json\/wp\/v2\/types\/page"}],"author":[{"embeddable":true,"href":"http:\/\/www2.unifap.br\/ead\/wp-json\/wp\/v2\/users\/812"}],"replies":[{"embeddable":true,"href":"http:\/\/www2.unifap.br\/ead\/wp-json\/wp\/v2\/comments?post=19050"}],"version-history":[{"count":22,"href":"http:\/\/www2.unifap.br\/ead\/wp-json\/wp\/v2\/pages\/19050\/revisions"}],"predecessor-version":[{"id":20868,"href":"http:\/\/www2.unifap.br\/ead\/wp-json\/wp\/v2\/pages\/19050\/revisions\/20868"}],"wp:attachment":[{"href":"http:\/\/www2.unifap.br\/ead\/wp-json\/wp\/v2\/media?parent=19050"}],"curies":[{"name":"wp","href":"https:\/\/api.w.org\/{rel}","templated":true}]}}