{"id":19054,"date":"2018-12-21T13:22:28","date_gmt":"2018-12-21T16:22:28","guid":{"rendered":"http:\/\/www2.unifap.br\/ead\/?page_id=19054"},"modified":"2019-05-22T11:29:27","modified_gmt":"2019-05-22T14:29:27","slug":"chamada-externa-para-tutores-a-distancia-letras-ingles","status":"publish","type":"page","link":"http:\/\/www2.unifap.br\/ead\/chamada-externa-para-tutores-a-distancia-letras-ingles\/","title":{"rendered":"Tutores a Dist\u00e2ncia: Letras Ingl\u00eas"},"content":{"rendered":"<p style=\"text-align: center\">CHAMADA EXTERNA PARA TUTORES A DIST\u00c2NCIA DO CURSO DE<br \/>\nGRADUA\u00c7\u00c3O LETRAS INGL\u00caS, POLO MACAP\u00c1 E SANTANA,&nbsp;UNIFAP\/UAB\/CAPES<\/p>\n<ul>\n<li><strong><a href=\"http:\/\/www2.unifap.br\/ead\/files\/2019\/05\/CONVOCA\u00c7\u00c3O-N\u00ba-05-DE-TUTORES-A-DISTANCIA.pdf\">CONVOCA\u00c7\u00c3O N\u00ba 06 &#8211; 22.05.2019<span style=\"color: #ff0000\"> (novo)<\/span><\/a><\/strong><\/li>\n<li><strong><a href=\"http:\/\/www2.unifap.br\/ead\/files\/2019\/04\/CONVOCA\u00c7\u00c3O-N\u00ba-04-DE-TUTORES-A-DISTANCIA.pdf\">CONVOCA\u00c7\u00c3O N\u00ba 05&nbsp; &#8211; 09.04.2019&nbsp;<\/a><\/strong><\/li>\n<li><strong><a href=\"http:\/\/www2.unifap.br\/ead\/files\/2019\/03\/CONVOCA\u00c7\u00c3O-N\u00ba-04-DE-TUTORES-A-DISTANCIA.pdf\">CONVOCA\u00c7\u00c3O N\u00ba 04 &#8211; 16.03.2019 <\/a><\/strong><\/li>\n<li><a href=\"http:\/\/www2.unifap.br\/ead\/files\/2019\/03\/CONVOCAO_N_03_DE__TUTORES_A_DISTANCIA.pdf\"><strong>CONVOCACAO_N\u00ba 03 \u2013 08.03.2019<span style=\"color: #ff0000\">&nbsp;<\/span><\/strong><\/a><\/li>\n<li><strong><a href=\"http:\/\/www2.unifap.br\/ead\/files\/2018\/12\/CONVOCACAO_N\u00ba-02-DE-CHAMADA-DE-TUTORES.pdf\">CONVOCACAO_N\u00ba 02 &#8211; 15.02.2019<\/a><\/strong><\/li>\n<li><strong><a href=\"http:\/\/www2.unifap.br\/ead\/files\/2018\/12\/CONVOCACAO_N\u00ba-01-DE-CHAMADA-DE-TUTORES-1.pdf\">CONVOCA\u00c7\u00c3O_N\u00ba 01<\/a>&nbsp;&#8211; 06.02.2019&nbsp;<\/strong><\/li>\n<li><strong><a href=\"http:\/\/www2.unifap.br\/ead\/files\/2018\/12\/2019-RESULTADO-FINAL-DOS-TUTORES-A-DIST\u00c2NCIA-LETRAS-INGL\u00caS.pdf\">RESULTADO FINAL<\/a>&nbsp;&#8211; 30.01.2019<\/strong><\/li>\n<li><strong><a href=\"http:\/\/www2.unifap.br\/ead\/files\/2018\/12\/2019-TABELA-RESULTADO-PRELIMINAR-DOS-TUTORES-A-DIST\u00c2NCIA-INSCRITOS-LETRAS-INGL\u00caS.pdf\">RESULTADO PRELIMINAR: PROVA DE T\u00cdTULO &#8211; 28.01.2019<\/a><\/strong><\/li>\n<li><strong><span style=\"color: #333333\"><a href=\"http:\/\/www2.unifap.br\/ead\/files\/2018\/12\/2019.1-RESULTADO-PRELIMINAR-EXTERNODOS-TUTORES-A-DIST\u00c2NCIA-LETRAS-INGL\u00caS.pdf\"><span style=\"color: #333333\">RES<\/span><\/a><a style=\"color: #ff4b33\" href=\"http:\/\/www2.unifap.br\/ead\/files\/2018\/12\/2019.1-RESULTADO-PRELIMINAR-EXTERNODOS-TUTORES-A-DIST\u00c2NCIA-LETRAS-INGL\u00caS.pdf\"><span style=\"color: #333333\">ULTADO PRELIMINAR<\/span><\/a><\/span>&nbsp;&#8211; 24.01.2019 <span style=\"color: #ff0000\"><br \/>\n<\/span><\/strong><\/li>\n<li><strong><a href=\"https:\/\/docs.google.com\/forms\/d\/e\/1FAIpQLSeR-JsSQAyw01sxJjSlE0L9p6x22ZBtFRAs6slQLMrNpzX-fg\/viewform\">LINK PARA INSCRI\u00c7\u00c3O: CLIQUE AQUI<\/a>&nbsp;(INSCRI\u00c7\u00d5ES ENCERRADAS)<\/strong><\/li>\n<li><strong><a href=\"http:\/\/www2.unifap.br\/ead\/files\/2018\/12\/RETIFICA\u00c7\u00c3O-DO-EDITAL-02-2018-CHAMADA-EXTERNA-TUTOR-A-DIST\u00c2NCIA.pdf\">RETIFICA\u00c7\u00c3O 02 DO EDITAL 02-2018: CHAMADA N\u00ba02\/2018 TUTOR A DIST\u00c2NCIA<\/a>&nbsp;&#8211; 08.01.2019 <span style=\"color: #ff0000\">(novo)<\/span><\/strong><\/li>\n<li><strong><a href=\"http:\/\/www2.unifap.br\/ead\/files\/2018\/12\/ANEXOS-TUTORIA-A-DIST\u00c2NCIA-2019.pdf\">ANEXOS &#8211; 08.01.2019<\/a>&nbsp;<span style=\"color: #ff0000\"><br \/>\n<\/span><\/strong><\/li>\n<li><strong><a href=\"http:\/\/www2.unifap.br\/ead\/files\/2018\/12\/RETIFICA\u00c7\u00c3O-DO-EDITAL-02-2018-TUTOR-A-DIST\u00c2NCIA-LETRAS-INGL\u00caS-.pdf\">RETIFICA\u00c7\u00c3O 01 DO EDITAL 02-2018-TUTOR A DIST\u00c2NCIA LETRAS INGL\u00caS &#8211;<\/a>&nbsp;24.12.2018&nbsp;<\/strong><span style=\"color: #ff0000\"><strong>(novo)<\/strong><\/span><\/li>\n<li><strong><a href=\"http:\/\/www2.unifap.br\/ead\/files\/2018\/12\/2019-EDITAL-DE-CHAMADA-EXTERNA-TUTORES-AS-DISTANCIA-LETRAS-INGL\u00caS-1.pdf\">EDITAL DE CHAMADA EXTERNA TUTORES AS DISTANCIA LETRAS INGL\u00caS<\/a>&nbsp;&#8211; 21.12.2018&nbsp;<\/strong><\/li>\n<\/ul>\n","protected":false},"excerpt":{"rendered":"<p>CHAMADA EXTERNA PARA TUTORES A DIST\u00c2NCIA DO CURSO DE GRADUA\u00c7\u00c3O LETRAS INGL\u00caS, POLO MACAP\u00c1 E SANTANA,&nbsp;UNIFAP\/UAB\/CAPES CONVOCA\u00c7\u00c3O N\u00ba 06 &#8211; 22.05.2019 (novo) CONVOCA\u00c7\u00c3O N\u00ba 05&nbsp; &#8211; 09.04.2019&nbsp; CONVOCA\u00c7\u00c3O N\u00ba 04&#8230;<\/p>\n","protected":false},"author":812,"featured_media":0,"parent":0,"menu_order":0,"comment_status":"closed","ping_status":"closed","template":"fullwidth.php","meta":{"inline_featured_image":false,"ngg_post_thumbnail":0,"footnotes":""},"class_list":["post-19054","page","type-page","status-publish","hentry","entry"],"_links":{"self":[{"href":"http:\/\/www2.unifap.br\/ead\/wp-json\/wp\/v2\/pages\/19054","targetHints":{"allow":["GET"]}}],"collection":[{"href":"http:\/\/www2.unifap.br\/ead\/wp-json\/wp\/v2\/pages"}],"about":[{"href":"http:\/\/www2.unifap.br\/ead\/wp-json\/wp\/v2\/types\/page"}],"author":[{"embeddable":true,"href":"http:\/\/www2.unifap.br\/ead\/wp-json\/wp\/v2\/users\/812"}],"replies":[{"embeddable":true,"href":"http:\/\/www2.unifap.br\/ead\/wp-json\/wp\/v2\/comments?post=19054"}],"version-history":[{"count":21,"href":"http:\/\/www2.unifap.br\/ead\/wp-json\/wp\/v2\/pages\/19054\/revisions"}],"predecessor-version":[{"id":20865,"href":"http:\/\/www2.unifap.br\/ead\/wp-json\/wp\/v2\/pages\/19054\/revisions\/20865"}],"wp:attachment":[{"href":"http:\/\/www2.unifap.br\/ead\/wp-json\/wp\/v2\/media?parent=19054"}],"curies":[{"name":"wp","href":"https:\/\/api.w.org\/{rel}","templated":true}]}}