{"id":19091,"date":"2018-12-27T12:56:10","date_gmt":"2018-12-27T15:56:10","guid":{"rendered":"http:\/\/www2.unifap.br\/ead\/?page_id=19091"},"modified":"2019-04-01T17:57:05","modified_gmt":"2019-04-01T20:57:05","slug":"chamada-internaexterna-no032018-para-professor-formador-administracao-publica","status":"publish","type":"page","link":"http:\/\/www2.unifap.br\/ead\/chamada-internaexterna-no032018-para-professor-formador-administracao-publica\/","title":{"rendered":"Chamada interna\/externa n\u00ba03\/2018 para Professor Formador: Administra\u00e7\u00e3o P\u00fablica"},"content":{"rendered":"<h2 style=\"text-align: center\"><strong>Chamada interna\/externa para Professor formador do curso de Bacharelado em Administra\u00e7\u00e3o P\u00fablica, polo Vit\u00f3ria do Jar\u00ed-AP UNIFAP\/UAB\/CAPES<\/strong><\/h2>\n<p>&nbsp;<\/p>\n<ul>\n<li><strong><a href=\"http:\/\/www2.unifap.br\/ead\/files\/2018\/12\/CONVOCA\u00c7\u00c3O-FORMADOR-JARI.pdf\">Convoca\u00e7\u00e3o &#8211; 21.02.2019<span style=\"color: #ff0000\"> (novo)<\/span><\/a><\/strong><\/li>\n<li><strong><a href=\"http:\/\/www2.unifap.br\/ead\/files\/2018\/12\/RESULTADO-FORMADOR-VITORIA.pdf\">Resultado Final<\/a>&nbsp;&#8211; 31.01.2019 <span style=\"color: #ff0000\"><br \/>\n<\/span><\/strong><\/li>\n<li><strong><a href=\"http:\/\/www2.unifap.br\/ead\/files\/2018\/12\/An\u00e1lise-de-t\u00edtulos-280120191.pdf\">An\u00e1lise de t\u00edtulos &#8211; 28.01.2019<\/a>&nbsp;<span style=\"color: #ff0000\"><br \/>\n<\/span><\/strong><\/li>\n<li><strong><a href=\"http:\/\/www2.unifap.br\/ead\/files\/2018\/12\/Retifica\u00e7\u00e3o-02-Chamadainternaexterna-n032018.pdf\">Retifica\u00e7\u00e3o 02: Chamada interna\/externa n\u00ba03\/2018<\/a>&nbsp;&#8211; 24.01.2019 <span style=\"color: #ff0000\"><br \/>\n<\/span><\/strong><\/li>\n<li><strong><a href=\"http:\/\/www2.unifap.br\/ead\/files\/2018\/12\/Resultados-das-inscri\u00e7\u00f5es-homologadas-e-indeferidas-21.01.2019-novo-PVJ1.pdf\">Resultados das inscri\u00e7\u00f5es homologadas e indeferidas &#8211; 21.01.2019<\/a><\/strong><\/li>\n<li><strong>Link para inscri\u00e7\u00e3o:&nbsp;<a href=\"https:\/\/docs.google.com\/forms\/d\/e\/1FAIpQLSfNfupTR_HEis-fkNu3RzPjrh3XPH4nXObE_YqgdAjwiyC2uA\/viewform\">clique aqui<\/a>&nbsp;<strong><strong>(inscri\u00e7\u00f5es encerradas)<\/strong><\/strong><\/strong><\/li>\n<li><strong><a href=\"http:\/\/www2.unifap.br\/ead\/files\/2018\/12\/Chamada-interna-externa-n032018-para-Professor-Formador-Administra\u00e7\u00e3o-P\u00fablica1.pdf\">Retifica\u00e7\u00e3o 01: Chamada interna\/externa n\u00ba03\/2018 para Professor Formador: Administra\u00e7\u00e3o P\u00fablica<\/a>&nbsp;&#8211; 09.01.2019 <\/strong><\/li>\n<li><strong>Edital:&nbsp;<a href=\"http:\/\/www2.unifap.br\/ead\/files\/2018\/12\/FORMADOR-VITORIA.pdf\">Chamada interna\/externa n\u00ba03\/2018 para Professor Formador: Administra\u00e7\u00e3o P\u00fablica<\/a>&nbsp;&#8211; 27.12.2018 <span style=\"color: #ff0000\"><br \/>\n<\/span><\/strong><\/li>\n<\/ul>\n","protected":false},"excerpt":{"rendered":"<p>Chamada interna\/externa para Professor formador do curso de Bacharelado em Administra\u00e7\u00e3o P\u00fablica, polo Vit\u00f3ria do Jar\u00ed-AP UNIFAP\/UAB\/CAPES &nbsp; Convoca\u00e7\u00e3o &#8211; 21.02.2019 (novo) Resultado Final&nbsp;&#8211; 31.01.2019 An\u00e1lise de t\u00edtulos &#8211; 28.01.2019&nbsp;&#8230;<\/p>\n","protected":false},"author":812,"featured_media":0,"parent":0,"menu_order":0,"comment_status":"closed","ping_status":"closed","template":"fullwidth.php","meta":{"inline_featured_image":false,"ngg_post_thumbnail":0,"footnotes":""},"class_list":["post-19091","page","type-page","status-publish","hentry","entry"],"_links":{"self":[{"href":"http:\/\/www2.unifap.br\/ead\/wp-json\/wp\/v2\/pages\/19091","targetHints":{"allow":["GET"]}}],"collection":[{"href":"http:\/\/www2.unifap.br\/ead\/wp-json\/wp\/v2\/pages"}],"about":[{"href":"http:\/\/www2.unifap.br\/ead\/wp-json\/wp\/v2\/types\/page"}],"author":[{"embeddable":true,"href":"http:\/\/www2.unifap.br\/ead\/wp-json\/wp\/v2\/users\/812"}],"replies":[{"embeddable":true,"href":"http:\/\/www2.unifap.br\/ead\/wp-json\/wp\/v2\/comments?post=19091"}],"version-history":[{"count":20,"href":"http:\/\/www2.unifap.br\/ead\/wp-json\/wp\/v2\/pages\/19091\/revisions"}],"predecessor-version":[{"id":20698,"href":"http:\/\/www2.unifap.br\/ead\/wp-json\/wp\/v2\/pages\/19091\/revisions\/20698"}],"wp:attachment":[{"href":"http:\/\/www2.unifap.br\/ead\/wp-json\/wp\/v2\/media?parent=19091"}],"curies":[{"name":"wp","href":"https:\/\/api.w.org\/{rel}","templated":true}]}}