{"id":19101,"date":"2018-12-27T13:11:30","date_gmt":"2018-12-27T16:11:30","guid":{"rendered":"http:\/\/www2.unifap.br\/ead\/?page_id=19101"},"modified":"2019-04-01T18:19:07","modified_gmt":"2019-04-01T21:19:07","slug":"chamada-externa-no032018-para-tutores-a-distancia-administracao-publica","status":"publish","type":"page","link":"http:\/\/www2.unifap.br\/ead\/chamada-externa-no032018-para-tutores-a-distancia-administracao-publica\/","title":{"rendered":"Tutor (n\u00ba03\/2018): Administra\u00e7\u00e3o P\u00fablica"},"content":{"rendered":"<h2 align=\"center\"><b>Chamada interna\/externa para sele\u00e7\u00e3o de Tutores do curso de Bacharelado em Administra\u00e7\u00e3o P\u00fablica, UNIFAP\/UAB\/CAPES<\/b><b><\/b><\/h2>\n<ul>\n<li><strong><a href=\"http:\/\/www2.unifap.br\/ead\/files\/2018\/12\/CONVOCA\u00c7\u00c3O-TUTOR-POLOS.pdf\">Convoca\u00e7\u00e3o &#8211; 21.02.2019 <span style=\"color: #ff0000\">(novo)<\/span><\/a><\/strong><\/li>\n<li><strong><a href=\"http:\/\/www2.unifap.br\/ead\/files\/2018\/12\/RESULTADO-TUTOR-POLOS.pdf\">Resultado Final<\/a>&nbsp;&#8211; 31.01.2019 <span style=\"color: #ff0000\"><br \/>\n<\/span><\/strong><\/li>\n<li><strong><a href=\"http:\/\/www2.unifap.br\/ead\/files\/2018\/12\/An\u00e1lise-de-t\u00edtulos-28012019-tutor.pdf\">An\u00e1lise de t\u00edtulos &#8211; 28.01.2019<\/a><\/strong><\/li>\n<li><a href=\"http:\/\/www2.unifap.br\/ead\/files\/2019\/01\/CRONO-TUTOR-EAD1-1.pdf\"><strong>Retifica\u00e7\u00e3o 03: Chamada interna\/externa n\u00ba03\/2018 &#8211; 24.01.2019 <span style=\"color: #ff0000\"><br \/>\n<\/span><\/strong><\/a><\/li>\n<li><strong><a href=\"http:\/\/www2.unifap.br\/ead\/files\/2018\/12\/Resultados-das-inscri\u00e7\u00f5es-homologadas-e-indeferidas-21.01.2019-novo-TUTOR1.pdf\">Resultados das inscri\u00e7\u00f5es homologadas e indeferidas &#8211; 21.01.2019 <span style=\"color: #ff0000\"><br \/>\n<\/span><\/a><\/strong><\/li>\n<li><strong><a href=\"https:\/\/docs.google.com\/forms\/d\/e\/1FAIpQLSci7FNNWuinO-g4v-bkAXR9z6c60mWDXIzmXEQQXLjdezOIGg\/viewform\">Link para inscri\u00e7\u00e3o: clique aqui<\/a>&nbsp;(inscri\u00e7\u00f5es encerradas).&nbsp;<\/strong><\/li>\n<li><strong>Retifica\u00e7\u00e3o 02 &#8211;&nbsp;<a href=\"http:\/\/www2.unifap.br\/ead\/files\/2018\/12\/Chamada-interna-externa-n032018-para-Tutor-Administra\u00e7\u00e3o-P\u00fablica.pdf\">Chamada interna\/externa n\u00ba03\/2018 para Tutor: Administra\u00e7\u00e3o P\u00fablica<\/a>&nbsp;&#8211; 09.01.2019 <\/strong><\/li>\n<li><strong><a href=\"http:\/\/www2.unifap.br\/ead\/files\/2018\/12\/Retifica\u00e7\u00e3o-01-Chamada-interna_externa_03_2018.pdf\">Retifica\u00e7\u00e3o 01&nbsp;<\/a>&#8211; 04.01.2019 <\/strong><\/li>\n<li><strong>Edital:&nbsp;<a href=\"http:\/\/www2.unifap.br\/ead\/files\/2018\/12\/TUTOR-ADM.pdf\">Chamada externa n\u00ba03\/2018 para Tutores a Dist\u00e2ncia: Administra\u00e7\u00e3o P\u00fablica<\/a>&nbsp;&#8211; 27.12.2018 <span style=\"color: #ff0000\"><br \/>\n<\/span><\/strong><\/li>\n<\/ul>\n","protected":false},"excerpt":{"rendered":"<p>Chamada interna\/externa para sele\u00e7\u00e3o de Tutores do curso de Bacharelado em Administra\u00e7\u00e3o P\u00fablica, UNIFAP\/UAB\/CAPES Convoca\u00e7\u00e3o &#8211; 21.02.2019 (novo) Resultado Final&nbsp;&#8211; 31.01.2019 An\u00e1lise de t\u00edtulos &#8211; 28.01.2019 Retifica\u00e7\u00e3o 03: Chamada interna\/externa&#8230;<\/p>\n","protected":false},"author":812,"featured_media":0,"parent":0,"menu_order":0,"comment_status":"closed","ping_status":"closed","template":"fullwidth.php","meta":{"inline_featured_image":false,"ngg_post_thumbnail":0,"footnotes":""},"class_list":["post-19101","page","type-page","status-publish","hentry","entry"],"_links":{"self":[{"href":"http:\/\/www2.unifap.br\/ead\/wp-json\/wp\/v2\/pages\/19101","targetHints":{"allow":["GET"]}}],"collection":[{"href":"http:\/\/www2.unifap.br\/ead\/wp-json\/wp\/v2\/pages"}],"about":[{"href":"http:\/\/www2.unifap.br\/ead\/wp-json\/wp\/v2\/types\/page"}],"author":[{"embeddable":true,"href":"http:\/\/www2.unifap.br\/ead\/wp-json\/wp\/v2\/users\/812"}],"replies":[{"embeddable":true,"href":"http:\/\/www2.unifap.br\/ead\/wp-json\/wp\/v2\/comments?post=19101"}],"version-history":[{"count":16,"href":"http:\/\/www2.unifap.br\/ead\/wp-json\/wp\/v2\/pages\/19101\/revisions"}],"predecessor-version":[{"id":20719,"href":"http:\/\/www2.unifap.br\/ead\/wp-json\/wp\/v2\/pages\/19101\/revisions\/20719"}],"wp:attachment":[{"href":"http:\/\/www2.unifap.br\/ead\/wp-json\/wp\/v2\/media?parent=19101"}],"curies":[{"name":"wp","href":"https:\/\/api.w.org\/{rel}","templated":true}]}}