{"id":19105,"date":"2018-12-27T13:15:51","date_gmt":"2018-12-27T16:15:51","guid":{"rendered":"http:\/\/www2.unifap.br\/ead\/?page_id=19105"},"modified":"2019-04-01T18:18:41","modified_gmt":"2019-04-01T21:18:41","slug":"chamada-internaexterna-no042018-para-tutores-a-distancia-administracao-publica","status":"publish","type":"page","link":"http:\/\/www2.unifap.br\/ead\/chamada-internaexterna-no042018-para-tutores-a-distancia-administracao-publica\/","title":{"rendered":"Tutor: Administra\u00e7\u00e3o P\u00fablica"},"content":{"rendered":"<h2 align=\"center\"><b>Chamada interna\/externa para sele\u00e7\u00e3o de Tutores do curso de Bacharelado em Administra\u00e7\u00e3o P\u00fablica,&nbsp;POLO VIT\u00d3RIA DO JAR\u00cd-AP UNIFAP\/UAB\/CAPES<\/b><\/h2>\n<ul>\n<li><strong><a href=\"http:\/\/www2.unifap.br\/ead\/files\/2018\/12\/COONVOCA\u00c7\u00c3O-TUTOR-JARI.pdf\">Convoca\u00e7\u00e3o- 21.02.2019 <span style=\"color: #ff0000\">(novo)<\/span><\/a><\/strong><\/li>\n<li><strong><a href=\"http:\/\/www2.unifap.br\/ead\/files\/2018\/12\/RESULTADO-TUTOR-VITORIA.pdf\">Resultado Final<\/a>&nbsp;&#8211; 31.01.2019 <span style=\"color: #ff0000\"><br \/>\n<\/span><\/strong><\/li>\n<li><strong><a href=\"http:\/\/www2.unifap.br\/ead\/files\/2018\/12\/An\u00e1lise-de-t\u00edtulos-28012019-tutor-Jari.pdf\">An\u00e1lise de t\u00edtulos &#8211; 28.01.2019<\/a><br \/>\n<\/strong><\/li>\n<li><strong><a href=\"http:\/\/www2.unifap.br\/ead\/files\/2018\/12\/Retifica\u00e7\u00e3o-03-Chamada-internaexterna-n\u00ba042018-para-Tutor-Administra\u00e7\u00e3o-P\u00fablica.pdf\">Retifica\u00e7\u00e3o 03 &#8211; Chamada interna\/externa n\u00ba04\/2018 para Tutor: Administra\u00e7\u00e3o P\u00fablica<\/a>&nbsp;&#8211; 24.01.2019 <span style=\"color: #ff0000\"><br \/>\n<\/span><\/strong><\/li>\n<li><strong><a href=\"http:\/\/www2.unifap.br\/ead\/files\/2018\/12\/Resultados-das-inscri\u00e7\u00f5es-homologadas-e-indeferidas-21.01.2019-novo-TUTOR-VJ1.pdf\">Resultados das inscri\u00e7\u00f5es homologadas e indeferidas &#8211; 21.01.2019<span style=\"color: #ff0000\"><br \/>\n<\/span><\/a><\/strong><\/li>\n<li><strong><a href=\"https:\/\/docs.google.com\/forms\/d\/e\/1FAIpQLSfB32GzfzukDdXdtEeov1j_JXXfqvzjC8xFAUIuhpkhr3oMdw\/viewform\">Link para inscri\u00e7\u00e3o: clique aqui (inscri\u00e7\u00f5es encerradas).<\/a><\/strong><\/li>\n<li><strong>Retifica\u00e7\u00e3o 02 &#8211;&nbsp;<a href=\"http:\/\/www2.unifap.br\/ead\/files\/2018\/12\/Chamada-interna-externa-n042018-para-Tutor-Administra\u00e7\u00e3o-P\u00fablica.pdf\">Chamada interna\/externa n\u00ba04\/2018 para Tutor: Administra\u00e7\u00e3o P\u00fablica<\/a>&nbsp;&#8211; 09.01.2019 <\/strong><\/li>\n<li><strong><a href=\"http:\/\/www2.unifap.br\/ead\/files\/2018\/12\/Retifica\u00e7\u00e3o-042018-para-Tutores-a-Dist\u00e2ncia.pdf\">Retifica\u00e7\u00e3o 01<\/a>&nbsp;&#8211; 04.01.2018 <span style=\"color: #ff0000\"><br \/>\n<\/span><\/strong><\/li>\n<li><strong><a href=\"http:\/\/www2.unifap.br\/ead\/files\/2018\/12\/TUTOR-JARI.pdf\">Chamada externa n\u00ba04\/2018 para Tutores a Dist\u00e2ncia: Administra\u00e7\u00e3o P\u00fablica<\/a>&nbsp;&#8211; 27.12.2018 <span style=\"color: #ff0000\"><br \/>\n<\/span><\/strong><\/li>\n<\/ul>\n","protected":false},"excerpt":{"rendered":"<p>Chamada interna\/externa para sele\u00e7\u00e3o de Tutores do curso de Bacharelado em Administra\u00e7\u00e3o P\u00fablica,&nbsp;POLO VIT\u00d3RIA DO JAR\u00cd-AP UNIFAP\/UAB\/CAPES Convoca\u00e7\u00e3o- 21.02.2019 (novo) Resultado Final&nbsp;&#8211; 31.01.2019 An\u00e1lise de t\u00edtulos &#8211; 28.01.2019 Retifica\u00e7\u00e3o 03&#8230;<\/p>\n","protected":false},"author":812,"featured_media":0,"parent":0,"menu_order":0,"comment_status":"closed","ping_status":"closed","template":"fullwidth.php","meta":{"inline_featured_image":false,"ngg_post_thumbnail":0,"footnotes":""},"class_list":["post-19105","page","type-page","status-publish","hentry","entry"],"_links":{"self":[{"href":"http:\/\/www2.unifap.br\/ead\/wp-json\/wp\/v2\/pages\/19105","targetHints":{"allow":["GET"]}}],"collection":[{"href":"http:\/\/www2.unifap.br\/ead\/wp-json\/wp\/v2\/pages"}],"about":[{"href":"http:\/\/www2.unifap.br\/ead\/wp-json\/wp\/v2\/types\/page"}],"author":[{"embeddable":true,"href":"http:\/\/www2.unifap.br\/ead\/wp-json\/wp\/v2\/users\/812"}],"replies":[{"embeddable":true,"href":"http:\/\/www2.unifap.br\/ead\/wp-json\/wp\/v2\/comments?post=19105"}],"version-history":[{"count":20,"href":"http:\/\/www2.unifap.br\/ead\/wp-json\/wp\/v2\/pages\/19105\/revisions"}],"predecessor-version":[{"id":20718,"href":"http:\/\/www2.unifap.br\/ead\/wp-json\/wp\/v2\/pages\/19105\/revisions\/20718"}],"wp:attachment":[{"href":"http:\/\/www2.unifap.br\/ead\/wp-json\/wp\/v2\/media?parent=19105"}],"curies":[{"name":"wp","href":"https:\/\/api.w.org\/{rel}","templated":true}]}}