{"id":19155,"date":"2019-01-03T13:20:50","date_gmt":"2019-01-03T16:20:50","guid":{"rendered":"http:\/\/www2.unifap.br\/ead\/?page_id=19155"},"modified":"2019-04-01T18:18:12","modified_gmt":"2019-04-01T21:18:12","slug":"chamada-externa-no012019-para-tutores-a-distancia-letras-portugues","status":"publish","type":"page","link":"http:\/\/www2.unifap.br\/ead\/chamada-externa-no012019-para-tutores-a-distancia-letras-portugues\/","title":{"rendered":"Tutor: Letras Portugu\u00eas"},"content":{"rendered":"<h2 align=\"center\"><strong>Chamada interna\/externa para sele\u00e7\u00e3o de Tutores do curso de licenciatura em Letras Portugu\u00eas &#8211; modalidade a dist\u00e2ncia &#8211; POLO VIT\u00d3RIA DO JAR\u00cd E OIAPOQUE &#8211; UNIFAP\/UAB\/CAPES<\/strong><\/h2>\n<ul>\n<li><strong><a href=\"http:\/\/www2.unifap.br\/ead\/files\/2019\/01\/CONVOCA\u00c7\u00c3O-PARA-TUTOR-A-DIST\u00c2NCIA-CHAMADA-01-20191.pdf\">CONVOCA\u00c7\u00c3O PARA TUTOR &#8211;<\/a>&nbsp;06.02.2019 <span style=\"color: #ff0000\">(novo)<\/span><\/strong><\/li>\n<li><del><strong>CONVOCA\u00c7\u00c3O PARA TUTOR&nbsp;&#8211; 05.02.2019&nbsp;<\/strong><\/del><\/li>\n<li><strong><a href=\"http:\/\/www2.unifap.br\/ead\/files\/2019\/01\/RESULTADO-FINAL-LETRAS-PORTUGU\u00caS-TUTOR-A-DISTANCIA.pdf\">RESULTADO FINAL<\/a>&nbsp;&#8211; 30.01.2019 <\/strong><a href=\"http:\/\/www2.unifap.br\/ead\/files\/2019\/01\/RESULTADO-FINAL-LETRAS-PORTUGU\u00caS-TUTOR-A-DISTANCIA.pdf\"><br \/>\n<\/a><\/li>\n<li><strong><a href=\"http:\/\/www2.unifap.br\/ead\/files\/2019\/01\/RESULTADO-RECURSO2.pdf\">RESULTADO DO RECURSO<\/a>&nbsp;&#8211; 29.01.2019 <span style=\"color: #ff0000\"><br \/>\n<\/span><\/strong><\/li>\n<li><strong><a href=\"http:\/\/www2.unifap.br\/ead\/files\/2019\/01\/RESULTADO-PARCIAL-LETRAS-PORTUGU\u00caS-TUTOR-A-DISTANCIA.pdf\">RESULTADO PARCIAL<\/a>&nbsp;&#8211; 25.01.2019 <span style=\"color: #ff0000\"><br \/>\n<\/span><\/strong><\/li>\n<li><strong><a href=\"http:\/\/www2.unifap.br\/ead\/files\/2019\/01\/RESULTADO-TUTOR-RETIFICADO2.pdf\">RESULTADO DE TUTORES HOMOLOGADOS. RETIFICADO EM <span style=\"color: #ff0000\">23.01.2019&nbsp;<\/span><\/a><\/strong><\/li>\n<li><strong><a href=\"http:\/\/www2.unifap.br\/ead\/files\/2019\/01\/RESULTADO-RECURSO1.pdf\">RESULTADO DO RECURSO &#8211; 23.01.2019<span style=\"color: #ff0000\"><br \/>\n<\/span><\/a><\/strong><\/li>\n<li><strong><a href=\"http:\/\/www2.unifap.br\/ead\/files\/2019\/01\/RESULTADO-RECURSO.pdf\">RESULTADO DO RECURSO<\/a>&nbsp;&#8211; 23.01.2019<\/strong><\/li>\n<li><a href=\"https:\/\/docs.google.com\/forms\/d\/e\/1FAIpQLSfkm-8CzLwQEjML458VP5EabOI24O7TonyngBz2tXDo8LtCOQ\/viewform\"><strong>Link para inscri\u00e7\u00e3o: clique aqui (inscri\u00e7\u00f5es encerradas).<\/strong><\/a><\/li>\n<li><strong><a href=\"http:\/\/www2.unifap.br\/ead\/files\/2019\/01\/CHAMADA-EXTERNA-TUTORES-A-DISTANCIA-CURSO-DE-LETRA-PORTUGUES-RETIFICA\u00c7\u00c3O.pdf\">RETIFICA\u00c7\u00c3O 01 &#8211; 14.01.2019<\/a><\/strong><\/li>\n<li><strong><a href=\"http:\/\/www2.unifap.br\/ead\/files\/2019\/01\/Anexo-III-Fomul\u00e1rio-tutor.pdf\">ANEXO III&nbsp;<strong>&#8211; 03.01.2019&nbsp;<span style=\"color: #ff0000\"><br \/>\n<\/span><\/strong><\/a><\/strong><\/li>\n<li><strong><a href=\"http:\/\/www2.unifap.br\/ead\/files\/2019\/01\/ANEXO-II-QUADRO-PONTUA\u00c7\u00c3O-TUTOR.pdf\">ANEXO II<\/a>&nbsp;<strong>&#8211; 03.01.2019&nbsp;<span style=\"color: #ff0000\"><br \/>\n<\/span><\/strong><\/strong><\/li>\n<li><strong><a href=\"http:\/\/www2.unifap.br\/ead\/files\/2019\/01\/ANEXO-I-CHAMADA-TUTOR.pdf\">ANEXO I<\/a>&nbsp;<strong>&#8211; 03.01.2019&nbsp;<span style=\"color: #ff0000\">&nbsp;<\/span><\/strong><\/strong><\/li>\n<li><strong><a href=\"http:\/\/www2.unifap.br\/ead\/files\/2019\/01\/CHAMADA-EXTERNA-TUTORES-A-DISTANCIA-CURSO-DE-LETRA-PORTUGUES.pdf\">Edital:&nbsp;n\u00ba01\/2019 para Tutores a Dist\u00e2ncia: Letras Portugu\u00eas<\/a>&nbsp;&#8211; 03.01.2019&nbsp;<span style=\"color: #ff0000\"><br \/>\n<\/span><\/strong><\/li>\n<\/ul>\n","protected":false},"excerpt":{"rendered":"<p>Chamada interna\/externa para sele\u00e7\u00e3o de Tutores do curso de licenciatura em Letras Portugu\u00eas &#8211; modalidade a dist\u00e2ncia &#8211; POLO VIT\u00d3RIA DO JAR\u00cd E OIAPOQUE &#8211; UNIFAP\/UAB\/CAPES CONVOCA\u00c7\u00c3O PARA TUTOR &#8211;&nbsp;06.02.2019&#8230;<\/p>\n","protected":false},"author":812,"featured_media":0,"parent":0,"menu_order":0,"comment_status":"closed","ping_status":"closed","template":"fullwidth.php","meta":{"inline_featured_image":false,"ngg_post_thumbnail":0,"footnotes":""},"class_list":["post-19155","page","type-page","status-publish","hentry","entry"],"_links":{"self":[{"href":"http:\/\/www2.unifap.br\/ead\/wp-json\/wp\/v2\/pages\/19155","targetHints":{"allow":["GET"]}}],"collection":[{"href":"http:\/\/www2.unifap.br\/ead\/wp-json\/wp\/v2\/pages"}],"about":[{"href":"http:\/\/www2.unifap.br\/ead\/wp-json\/wp\/v2\/types\/page"}],"author":[{"embeddable":true,"href":"http:\/\/www2.unifap.br\/ead\/wp-json\/wp\/v2\/users\/812"}],"replies":[{"embeddable":true,"href":"http:\/\/www2.unifap.br\/ead\/wp-json\/wp\/v2\/comments?post=19155"}],"version-history":[{"count":25,"href":"http:\/\/www2.unifap.br\/ead\/wp-json\/wp\/v2\/pages\/19155\/revisions"}],"predecessor-version":[{"id":20717,"href":"http:\/\/www2.unifap.br\/ead\/wp-json\/wp\/v2\/pages\/19155\/revisions\/20717"}],"wp:attachment":[{"href":"http:\/\/www2.unifap.br\/ead\/wp-json\/wp\/v2\/media?parent=19155"}],"curies":[{"name":"wp","href":"https:\/\/api.w.org\/{rel}","templated":true}]}}