{"id":19172,"date":"2019-01-03T13:38:12","date_gmt":"2019-01-03T16:38:12","guid":{"rendered":"http:\/\/www2.unifap.br\/ead\/?page_id=19172"},"modified":"2019-04-01T18:17:30","modified_gmt":"2019-04-01T21:17:30","slug":"chamada-internaexterna-no012019-para-tutores-a-distancia-sociologia","status":"publish","type":"page","link":"http:\/\/www2.unifap.br\/ead\/chamada-internaexterna-no012019-para-tutores-a-distancia-sociologia\/","title":{"rendered":"Tutor: Sociologia"},"content":{"rendered":"<h2 align=\"center\"><strong>Chamada interna\/externa para sele\u00e7\u00e3o de Tutores do curso de licenciatura em Sociologia \u2013 modalidade a dist\u00e2ncia \u2013 UNIFAP\/UAB\/CAPES<\/strong><\/h2>\n<p>&nbsp;<\/p>\n<ul>\n<li><strong><a href=\"http:\/\/www2.unifap.br\/ead\/files\/2019\/02\/Convoca\u00e7\u00e3o-Tutor-Sociologia.pdf\">Convoca\u00e7\u00e3o: Tutor &#8211; 27.02.2019 <span style=\"color: #ff0000\">(novo)<\/span><\/a><\/strong><\/li>\n<li><span style=\"color: #000000\"><strong><a style=\"color: #000000\" href=\"http:\/\/www2.unifap.br\/ead\/files\/2019\/01\/TUTOR-SOCIOLOGIA-RFC.pdf\">Resultado Final &#8211; 31.01.2019&nbsp;<\/a><\/strong><\/span><\/li>\n<li><strong><a href=\"http:\/\/www2.unifap.br\/ead\/files\/2019\/01\/RESULTADO-DO-RECURSO.pdf\">Resultado do recurso<\/a>&nbsp;&#8211; 30.01.2019 <span style=\"color: #ff0000\"><br \/>\n<\/span><\/strong><\/li>\n<li><strong><a href=\"http:\/\/www2.unifap.br\/ead\/files\/2019\/01\/Resultado-An\u00e1lise-de-Titulos.pdf\">Resultado: An\u00e1lise de T\u00edtulos<\/a>&nbsp;&#8211; 28.01.2019<span style=\"color: #ff0000\">&nbsp;<\/span><\/strong><\/li>\n<li><strong><a href=\"http:\/\/www2.unifap.br\/ead\/files\/2019\/01\/Retifica\u00e7\u00e3o-04-Tutor.pdf\">Retifica\u00e7\u00e3o 04 &#8211; Tutor<\/a>&nbsp;25.01.2019&nbsp;<span style=\"color: #ff0000\"><br \/>\n<\/span><\/strong><\/li>\n<li><strong><a href=\"http:\/\/www2.unifap.br\/ead\/files\/2019\/01\/Resultado-do-recurso-23012019-novo.pdf\">Resultado do recurso &#8211; 23.01.2019<\/a><\/strong><\/li>\n<li><strong><a href=\"http:\/\/www2.unifap.br\/ead\/files\/2019\/01\/Resultados-das-inscri\u00e7\u00f5es-homologadas-e-indeferidas-21.01.2019-novo.pdf\">Resultados das inscri\u00e7\u00f5es homologadas e indeferidas &#8211; 21.01.2019<\/a><\/strong><\/li>\n<li>Link para inscri\u00e7\u00e3o:<a href=\"https:\/\/docs.google.com\/forms\/d\/e\/1FAIpQLSfPhc9dModHPs83YQ5qiqg95Artk5KErrGTnFvue_4mizRVhA\/viewform\"> <strong>clique aqui<\/strong><\/a>&nbsp;<strong>(inscri\u00e7\u00f5es encerradas)<\/strong><\/li>\n<li><strong><a href=\"http:\/\/www2.unifap.br\/ead\/files\/2019\/01\/Retifica\u00e7\u00e3o-02-10.01.2019.pdf\">Retifica\u00e7\u00e3o 02 &#8211; 15.01.2019<\/a><span style=\"color: #ff0000\">&nbsp;<\/span><\/strong><\/li>\n<li><strong><del>Retifica\u00e7\u00e3o 02 &#8211; 10.01.2019<\/del> <a href=\"http:\/\/www2.unifap.br\/ead\/files\/2019\/01\/Retifica\u00e7\u00e3o-02-10.01.2019-novo.pdf\"><span style=\"color: #ff0000\"><br \/>\n<\/span><\/a><\/strong><\/li>\n<li><strong><a href=\"http:\/\/www2.unifap.br\/ead\/files\/2019\/01\/Retifica\u00e7\u00e3o-sele\u00e7\u00e3o-de-Tutores-do-curso-de-licenciatura-em-Sociologia-012019.pdf\">Retifica\u00e7\u00e3o 01<\/a>&nbsp;&#8211; 04.01.2019<\/strong><\/li>\n<li><strong>Edital:&nbsp;<a href=\"http:\/\/www2.unifap.br\/ead\/files\/2019\/01\/Chamada-interna_externa-n012019-para-Tutores-a-Dist\u00e2ncia_Sociologia.pdf\">Chamada interna\/externa n\u00ba01\/2019 para Tutores a Dist\u00e2ncia: Licenciatura em Sociologia<\/a>&nbsp;&#8211; 03.01.2019<span style=\"color: #ff0000\"><br \/>\n<\/span><\/strong><\/li>\n<\/ul>\n","protected":false},"excerpt":{"rendered":"<p>Chamada interna\/externa para sele\u00e7\u00e3o de Tutores do curso de licenciatura em Sociologia \u2013 modalidade a dist\u00e2ncia \u2013 UNIFAP\/UAB\/CAPES &nbsp; Convoca\u00e7\u00e3o: Tutor &#8211; 27.02.2019 (novo) Resultado Final &#8211; 31.01.2019&nbsp; Resultado do&#8230;<\/p>\n","protected":false},"author":812,"featured_media":0,"parent":0,"menu_order":0,"comment_status":"closed","ping_status":"closed","template":"fullwidth.php","meta":{"inline_featured_image":false,"ngg_post_thumbnail":0,"footnotes":""},"class_list":["post-19172","page","type-page","status-publish","hentry","entry"],"_links":{"self":[{"href":"http:\/\/www2.unifap.br\/ead\/wp-json\/wp\/v2\/pages\/19172","targetHints":{"allow":["GET"]}}],"collection":[{"href":"http:\/\/www2.unifap.br\/ead\/wp-json\/wp\/v2\/pages"}],"about":[{"href":"http:\/\/www2.unifap.br\/ead\/wp-json\/wp\/v2\/types\/page"}],"author":[{"embeddable":true,"href":"http:\/\/www2.unifap.br\/ead\/wp-json\/wp\/v2\/users\/812"}],"replies":[{"embeddable":true,"href":"http:\/\/www2.unifap.br\/ead\/wp-json\/wp\/v2\/comments?post=19172"}],"version-history":[{"count":27,"href":"http:\/\/www2.unifap.br\/ead\/wp-json\/wp\/v2\/pages\/19172\/revisions"}],"predecessor-version":[{"id":20715,"href":"http:\/\/www2.unifap.br\/ead\/wp-json\/wp\/v2\/pages\/19172\/revisions\/20715"}],"wp:attachment":[{"href":"http:\/\/www2.unifap.br\/ead\/wp-json\/wp\/v2\/media?parent=19172"}],"curies":[{"name":"wp","href":"https:\/\/api.w.org\/{rel}","templated":true}]}}