{"id":19181,"date":"2019-01-03T13:45:56","date_gmt":"2019-01-03T16:45:56","guid":{"rendered":"http:\/\/www2.unifap.br\/ead\/?page_id=19181"},"modified":"2019-04-01T17:56:11","modified_gmt":"2019-04-01T20:56:11","slug":"chamada-internaexterna-no012019-para-professor-formador-licenciatura-em-sociologia","status":"publish","type":"page","link":"http:\/\/www2.unifap.br\/ead\/chamada-internaexterna-no012019-para-professor-formador-licenciatura-em-sociologia\/","title":{"rendered":"Chamada interna\/externa n\u00ba01\/2019 para Professor Formador: Licenciatura em Sociologia"},"content":{"rendered":"<h2 align=\"center\"><strong>Chamada interna\/externa para Professor formador do curso de licenciatura em Sociologia \u2013 modalidade a dist\u00e2ncia \u2013 UNIFAP\/UAB\/CAPES<\/strong><\/h2>\n<ul>\n<li><strong><a href=\"http:\/\/www2.unifap.br\/ead\/files\/2019\/02\/Convoca\u00e7\u00e3o-Professor-Formador-Sociologia.pdf\">Convoca\u00e7\u00e3o: Professor Formador -27.02.2019 <span style=\"color: #ff0000\">(novo)<\/span><\/a><\/strong><\/li>\n<li><strong><a href=\"http:\/\/www2.unifap.br\/ead\/files\/2019\/01\/RESULTADO-FINAL1.pdf\">Resultado Final<\/a>&nbsp;&#8211; 31.01.2019&nbsp;<\/strong><\/li>\n<li><strong><a href=\"http:\/\/www2.unifap.br\/ead\/files\/2019\/01\/Resultado-parcial-Analise-de-T\u00edtulos-Professor-Sociologia.pdf\">Resultado: Analise de T\u00edtulos 28.01.2019 <span style=\"color: #ff0000\"><br \/>\n<\/span><\/a><\/strong><\/li>\n<li><strong><a href=\"http:\/\/www2.unifap.br\/ead\/files\/2019\/01\/Retifica\u00e7\u00e3o-04-Professor-Formador2.pdf\">Retifica\u00e7\u00e3o 04 &#8211; Professor Formador<\/a>&nbsp;&#8211; 25.01.2019<span style=\"color: #ff0000\"><br \/>\n<\/span><\/strong><\/li>\n<li><strong><a href=\"http:\/\/www2.unifap.br\/ead\/files\/2019\/01\/Resultados-das-inscri\u00e7\u00f5es-homologadas-e-indeferidas-21.01.2019-novo1.pdf\">Resultados das inscri\u00e7\u00f5es homologadas e indeferidas &#8211; 21.01.2019<\/a><\/strong><\/li>\n<li><strong>Link para inscri\u00e7\u00e3o:&nbsp;<a href=\"https:\/\/docs.google.com\/forms\/d\/e\/1FAIpQLSei4Kt6trfBnaaTwFgfAazLvkXZI7LkwdJyzlgMX95mFaeHKQ\/viewform\">clique aqui<\/a>&nbsp;<strong><strong>(inscri\u00e7\u00f5es encerradas)<\/strong><\/strong><\/strong><\/li>\n<li><strong><a href=\"http:\/\/www2.unifap.br\/ead\/files\/2019\/01\/Retifica\u00e7\u00e3o-03-Chamada-internaexterna-n\u00ba012019-para-Professor-Formador-Sociologia.pdf\">Retifica\u00e7\u00e3o 03 Chamada interna\/externa n\u00ba01\/2019 para Professor Formador: Sociologia<\/a>&nbsp;&#8211;&nbsp;<strong>14.01.2019&nbsp;<\/strong><\/strong><\/li>\n<li><strong><a href=\"http:\/\/www2.unifap.br\/ead\/files\/2019\/01\/Retifica\u00e7\u00e3o-02-Chamada-internaexterna-n\u00ba012019-para-Professor-Formador-Sociologia.pdf\">Retifica\u00e7\u00e3o 02 &#8211; Chamada interna\/externa n\u00ba01\/2019 para Professor Formador: Sociologia<\/a>&nbsp;&#8211; 14.01.2019 <\/strong><\/li>\n<li><strong><a href=\"http:\/\/www2.unifap.br\/ead\/files\/2019\/01\/RETIFICACAO-01-DO-EDITAL-01-2019-CHAMADA-INTERNA-EXTERNA-PARA-SELE\u00c7\u00c3O-DE-PROFESSOR_novo.pdf\">Retifica\u00e7\u00e3o 01 <\/a>&nbsp;&#8211; 14.01.2019<\/strong><\/li>\n<li><strong>Edital:&nbsp;<a href=\"http:\/\/www2.unifap.br\/ead\/files\/2019\/01\/Chamada-interna_externa-n012019-para-Professor_Sociologia.pdf\">Chamada interna\/externa n\u00ba01\/2019 para Professor formador:&nbsp; Sociologia<\/a>&nbsp;&#8211; 03.01.2019<span style=\"color: #ff0000\">&nbsp;<\/span><\/strong><\/li>\n<\/ul>\n","protected":false},"excerpt":{"rendered":"<p>Chamada interna\/externa para Professor formador do curso de licenciatura em Sociologia \u2013 modalidade a dist\u00e2ncia \u2013 UNIFAP\/UAB\/CAPES Convoca\u00e7\u00e3o: Professor Formador -27.02.2019 (novo) Resultado Final&nbsp;&#8211; 31.01.2019&nbsp; Resultado: Analise de T\u00edtulos 28.01.2019&#8230;<\/p>\n","protected":false},"author":812,"featured_media":0,"parent":0,"menu_order":0,"comment_status":"closed","ping_status":"closed","template":"fullwidth.php","meta":{"inline_featured_image":false,"ngg_post_thumbnail":0,"footnotes":""},"class_list":["post-19181","page","type-page","status-publish","hentry","entry"],"_links":{"self":[{"href":"http:\/\/www2.unifap.br\/ead\/wp-json\/wp\/v2\/pages\/19181","targetHints":{"allow":["GET"]}}],"collection":[{"href":"http:\/\/www2.unifap.br\/ead\/wp-json\/wp\/v2\/pages"}],"about":[{"href":"http:\/\/www2.unifap.br\/ead\/wp-json\/wp\/v2\/types\/page"}],"author":[{"embeddable":true,"href":"http:\/\/www2.unifap.br\/ead\/wp-json\/wp\/v2\/users\/812"}],"replies":[{"embeddable":true,"href":"http:\/\/www2.unifap.br\/ead\/wp-json\/wp\/v2\/comments?post=19181"}],"version-history":[{"count":23,"href":"http:\/\/www2.unifap.br\/ead\/wp-json\/wp\/v2\/pages\/19181\/revisions"}],"predecessor-version":[{"id":20430,"href":"http:\/\/www2.unifap.br\/ead\/wp-json\/wp\/v2\/pages\/19181\/revisions\/20430"}],"wp:attachment":[{"href":"http:\/\/www2.unifap.br\/ead\/wp-json\/wp\/v2\/media?parent=19181"}],"curies":[{"name":"wp","href":"https:\/\/api.w.org\/{rel}","templated":true}]}}