{"id":19268,"date":"2019-01-09T11:38:20","date_gmt":"2019-01-09T14:38:20","guid":{"rendered":"http:\/\/www2.unifap.br\/ead\/?page_id=19268"},"modified":"2019-04-22T17:36:06","modified_gmt":"2019-04-22T20:36:06","slug":"chamada-no012019-para-tutor-educacao-fisica","status":"publish","type":"page","link":"http:\/\/www2.unifap.br\/ead\/chamada-no012019-para-tutor-educacao-fisica\/","title":{"rendered":"Tutor: Educa\u00e7\u00e3o F\u00edsica"},"content":{"rendered":"<h1 style=\"text-align: center\">&nbsp;<b>Chamada interna\/externa para tutor do curso de&nbsp;<\/b><b>Licenciatura em Educa\u00e7\u00e3o F\u00edsica UNIFAP\/UAB\/CAPES<\/b><\/h1>\n<p>A Pr\u00f3-Reitoria de Ensino e Gradua\u00e7\u00e3o \u2013 PROGRAD, atrav\u00e9s do Departamento de Educa\u00e7\u00e3o \u00e0 Dist\u00e2ncia, no uso de suas atribui\u00e7\u00f5es legais e estatut\u00e1rias que o cargo lhe confere, de acordo com o que disp\u00f5e o artigo 43, o inciso II do artigo 44, combinado com os artigos 51, 53, e 54 da Lei 9.394, de 20 de dezembro de 1996, que estabelece as diretrizes e Bases da Educa\u00e7\u00e3o Nacional em parceria com Sistema Universidade Aberta do Brasil \u2013 UAB e conforme portaria CAPES de 23 de janeiro de 2017, Of\u00edcio 187\/2016-CCB\/CGFO\/DED\/CAPES e demais normas estabelecidas nesta chamada e quaisquer outras aplic\u00e1veis, TORNA P\u00daBLICO A CHAMADA INTERNA E EXTERNA PARA TUTOR DO CURSO DE LICENCIATURA EM EDUCA\u00c7\u00c3O F\u00cdSCA, UNIFAP\/UAB\/CAPES.<\/p>\n<ul>\n<li><strong><a href=\"http:\/\/www2.unifap.br\/ead\/files\/2019\/04\/CONVOCA\u00c7\u00c3O-03-CHAMADA-TUTOR.pdf\">Convoca\u00e7\u00e3o 03<\/a>&nbsp;&#8211; 22.04.2019 <span style=\"color: #ff0000\">(novo)<\/span><\/strong><\/li>\n<li><strong><a href=\"http:\/\/www2.unifap.br\/ead\/files\/2019\/04\/CONVOCA\u00c7\u00c3O-02-CHAMADA-TUTOR-PRESENCIAL.pdf\">Convoca\u00e7\u00e3o 02 &#8211; 02.04.2019&nbsp;<\/a><\/strong><\/li>\n<li><strong><a href=\"http:\/\/www2.unifap.br\/ead\/files\/2019\/02\/CONVOCA\u00c7\u00c3O-CHAMADA-TUTOR-PROFESSOR.pdf\">Convoca\u00e7\u00e3o 01<\/a>&nbsp;&#8211; 28.02.2019&nbsp;<\/strong><\/li>\n<li><strong><a href=\"http:\/\/www2.unifap.br\/ead\/files\/2019\/01\/Resultado-final1.pdf\">Resultado final<\/a>&nbsp;&#8211; 19.02.2019<span style=\"color: #ff0000\">&nbsp;<\/span><\/strong><\/li>\n<li><strong><a href=\"http:\/\/www2.unifap.br\/ead\/files\/2019\/01\/RESULTADO-PARCIAL-CHAMADA-TUTOR.pdf\">Resultado parcial<\/a>&nbsp;&#8211; 14.02.2019<\/strong><\/li>\n<li><strong><a href=\"http:\/\/www2.unifap.br\/ead\/files\/2019\/01\/LOCAL-E-DATA-DAS-ENTREVISTAS-CHAMADA-TUTOR.pdf\">Entrevista (local e data)<\/a>&nbsp;&#8211; 09.02.2019 <span style=\"color: #ff0000\"><br \/>\n<\/span><\/strong><\/li>\n<li><strong><a href=\"http:\/\/www2.unifap.br\/ead\/files\/2019\/01\/RESULTADO-DA-PROVA-DE-TITULO-CHAMADA-TUTOR.pdf\">Resultado: Prova de T\u00edtulos<\/a>&nbsp;&#8211; 07.02.2019 <span style=\"color: #ff0000\"><br \/>\n<\/span><\/strong><\/li>\n<li><strong><a href=\"http:\/\/www2.unifap.br\/ead\/files\/2019\/01\/RESULTADO-DAS-INCRI\u00c7\u00d5ES-CHAMADATUTOR.pdf\">Resultado preliminar<\/a>&nbsp;&#8211; 05.02.2019 <span style=\"color: #ff0000\"><br \/>\n<\/span><\/strong><\/li>\n<li><strong><a href=\"http:\/\/www2.unifap.br\/ead\/files\/2019\/01\/Retifica\u00e7\u00e3o-03-CHAMADA-INTERNA-EXTERNA-PARA-TUTOR-PRESENCIAL-E-A-DIST\u00c2NCIA.pdf\">Retifica\u00e7\u00e3o 03<\/a>&nbsp;<span style=\"color: #ff0000\"><br \/>\n<\/span><\/strong><\/li>\n<li><strong><a href=\"http:\/\/www2.unifap.br\/ead\/files\/2019\/01\/Retifica\u00e7\u00e3o-02-CHAMADA-INTERNA-EXTERNA-PARA-TUTOR-PRESENCIAL-E-A-DIST\u00c2NCIA.pdf\">Retifica\u00e7\u00e3o 02<\/a>&nbsp;<span style=\"color: #ff0000\"><br \/>\n<\/span><\/strong><\/li>\n<li><strong><a href=\"http:\/\/www2.unifap.br\/ead\/paginadeinscricaoedf\/\">Link para inscri\u00e7\u00e3o: <\/a>&#8211; inscri\u00e7\u00f5es encerradas.<\/strong><\/li>\n<li><strong><a href=\"http:\/\/www2.unifap.br\/ead\/files\/2019\/01\/ANEXO-II-\u2013-QUADRO-DE-ATRIBUI\u00c7\u00c3O-DE-PONTOS-PARA-A-AVALIA\u00c7\u00c3O-DE-T\u00cdTULOS.docx\">ANEXO II \u2013 Quadro de atribui\u00e7\u00e3o de pontos<\/a>&nbsp;&#8211; 09.01.2019 <span style=\"color: #ff0000\"><br \/>\n<\/span><\/strong><\/li>\n<li><strong><a href=\"http:\/\/www2.unifap.br\/ead\/files\/2019\/01\/Retifica\u00e7\u00e3o-Chamada_n01_2019_para_Tutor_presencial_e_a_distancia_cursoEducacaoFisica-1.pdf\">Retifica\u00e7\u00e3o 01: Chamada n\u00ba01\/2019 para Tutor presencial e a_distancia: Educa\u00e7\u00e3o Fisica<\/a>&nbsp;&#8211; 09.01.2019 <span style=\"color: #ff0000\"><br \/>\n<\/span><\/strong><\/li>\n<li><strong><del><a href=\"http:\/\/www2.unifap.br\/ead\/files\/2019\/01\/Chamada_n01_2019_para_Tutor_presencial_e_a_distancia_cursoEducacaoFisica.pdf\">Chamada interna\/externa n\u00ba01\/2019 para Tutores a Dist\u00e2ncia e Presencial: Educa\u00e7\u00e3o F\u00edsica<\/a><\/del>&nbsp;&#8211;&nbsp; 07.01.2019&nbsp;<\/strong><\/li>\n<\/ul>\n","protected":false},"excerpt":{"rendered":"<p>&nbsp;Chamada interna\/externa para tutor do curso de&nbsp;Licenciatura em Educa\u00e7\u00e3o F\u00edsica UNIFAP\/UAB\/CAPES A Pr\u00f3-Reitoria de Ensino e Gradua\u00e7\u00e3o \u2013 PROGRAD, atrav\u00e9s do Departamento de Educa\u00e7\u00e3o \u00e0 Dist\u00e2ncia, no uso de suas&#8230;<\/p>\n","protected":false},"author":812,"featured_media":0,"parent":0,"menu_order":0,"comment_status":"closed","ping_status":"closed","template":"fullwidth.php","meta":{"inline_featured_image":false,"ngg_post_thumbnail":0,"footnotes":""},"class_list":["post-19268","page","type-page","status-publish","hentry","entry"],"_links":{"self":[{"href":"http:\/\/www2.unifap.br\/ead\/wp-json\/wp\/v2\/pages\/19268","targetHints":{"allow":["GET"]}}],"collection":[{"href":"http:\/\/www2.unifap.br\/ead\/wp-json\/wp\/v2\/pages"}],"about":[{"href":"http:\/\/www2.unifap.br\/ead\/wp-json\/wp\/v2\/types\/page"}],"author":[{"embeddable":true,"href":"http:\/\/www2.unifap.br\/ead\/wp-json\/wp\/v2\/users\/812"}],"replies":[{"embeddable":true,"href":"http:\/\/www2.unifap.br\/ead\/wp-json\/wp\/v2\/comments?post=19268"}],"version-history":[{"count":25,"href":"http:\/\/www2.unifap.br\/ead\/wp-json\/wp\/v2\/pages\/19268\/revisions"}],"predecessor-version":[{"id":20809,"href":"http:\/\/www2.unifap.br\/ead\/wp-json\/wp\/v2\/pages\/19268\/revisions\/20809"}],"wp:attachment":[{"href":"http:\/\/www2.unifap.br\/ead\/wp-json\/wp\/v2\/media?parent=19268"}],"curies":[{"name":"wp","href":"https:\/\/api.w.org\/{rel}","templated":true}]}}