{"id":19310,"date":"2019-01-09T23:47:08","date_gmt":"2019-01-10T02:47:08","guid":{"rendered":"http:\/\/www2.unifap.br\/ead\/?page_id=19310"},"modified":"2019-04-01T17:55:57","modified_gmt":"2019-04-01T20:55:57","slug":"chamada-interna-no012019-para-professor-formador-esp-em-gestao-e-saude","status":"publish","type":"page","link":"http:\/\/www2.unifap.br\/ead\/chamada-interna-no012019-para-professor-formador-esp-em-gestao-e-saude\/","title":{"rendered":"Chamada interna n\u00ba01\/2019 para Professor Formador: Esp. em Gest\u00e3o e Sa\u00fade"},"content":{"rendered":"<h2 style=\"text-align: center\"><strong>CHAMADA INTERNA PARA PROFESSOR FORMADOR DO CURSO DE GEST\u00c3O EM SA\u00daDE, UNIFAP\/UAB\/CAPES<\/strong><\/h2>\n<p>&nbsp;<\/p>\n<ul>\n<li><strong><a href=\"http:\/\/www2.unifap.br\/ead\/files\/2019\/01\/Resultado-final.pdf\">Resultado final<\/a>&nbsp;24.01.2019<span style=\"color: #ff0000\"> (novo)<\/span><\/strong><\/li>\n<li><strong><a href=\"http:\/\/www2.unifap.br\/ead\/files\/2019\/01\/INSCRI\u00c7\u00d5ES-HOMOLOGADAS-\u2013-DEFERIDAS-PROVIS\u00d3RIO.pdf\">Inscri\u00e7\u00f5es homologadas \u2013 deferidas (provis\u00f3rio)<\/a>&nbsp;21.01.2019<\/strong><\/li>\n<li><strong>Link para inscri\u00e7\u00e3o:&nbsp;<a href=\"https:\/\/docs.google.com\/forms\/d\/e\/1FAIpQLScGNxX7EuGpjRgp2yUGfYJW8pgGmI908UyAkmUKi9LBNEDYkQ\/viewform\">clique aqui<\/a>&nbsp;<strong>(inscri\u00e7\u00f5es encerradas)<\/strong><\/strong><\/li>\n<li><strong><a href=\"http:\/\/www2.unifap.br\/ead\/files\/2019\/01\/Retifica\u00e7\u00e3o-01-Chamada-interna-n\u00ba012019-para-Professor-Formador-Gestao-em-Saude.pdf\">Retifica\u00e7\u00e3o 01: Chamada interna n\u00ba01\/2019 para Professor Formador: Gestao em Saude<\/a>&nbsp;14.01.2019&nbsp;<\/strong><\/li>\n<li><strong><a href=\"http:\/\/www2.unifap.br\/ead\/files\/2019\/01\/Chamada-Interna-para-Professor-Gest\u00e3o-em-Sa\u00fade.pdf\">Edital: Chamada Interna&nbsp;n\u00ba01\/2019 para Professor: Gest\u00e3o em Sa\u00fade<\/a>&nbsp;09.01.2019 <span style=\"color: #ff0000\"><br \/>\n<\/span><\/strong><\/li>\n<\/ul>\n","protected":false},"excerpt":{"rendered":"<p>CHAMADA INTERNA PARA PROFESSOR FORMADOR DO CURSO DE GEST\u00c3O EM SA\u00daDE, UNIFAP\/UAB\/CAPES &nbsp; Resultado final&nbsp;24.01.2019 (novo) Inscri\u00e7\u00f5es homologadas \u2013 deferidas (provis\u00f3rio)&nbsp;21.01.2019 Link para inscri\u00e7\u00e3o:&nbsp;clique aqui&nbsp;(inscri\u00e7\u00f5es encerradas) Retifica\u00e7\u00e3o 01: Chamada interna&#8230;<\/p>\n","protected":false},"author":812,"featured_media":0,"parent":0,"menu_order":0,"comment_status":"closed","ping_status":"closed","template":"fullwidth.php","meta":{"inline_featured_image":false,"ngg_post_thumbnail":0,"footnotes":""},"class_list":["post-19310","page","type-page","status-publish","hentry","entry"],"_links":{"self":[{"href":"http:\/\/www2.unifap.br\/ead\/wp-json\/wp\/v2\/pages\/19310","targetHints":{"allow":["GET"]}}],"collection":[{"href":"http:\/\/www2.unifap.br\/ead\/wp-json\/wp\/v2\/pages"}],"about":[{"href":"http:\/\/www2.unifap.br\/ead\/wp-json\/wp\/v2\/types\/page"}],"author":[{"embeddable":true,"href":"http:\/\/www2.unifap.br\/ead\/wp-json\/wp\/v2\/users\/812"}],"replies":[{"embeddable":true,"href":"http:\/\/www2.unifap.br\/ead\/wp-json\/wp\/v2\/comments?post=19310"}],"version-history":[{"count":12,"href":"http:\/\/www2.unifap.br\/ead\/wp-json\/wp\/v2\/pages\/19310\/revisions"}],"predecessor-version":[{"id":20696,"href":"http:\/\/www2.unifap.br\/ead\/wp-json\/wp\/v2\/pages\/19310\/revisions\/20696"}],"wp:attachment":[{"href":"http:\/\/www2.unifap.br\/ead\/wp-json\/wp\/v2\/media?parent=19310"}],"curies":[{"name":"wp","href":"https:\/\/api.w.org\/{rel}","templated":true}]}}