{"id":19319,"date":"2019-01-09T23:51:22","date_gmt":"2019-01-10T02:51:22","guid":{"rendered":"http:\/\/www2.unifap.br\/ead\/?page_id=19319"},"modified":"2019-04-01T17:55:37","modified_gmt":"2019-04-01T20:55:37","slug":"chamada-interna-no012019-para-professor-formador-matematica","status":"publish","type":"page","link":"http:\/\/www2.unifap.br\/ead\/chamada-interna-no012019-para-professor-formador-matematica\/","title":{"rendered":"Chamada interna n\u00ba01\/2019 para Professor Formador: Matem\u00e1tica"},"content":{"rendered":"<h2 style=\"text-align: center\"><strong>CHAMADA INTERNA E EXTERNA PARA PROFESSOR FORMADOR DO CURSO DE LICENCIATURA EM MATEM\u00c1TICA, UNIFAP\/UAB\/CAPES<\/strong><\/h2>\n<ul>\n<li><strong><a href=\"http:\/\/www2.unifap.br\/ead\/files\/2019\/01\/RESULTADO-FINAL.pdf\">Resultado Final<\/a>&nbsp;&#8211; 31.01.2019 <span style=\"color: #ff0000\">(novo)<\/span><\/strong><\/li>\n<li><strong><a href=\"http:\/\/www2.unifap.br\/ead\/files\/2019\/01\/RESULTADO-AN\u00c1LISE-DE-T\u00cdTULOS.pdf\">Resultado: An\u00e1lise de T\u00edtulos<\/a>&nbsp;&#8211; 25.01.2019&nbsp;<span style=\"color: #ff0000\"><br \/>\n<\/span><\/strong><\/li>\n<li><strong><a href=\"http:\/\/www2.unifap.br\/ead\/files\/2019\/01\/Resultados-das-inscri\u00e7\u00f5es-homologadas-e-indeferidas1.pdf\">Resultados das inscri\u00e7\u00f5es homologadas e indeferidas<\/a>&nbsp;&#8211; 21.01.2019<span style=\"color: #ff0000\">&nbsp;<\/span><\/strong><\/li>\n<li><strong>Link para inscri\u00e7\u00e3o: <a href=\"https:\/\/docs.google.com\/forms\/d\/e\/1FAIpQLSdAJgUR_bdOLaPoK6wThemsDOPMcxD4boiAeDHN9r8VXDYnzQ\/viewform\">clique aqui<\/a>&nbsp;(inscri\u00e7\u00f5es encerradas)<\/strong><\/li>\n<li><strong><a href=\"http:\/\/www2.unifap.br\/ead\/files\/2019\/01\/Chamada-para-Professor-Formador-DEaD-Licenciatura-em-Matem\u00e1tica.pdf\">Chamada&nbsp;interna n\u00ba01\/2019 para Professor Formador: Matem\u00e1tica<\/a>&nbsp;&#8211; 09.01.2019<span style=\"color: #ff0000\">&nbsp;<\/span><\/strong><\/li>\n<\/ul>\n","protected":false},"excerpt":{"rendered":"<p>CHAMADA INTERNA E EXTERNA PARA PROFESSOR FORMADOR DO CURSO DE LICENCIATURA EM MATEM\u00c1TICA, UNIFAP\/UAB\/CAPES Resultado Final&nbsp;&#8211; 31.01.2019 (novo) Resultado: An\u00e1lise de T\u00edtulos&nbsp;&#8211; 25.01.2019&nbsp; Resultados das inscri\u00e7\u00f5es homologadas e indeferidas&nbsp;&#8211; 21.01.2019&nbsp;&#8230;<\/p>\n","protected":false},"author":812,"featured_media":0,"parent":0,"menu_order":0,"comment_status":"closed","ping_status":"closed","template":"fullwidth.php","meta":{"inline_featured_image":false,"ngg_post_thumbnail":0,"footnotes":""},"class_list":["post-19319","page","type-page","status-publish","hentry","entry"],"_links":{"self":[{"href":"http:\/\/www2.unifap.br\/ead\/wp-json\/wp\/v2\/pages\/19319","targetHints":{"allow":["GET"]}}],"collection":[{"href":"http:\/\/www2.unifap.br\/ead\/wp-json\/wp\/v2\/pages"}],"about":[{"href":"http:\/\/www2.unifap.br\/ead\/wp-json\/wp\/v2\/types\/page"}],"author":[{"embeddable":true,"href":"http:\/\/www2.unifap.br\/ead\/wp-json\/wp\/v2\/users\/812"}],"replies":[{"embeddable":true,"href":"http:\/\/www2.unifap.br\/ead\/wp-json\/wp\/v2\/comments?post=19319"}],"version-history":[{"count":8,"href":"http:\/\/www2.unifap.br\/ead\/wp-json\/wp\/v2\/pages\/19319\/revisions"}],"predecessor-version":[{"id":20695,"href":"http:\/\/www2.unifap.br\/ead\/wp-json\/wp\/v2\/pages\/19319\/revisions\/20695"}],"wp:attachment":[{"href":"http:\/\/www2.unifap.br\/ead\/wp-json\/wp\/v2\/media?parent=19319"}],"curies":[{"name":"wp","href":"https:\/\/api.w.org\/{rel}","templated":true}]}}