{"id":19495,"date":"2019-01-15T12:30:40","date_gmt":"2019-01-15T15:30:40","guid":{"rendered":"http:\/\/www2.unifap.br\/ead\/?page_id=19495"},"modified":"2019-04-01T17:55:14","modified_gmt":"2019-04-01T20:55:14","slug":"professor-especializacao-em-midias-na-educacao","status":"publish","type":"page","link":"http:\/\/www2.unifap.br\/ead\/professor-especializacao-em-midias-na-educacao\/","title":{"rendered":"Professor: Especializa\u00e7\u00e3o em M\u00eddias na Educa\u00e7\u00e3o"},"content":{"rendered":"<h2 style=\"text-align: center\"><strong>CHAMADA INTERNA&nbsp; N\u00ba01\/2019 PARA PROFESSOR FORMADOR DO CURSO DE ESPECIALIZA\u00c7\u00c3O EM M\u00cdDIAS NA EDUCA\u00c7\u00c3O, UNIFAP\/UAB\/CAPES<\/strong><\/h2>\n<p>&nbsp;<\/p>\n<ul>\n<li><strong><a href=\"http:\/\/www2.unifap.br\/ead\/files\/2019\/01\/M\u00cdDIAS-FORMADOR-FINAL.pdf\">Resultado Final &#8211; <span style=\"color: #ff0000\">12.02.2019 (novo)<\/span><\/a><\/strong><\/li>\n<li><strong><a href=\"http:\/\/www2.unifap.br\/ead\/files\/2019\/01\/M\u00cdDIAS-FORMADOR-NOVO.pdf\">Resultado preliminar &#8211;<span style=\"color: #333333\"> 08.02.2019&nbsp;<\/span><\/a><\/strong><\/li>\n<li><strong><a href=\"http:\/\/www2.unifap.br\/ead\/files\/2019\/01\/Inscri\u00e7\u00f5es-homologadas-06022019.pdf\">Inscri\u00e7\u00f5es homologadas &#8211; 06.02.2019<\/a>&nbsp;<\/strong><\/li>\n<li><strong><a href=\"http:\/\/www2.unifap.br\/ead\/files\/2019\/01\/Informativo-m\u00eddias-da-educa\u00e7\u00e3o.pdf\">Informativo<\/a>&nbsp;&#8211; 05.02.2019<span style=\"color: #ff0000\">&nbsp;<\/span><\/strong><\/li>\n<li><strong>Inscri\u00e7\u00f5es: <a href=\"https:\/\/docs.google.com\/forms\/d\/e\/1FAIpQLSc31L6O4lhmD0BDFKfNUt7mSs8ICp7pKWE4FmUXCbJ7LMrbOw\/viewform\">CLIQUE AQUI<\/a><\/strong><\/li>\n<li><strong><a href=\"http:\/\/www2.unifap.br\/ead\/files\/2019\/01\/Chamada-para-Professor-Formador-DEaD-M\u00eddias-na-Educa\u00e7\u00e3o.pdf\">Edital: Chamada para Professor Formador DEaD &#8211; M\u00eddias na Educa\u00e7\u00e3o<\/a>&nbsp;&#8211; 15.01.2019 <span style=\"color: #ff0000\"><br \/>\n<\/span><\/strong><\/li>\n<\/ul>\n","protected":false},"excerpt":{"rendered":"<p>CHAMADA INTERNA&nbsp; N\u00ba01\/2019 PARA PROFESSOR FORMADOR DO CURSO DE ESPECIALIZA\u00c7\u00c3O EM M\u00cdDIAS NA EDUCA\u00c7\u00c3O, UNIFAP\/UAB\/CAPES &nbsp; Resultado Final &#8211; 12.02.2019 (novo) Resultado preliminar &#8211; 08.02.2019&nbsp; Inscri\u00e7\u00f5es homologadas &#8211; 06.02.2019&nbsp; Informativo&nbsp;&#8211;&#8230;<\/p>\n","protected":false},"author":812,"featured_media":0,"parent":0,"menu_order":0,"comment_status":"closed","ping_status":"closed","template":"fullwidth.php","meta":{"inline_featured_image":false,"ngg_post_thumbnail":0,"footnotes":""},"class_list":["post-19495","page","type-page","status-publish","hentry","entry"],"_links":{"self":[{"href":"http:\/\/www2.unifap.br\/ead\/wp-json\/wp\/v2\/pages\/19495","targetHints":{"allow":["GET"]}}],"collection":[{"href":"http:\/\/www2.unifap.br\/ead\/wp-json\/wp\/v2\/pages"}],"about":[{"href":"http:\/\/www2.unifap.br\/ead\/wp-json\/wp\/v2\/types\/page"}],"author":[{"embeddable":true,"href":"http:\/\/www2.unifap.br\/ead\/wp-json\/wp\/v2\/users\/812"}],"replies":[{"embeddable":true,"href":"http:\/\/www2.unifap.br\/ead\/wp-json\/wp\/v2\/comments?post=19495"}],"version-history":[{"count":11,"href":"http:\/\/www2.unifap.br\/ead\/wp-json\/wp\/v2\/pages\/19495\/revisions"}],"predecessor-version":[{"id":20694,"href":"http:\/\/www2.unifap.br\/ead\/wp-json\/wp\/v2\/pages\/19495\/revisions\/20694"}],"wp:attachment":[{"href":"http:\/\/www2.unifap.br\/ead\/wp-json\/wp\/v2\/media?parent=19495"}],"curies":[{"name":"wp","href":"https:\/\/api.w.org\/{rel}","templated":true}]}}