{"id":19509,"date":"2019-01-15T12:48:00","date_gmt":"2019-01-15T15:48:00","guid":{"rendered":"http:\/\/www2.unifap.br\/ead\/?page_id=19509"},"modified":"2019-04-01T18:16:32","modified_gmt":"2019-04-01T21:16:32","slug":"chamada-externa-no012019-para-tutor-especializacao-em-midias-na-educacao","status":"publish","type":"page","link":"http:\/\/www2.unifap.br\/ead\/chamada-externa-no012019-para-tutor-especializacao-em-midias-na-educacao\/","title":{"rendered":"Chamada externa n\u00ba01\/2019 para Tutor: Especializa\u00e7\u00e3o em M\u00eddias na Educa\u00e7\u00e3o"},"content":{"rendered":"<h2 style=\"text-align: center\"><strong>Chamada externa n\u00ba01\/2019 para Tutor:&nbsp;<\/strong><strong>Especializa\u00e7\u00e3o em M\u00eddias na Educa\u00e7\u00e3o<\/strong><\/h2>\n<p>&nbsp;<\/p>\n<ul>\n<li><strong><a href=\"http:\/\/www2.unifap.br\/ead\/files\/2019\/03\/RETIFICA\u00c7\u00c3O-DO-RESULTADO-FINAL.pdf\">RETIFICA\u00c7\u00c3O DO RESULTADO-FINAL 13.03.2019 <span style=\"color: #ff0000\">(novo)<\/span><\/a><\/strong><\/li>\n<li><del><strong><a href=\"http:\/\/www2.unifap.br\/ead\/files\/2019\/03\/RESULTADO-FINAL-MIDIAS.pdf\">Retifica\u00e7\u00e3o: Resultado Final<\/a>&nbsp;(Com os Polos de atua\u00e7\u00e3o) &#8211; 13.03.2019 <span style=\"color: #ff0000\">(novo)&nbsp;<\/span><\/strong><\/del><\/li>\n<li><del><strong>Resultado Final&nbsp;&#8211; 12.03.2019&nbsp; Retificado<\/strong><\/del><\/li>\n<li><strong><a href=\"http:\/\/www2.unifap.br\/ead\/files\/2019\/01\/RESULTADO-PRELIMINAR-DE-M\u00cdDIAS.pdf\">Resultado preliminar&nbsp;<span style=\"color: #000000\">15.02.2019&nbsp;<\/span><\/a><\/strong><\/li>\n<li><strong><a href=\"http:\/\/www2.unifap.br\/ead\/files\/2019\/01\/Retifica\u00e7\u00e3o-de-cronograma.pdf\">Retifica\u00e7\u00e3o &#8211; Anexo I\u2013 <span style=\"color: #000000\">08.02.2019<\/span><\/a><span style=\"color: #000000\">&nbsp;<\/span><\/strong><\/li>\n<li><a href=\"http:\/\/www2.unifap.br\/ead\/files\/2019\/01\/RESULTADO-DE-TUTOR-M\u00cdDIAS-1.pdf\"><strong>Resultado final das inscri\u00e7\u00f5es homologadas- <span style=\"color: #000000\">08.02.2019&nbsp;<\/span><\/strong><\/a><\/li>\n<li><strong><a href=\"http:\/\/www2.unifap.br\/ead\/files\/2019\/01\/RESULTADO-RECURSO-M\u00cdDIASs.pdf\">RESULTADO DO RECURSO \u2013 <\/a><span style=\"color: #000000\"><a href=\"http:\/\/www2.unifap.br\/ead\/files\/2019\/01\/RESULTADO-RECURSO-M\u00cdDIASs.pdf\"><span style=\"color: #000000\">08.02.2019<\/span><\/a>.<\/span><\/strong><\/li>\n<li><strong><a href=\"http:\/\/www2.unifap.br\/ead\/files\/2019\/01\/RETIFICA\u00c7\u00c3O-DE-TUTOR-M\u00cdDIAS-.pdf\">Retifica\u00e7\u00e3o: Resultado preliminar<\/a>&nbsp;&#8211; 06.02.2019&nbsp;<\/strong><\/li>\n<li><del><strong>Resultado preliminar&nbsp;&#8211; 05.02.2019 <span style=\"color: #808080\">(novo)<\/span><\/strong><\/del><strong><span style=\"color: #808080\">&nbsp;Retificado em 06.02.2019<\/span><\/strong><\/li>\n<li><strong><a href=\"http:\/\/www2.unifap.br\/ead\/files\/2019\/01\/Informativo-m\u00eddias-da-educa\u00e7\u00e3o1.pdf\">Informativo &#8211; 05.02.2019<\/a>&nbsp;<\/strong><\/li>\n<li><strong>Link para inscri\u00e7\u00e3o: <a href=\"https:\/\/docs.google.com\/forms\/d\/e\/1FAIpQLSfSF3-10l5KIe-ux3f0TBQQvA0VnzN9g__Y9jGyoorXpdFovA\/viewform\">CLIQUE AQUI.&nbsp;<\/a><\/strong><\/li>\n<li><strong><a href=\"http:\/\/www2.unifap.br\/ead\/files\/2019\/01\/Chamada-Externa-para-Tutor-M\u00eddias-na-Educa\u00e7\u00e3o.pdf\">Edital: Chamada Externa n\u00ba01\/2019 para Tutor &#8211; M\u00eddias na Educa\u00e7\u00e3o<\/a>&nbsp;&#8211; 15.01.2019&nbsp;<span style=\"color: #ff0000\"><br \/>\n<\/span><\/strong><\/li>\n<\/ul>\n","protected":false},"excerpt":{"rendered":"<p>Chamada externa n\u00ba01\/2019 para Tutor:&nbsp;Especializa\u00e7\u00e3o em M\u00eddias na Educa\u00e7\u00e3o &nbsp; RETIFICA\u00c7\u00c3O DO RESULTADO-FINAL 13.03.2019 (novo) Retifica\u00e7\u00e3o: Resultado Final&nbsp;(Com os Polos de atua\u00e7\u00e3o) &#8211; 13.03.2019 (novo)&nbsp; Resultado Final&nbsp;&#8211; 12.03.2019&nbsp; Retificado Resultado&#8230;<\/p>\n","protected":false},"author":812,"featured_media":0,"parent":0,"menu_order":0,"comment_status":"closed","ping_status":"closed","template":"fullwidth.php","meta":{"inline_featured_image":false,"ngg_post_thumbnail":0,"footnotes":""},"class_list":["post-19509","page","type-page","status-publish","hentry","entry"],"_links":{"self":[{"href":"http:\/\/www2.unifap.br\/ead\/wp-json\/wp\/v2\/pages\/19509","targetHints":{"allow":["GET"]}}],"collection":[{"href":"http:\/\/www2.unifap.br\/ead\/wp-json\/wp\/v2\/pages"}],"about":[{"href":"http:\/\/www2.unifap.br\/ead\/wp-json\/wp\/v2\/types\/page"}],"author":[{"embeddable":true,"href":"http:\/\/www2.unifap.br\/ead\/wp-json\/wp\/v2\/users\/812"}],"replies":[{"embeddable":true,"href":"http:\/\/www2.unifap.br\/ead\/wp-json\/wp\/v2\/comments?post=19509"}],"version-history":[{"count":16,"href":"http:\/\/www2.unifap.br\/ead\/wp-json\/wp\/v2\/pages\/19509\/revisions"}],"predecessor-version":[{"id":20713,"href":"http:\/\/www2.unifap.br\/ead\/wp-json\/wp\/v2\/pages\/19509\/revisions\/20713"}],"wp:attachment":[{"href":"http:\/\/www2.unifap.br\/ead\/wp-json\/wp\/v2\/media?parent=19509"}],"curies":[{"name":"wp","href":"https:\/\/api.w.org\/{rel}","templated":true}]}}