{"id":19523,"date":"2019-01-15T13:02:26","date_gmt":"2019-01-15T16:02:26","guid":{"rendered":"http:\/\/www2.unifap.br\/ead\/?page_id=19523"},"modified":"2019-04-01T17:54:39","modified_gmt":"2019-04-01T20:54:39","slug":"professor-formador-esp-em-politicas-de-promocao-da-igualdade-racial-na-escola","status":"publish","type":"page","link":"http:\/\/www2.unifap.br\/ead\/professor-formador-esp-em-politicas-de-promocao-da-igualdade-racial-na-escola\/","title":{"rendered":"Professor Formador: Esp. em Pol\u00edticas de promo\u00e7\u00e3o da igualdade racial na Escola"},"content":{"rendered":"<h2 style=\"text-align: center\"><strong>Chamada interna n\u00ba01\/2019 para Professor Formador: Esp. em Pol\u00edticas de promo\u00e7\u00e3o da igualdade racial na Escola<\/strong><\/h2>\n<p>&nbsp;<\/p>\n<ul>\n<li><strong><a href=\"http:\/\/www2.unifap.br\/ead\/files\/2019\/01\/UNIAFRO-FORMADOR1.pdf\">Resultado Final \u2013 <span style=\"color: #ff0000\">13.02.2019 (novo)<\/span><\/a><\/strong><\/li>\n<li><span style=\"color: #333333\"><strong><a style=\"color: #333333\" href=\"http:\/\/www2.unifap.br\/ead\/files\/2019\/01\/UNIAFRO-FORMADOR.pdf\">RESULTADO PROVIS\u00d3RIO &#8211;&nbsp;07.02.2019&nbsp;<\/a><\/strong><\/span><\/li>\n<li><span style=\"color: #333333\"><strong><a style=\"color: #333333\" href=\"http:\/\/www2.unifap.br\/ead\/files\/2019\/01\/UNIAFRO-FINAL-a.pdf\">INSCRI\u00c7\u00c3O HOMOLOGADAS &#8211;&nbsp;07.02.2019 <\/a><\/strong><\/span><\/li>\n<li><span style=\"color: #333333\"><strong><a style=\"color: #333333\" href=\"http:\/\/www2.unifap.br\/ead\/files\/2019\/01\/UNIAFRO.pdf\">Resultado preliminar<\/a>&nbsp;&#8211; 02.02.2019<br \/>\n<\/strong><\/span><\/li>\n<li><span style=\"color: #333333\"><strong><a style=\"color: #333333\" href=\"https:\/\/docs.google.com\/forms\/d\/e\/1FAIpQLScPnp5w82SZedg0sjXnOu7mLb--sKCnvmph34xVh3vs8XUnjA\/viewform\">Link para inscri\u00e7\u00e3o: CLIQUE AQUI<\/a>.<\/strong><\/span><\/li>\n<li><span style=\"color: #333333\"><strong><a style=\"color: #333333\" href=\"http:\/\/www2.unifap.br\/ead\/files\/2019\/01\/Chamada-para-Professor-Formador-DEaD-UNIAFRO.pdf\">Edital: Professor Formador: Esp. em Pol\u00edticas de promo\u00e7\u00e3o da igualdade racial na Escola<\/a>&nbsp;&#8211; 15.01.2019&nbsp;<\/strong><\/span><\/li>\n<\/ul>\n<p>&nbsp;<\/p>\n","protected":false},"excerpt":{"rendered":"<p>Chamada interna n\u00ba01\/2019 para Professor Formador: Esp. em Pol\u00edticas de promo\u00e7\u00e3o da igualdade racial na Escola &nbsp; Resultado Final \u2013 13.02.2019 (novo) RESULTADO PROVIS\u00d3RIO &#8211;&nbsp;07.02.2019&nbsp; INSCRI\u00c7\u00c3O HOMOLOGADAS &#8211;&nbsp;07.02.2019 Resultado preliminar&nbsp;&#8211;&#8230;<\/p>\n","protected":false},"author":812,"featured_media":0,"parent":0,"menu_order":0,"comment_status":"closed","ping_status":"closed","template":"fullwidth.php","meta":{"inline_featured_image":false,"ngg_post_thumbnail":0,"footnotes":""},"class_list":["post-19523","page","type-page","status-publish","hentry","entry"],"_links":{"self":[{"href":"http:\/\/www2.unifap.br\/ead\/wp-json\/wp\/v2\/pages\/19523","targetHints":{"allow":["GET"]}}],"collection":[{"href":"http:\/\/www2.unifap.br\/ead\/wp-json\/wp\/v2\/pages"}],"about":[{"href":"http:\/\/www2.unifap.br\/ead\/wp-json\/wp\/v2\/types\/page"}],"author":[{"embeddable":true,"href":"http:\/\/www2.unifap.br\/ead\/wp-json\/wp\/v2\/users\/812"}],"replies":[{"embeddable":true,"href":"http:\/\/www2.unifap.br\/ead\/wp-json\/wp\/v2\/comments?post=19523"}],"version-history":[{"count":12,"href":"http:\/\/www2.unifap.br\/ead\/wp-json\/wp\/v2\/pages\/19523\/revisions"}],"predecessor-version":[{"id":20693,"href":"http:\/\/www2.unifap.br\/ead\/wp-json\/wp\/v2\/pages\/19523\/revisions\/20693"}],"wp:attachment":[{"href":"http:\/\/www2.unifap.br\/ead\/wp-json\/wp\/v2\/media?parent=19523"}],"curies":[{"name":"wp","href":"https:\/\/api.w.org\/{rel}","templated":true}]}}