{"id":19559,"date":"2019-01-15T22:51:44","date_gmt":"2019-01-16T01:51:44","guid":{"rendered":"http:\/\/www2.unifap.br\/ead\/?page_id=19559"},"modified":"2019-11-13T15:05:28","modified_gmt":"2019-11-13T18:05:28","slug":"processo-seletivo-simplificado-no012019-para-selecao-de-alunos-especializacao-em-gestao-em-saude-modalidade-a-distancia","status":"publish","type":"page","link":"http:\/\/www2.unifap.br\/ead\/processo-seletivo-simplificado-no012019-para-selecao-de-alunos-especializacao-em-gestao-em-saude-modalidade-a-distancia\/","title":{"rendered":"Processo seletivo simplificado n\u00ba01\/2019 para sele\u00e7\u00e3o de alunos: Especializa\u00e7\u00e3o em Gest\u00e3o em Sa\u00fade \u2013 Modalidade a dist\u00e2ncia."},"content":{"rendered":"\t\t<div data-elementor-type=\"wp-post\" data-elementor-id=\"19559\" class=\"elementor elementor-19559 elementor-bc-flex-widget\">\n\t\t\t\t\t\t<section class=\"elementor-section elementor-top-section elementor-element elementor-element-729cde6f elementor-section-boxed elementor-section-height-default elementor-section-height-default\" data-id=\"729cde6f\" data-element_type=\"section\" data-e-type=\"section\">\n\t\t\t\t\t\t<div class=\"elementor-container elementor-column-gap-default\">\n\t\t\t\t\t<div class=\"elementor-column elementor-col-100 elementor-top-column elementor-element elementor-element-8f5f1fa\" data-id=\"8f5f1fa\" data-element_type=\"column\" data-e-type=\"column\">\n\t\t\t<div class=\"elementor-widget-wrap elementor-element-populated\">\n\t\t\t\t\t\t<div class=\"elementor-element elementor-element-2f5713fc elementor-widget elementor-widget-text-editor\" data-id=\"2f5713fc\" data-element_type=\"widget\" data-e-type=\"widget\" data-widget_type=\"text-editor.default\">\n\t\t\t\t<div class=\"elementor-widget-container\">\n\t\t\t\t\t\t\t\t\t<h1 style=\"text-align: center\"><strong>Processo seletivo simplificado n\u00ba01\/2019 para sele\u00e7\u00e3o de alunos: Especializa\u00e7\u00e3o em Gest\u00e3o em Sa\u00fade \u2013 Modalidade a dist\u00e2ncia.<\/strong><\/h1>\r\n<ul>\r\n \t<li style=\"list-style-type: none\">\r\n<ul>\r\n \t<li><a href=\"http:\/\/www2.unifap.br\/ead\/files\/2019\/07\/ESP-EM-GESTAO-EM-SAUDE-2019.2-Polo-MCP.pdf\">CRONOGRAMA PARA A CAPACITA\u00c7\u00c3O DOS ALUNOS &#8211; POLO MACAP\u00c1 18.07.2019 <span style=\"color: #ff0000\">(NOVO)<\/span><\/a><\/li>\r\n \t<li><a href=\"http:\/\/www2.unifap.br\/ead\/files\/2019\/07\/ESP-EM-GESTAO-EM-SAUDE-2019.2-Polo-STN.pdf\">CRONOGRAMA PARA A CAPACITA\u00c7\u00c3O DOS ALUNOS &#8211; POLO SANTANA 18.07.2019&nbsp;<\/a><\/li>\r\n \t<li><a href=\"http:\/\/www.unifap.br\/public\/index\/view\/id\/11000\">CONVOCA\u00c7\u00c3O DE MATR\u00cdCULA 20.03.2019 <\/a><\/li>\r\n \t<li><a href=\"http:\/\/www2.unifap.br\/ead\/files\/2019\/03\/POLO-MACAP\u00c1-SG.pdf\">RESULTADO FINAL POLO MACAP\u00c1 01.03.2019<\/a><\/li>\r\n \t<li><a href=\"http:\/\/www2.unifap.br\/ead\/files\/2019\/03\/POLO-SANTANA-SG.pdf\">RESULTADO FINAL POLO DE SANTANA 01.03.2019&nbsp;<\/a><\/li>\r\n \t<li><a href=\"http:\/\/www2.unifap.br\/ead\/files\/2019\/03\/POLO-VIT\u00d3RIA-DO-JARI-SG.pdf\">RESULTADO FINAL POLO VIT\u00d3RIA DO JARI 01.03.2019<\/a><\/li>\r\n \t<li><a href=\"http:\/\/www2.unifap.br\/ead\/files\/2019\/03\/RESULTADO-DE-RECURSO-retifica\u00e7\u00e3o1.pdf\">RETIFICA\u00c7\u00c3O DO RESULTADO DE RECURSO 01.03.2019<\/a><\/li>\r\n \t<li><a href=\"http:\/\/www2.unifap.br\/ead\/files\/2019\/02\/RESULTADO-DE-RECURSO.pdf\">RESULTADO DE RECURSO 28.02.2019 <\/a><\/li>\r\n \t<li><a href=\"http:\/\/www2.unifap.br\/ead\/files\/2019\/02\/RESULTADO-PROVA-DE-T\u00cdTULOS-E-CARTA-POLO-MACAP\u00c1.pdf\">RESULTADO PROVA DE T\u00cdTULOS E CARTA &#8211; POLO MACAP\u00c1 26.02.2019<\/a><\/li>\r\n \t<li><a href=\"http:\/\/www2.unifap.br\/ead\/files\/2019\/02\/RESULTADO-PROVA-DE-T\u00cdTULOS-E-CARTA-POLO-SANTANA.pdf\">RESULTADO PROVA DE T\u00cdTULOS E CARTA &#8211; POLO SANTANA 26.02.2019 <\/a><\/li>\r\n \t<li><a href=\"http:\/\/www2.unifap.br\/ead\/files\/2019\/02\/RESULTADO-PROVA-DE-T\u00cdTULOS-E-CARTA-POLO-JARI.pdf\">RESULTADO PROVA DE T\u00cdTULOS E CARTA &#8211; POLO JARI 26.02.2019&nbsp;<\/a><\/li>\r\n \t<li><a href=\"http:\/\/www2.unifap.br\/ead\/files\/2019\/01\/aviso.pdf\">AVISO AOS CANDIDATOS 20.02.2019 <\/a><\/li>\r\n \t<li><a href=\"http:\/\/www2.unifap.br\/ead\/files\/2019\/01\/Resultado-parcial.pdf\">Resultado Preliminar<\/a>&nbsp;&#8211; 01.02.2019<\/li>\r\n \t<li><a href=\"http:\/\/www2.unifap.br\/ead\/files\/2019\/01\/Edital-PSS-EAD-2019-Gest%C3%A3o-em-Sa%C3%BAde.pdf\">EDITAL: Processo seletivo simplificado n\u00ba01\/2019 para sele\u00e7\u00e3o de alunos Especializa\u00e7\u00e3o em Gest\u00e3o em Sa\u00fade \u2013 Modalidade a dist\u00e2ncia<\/a><a href=\"http:\/\/www2.unifap.br\/ead\/files\/2019\/01\/Processo-seletivo-simplificado-n\u00ba012019-para-sele\u00e7\u00e3o-de-alunos-Especializa\u00e7\u00e3o-em-Gest\u00e3o-em-Sa\u00fade-\u2013-Modalidade-a-dist\u00e2ncia..pdf\">.<\/a>&nbsp;&#8211; 15.01.2019<\/li>\r\n<\/ul>\r\n<\/li>\r\n<\/ul>\t\t\t\t\t\t\t\t<\/div>\n\t\t\t\t<\/div>\n\t\t\t\t\t<\/div>\n\t\t<\/div>\n\t\t\t\t\t<\/div>\n\t\t<\/section>\n\t\t\t\t<\/div>\n\t\t","protected":false},"excerpt":{"rendered":"<p>Processo seletivo simplificado n\u00ba01\/2019 para sele\u00e7\u00e3o de alunos: Especializa\u00e7\u00e3o em Gest\u00e3o em Sa\u00fade \u2013 Modalidade a dist\u00e2ncia. CRONOGRAMA PARA A CAPACITA\u00c7\u00c3O DOS ALUNOS &#8211; POLO MACAP\u00c1 18.07.2019 (NOVO) CRONOGRAMA PARA&#8230;<\/p>\n","protected":false},"author":812,"featured_media":0,"parent":0,"menu_order":0,"comment_status":"closed","ping_status":"closed","template":"","meta":{"inline_featured_image":false,"ngg_post_thumbnail":0,"footnotes":""},"class_list":["post-19559","page","type-page","status-publish","hentry","entry"],"_links":{"self":[{"href":"http:\/\/www2.unifap.br\/ead\/wp-json\/wp\/v2\/pages\/19559","targetHints":{"allow":["GET"]}}],"collection":[{"href":"http:\/\/www2.unifap.br\/ead\/wp-json\/wp\/v2\/pages"}],"about":[{"href":"http:\/\/www2.unifap.br\/ead\/wp-json\/wp\/v2\/types\/page"}],"author":[{"embeddable":true,"href":"http:\/\/www2.unifap.br\/ead\/wp-json\/wp\/v2\/users\/812"}],"replies":[{"embeddable":true,"href":"http:\/\/www2.unifap.br\/ead\/wp-json\/wp\/v2\/comments?post=19559"}],"version-history":[{"count":29,"href":"http:\/\/www2.unifap.br\/ead\/wp-json\/wp\/v2\/pages\/19559\/revisions"}],"predecessor-version":[{"id":22633,"href":"http:\/\/www2.unifap.br\/ead\/wp-json\/wp\/v2\/pages\/19559\/revisions\/22633"}],"wp:attachment":[{"href":"http:\/\/www2.unifap.br\/ead\/wp-json\/wp\/v2\/media?parent=19559"}],"curies":[{"name":"wp","href":"https:\/\/api.w.org\/{rel}","templated":true}]}}