{"id":19565,"date":"2019-01-15T22:54:16","date_gmt":"2019-01-16T01:54:16","guid":{"rendered":"http:\/\/www2.unifap.br\/ead\/?page_id=19565"},"modified":"2019-11-14T11:29:30","modified_gmt":"2019-11-14T14:29:30","slug":"processo-seletivo-simplificado-no012019-para-selecao-de-alunos-especializacao-em-politicas-de-promocao-da-igualdade-racial-na-escola-uniafro-modalidade-a-distancia","status":"publish","type":"page","link":"http:\/\/www2.unifap.br\/ead\/processo-seletivo-simplificado-no012019-para-selecao-de-alunos-especializacao-em-politicas-de-promocao-da-igualdade-racial-na-escola-uniafro-modalidade-a-distancia\/","title":{"rendered":"Processo seletivo simplificado n\u00ba01\/2019 para sele\u00e7\u00e3o de alunos: Especializa\u00e7\u00e3o em Pol\u00edticas de promo\u00e7\u00e3o da igualdade racial na escola (UNIAFRO) &#8211; Modalidade a dist\u00e2ncia."},"content":{"rendered":"\t\t<div data-elementor-type=\"wp-post\" data-elementor-id=\"19565\" class=\"elementor elementor-19565 elementor-bc-flex-widget\">\n\t\t\t\t\t\t<section class=\"elementor-section elementor-top-section elementor-element elementor-element-22829412 elementor-section-boxed elementor-section-height-default elementor-section-height-default\" data-id=\"22829412\" data-element_type=\"section\" data-e-type=\"section\">\n\t\t\t\t\t\t<div class=\"elementor-container elementor-column-gap-default\">\n\t\t\t\t\t<div class=\"elementor-column elementor-col-100 elementor-top-column elementor-element elementor-element-37d07aee\" data-id=\"37d07aee\" data-element_type=\"column\" data-e-type=\"column\">\n\t\t\t<div class=\"elementor-widget-wrap elementor-element-populated\">\n\t\t\t\t\t\t<div class=\"elementor-element elementor-element-16bb3835 elementor-widget elementor-widget-text-editor\" data-id=\"16bb3835\" data-element_type=\"widget\" data-e-type=\"widget\" data-widget_type=\"text-editor.default\">\n\t\t\t\t<div class=\"elementor-widget-container\">\n\t\t\t\t\t\t\t\t\t<h1 style=\"text-align: center;\"><a href=\"http:\/\/www2.unifap.br\/ead\/processo-seletivo-simplificado-no012019-para-selecao-de-alunos-especializacao-em-politicas-de-promocao-da-igualdade-racial-na-escola-uniafro-modalidade-a-distancia\/\">Especializa\u00e7\u00e3o em Pol\u00edticas de promo\u00e7\u00e3o da igualdade racial na escola (EaD)<\/a>\u00a0\u2013 Processo seletivo simplificado n\u00ba01\/2019<\/h1><ul><li><a href=\"http:\/\/www2.unifap.br\/ead\/files\/2019\/07\/Lista-UNIAFRO.pdf\">CRONOGRAMA PARA A CAPACITA\u00c7\u00c3O DOS ALUNOS \u2013 POLOS MACAP\u00c1 E SANTANA 29.07.2019<\/a><\/li><li><a href=\"http:\/\/www.unifap.br\/public\/index\/view\/id\/11001\">CONVOCA\u00c7\u00c3O DE MATR\u00cdCULA 20.03.2019<\/a><\/li><li><a href=\"http:\/\/www2.unifap.br\/ead\/files\/2019\/03\/UNIAFRO-ALUNO-.pdf\">RESULTADO FINAL 01.03.2019<\/a><\/li><li><a href=\"http:\/\/www2.unifap.br\/ead\/files\/2019\/03\/RESULTADO-DE-RECURSO-UNIAFRO-1.pdf\">RESULTADO DE RECURSO 01.03.2019<\/a><a href=\"http:\/\/www2.unifap.br\/ead\/files\/2019\/03\/RESULTADO-DE-RECURSO-UNIAFRO-1.pdf\"><span style=\"color: #ff0000;\">\u00a0<\/span><\/a><\/li><li><a href=\"http:\/\/www2.unifap.br\/ead\/files\/2019\/02\/UNIAFRO-ALUNO-.pdf\">RESULTADO PRELIMINAR 26.02.2019\u00a0<\/a><\/li><li style=\"text-align: left;\"><a href=\"http:\/\/www2.unifap.br\/ead\/files\/2019\/01\/aviso.pdf\">AVISO AOS CANDIDATOS 20.02.2019<\/a><\/li><li style=\"text-align: left;\"><a href=\"http:\/\/www2.unifap.br\/ead\/files\/2019\/01\/HOMOLOGADAS-ALUNO-UNIAFRO-.pdf\">INSCRI\u00c7\u00d5ES HOMOLOGADAS -07.02.2019<\/a><\/li><li style=\"text-align: left;\"><a href=\"http:\/\/www2.unifap.br\/ead\/files\/2019\/01\/Edital-PSS-EAD-2019-UNIAFRO.pdf\">Edital:\u00a0Processo seletivo simplificado n\u00ba01\/2019 para sele\u00e7\u00e3o de alunos Especializa\u00e7\u00e3o em Pol\u00edticas de promo\u00e7\u00e3o da igualdade racial na escola (UNIAFRO) &#8211; Modalidade a dist\u00e2ncia.\u00a0&#8211; 15.01.2019\u00a0<\/a><\/li><\/ul>\t\t\t\t\t\t\t\t<\/div>\n\t\t\t\t<\/div>\n\t\t\t\t\t<\/div>\n\t\t<\/div>\n\t\t\t\t\t<\/div>\n\t\t<\/section>\n\t\t\t\t<\/div>\n\t\t","protected":false},"excerpt":{"rendered":"<p>Especializa\u00e7\u00e3o em Pol\u00edticas de promo\u00e7\u00e3o da igualdade racial na escola (EaD)\u00a0\u2013 Processo seletivo simplificado n\u00ba01\/2019 CRONOGRAMA PARA A CAPACITA\u00c7\u00c3O DOS ALUNOS \u2013 POLOS MACAP\u00c1 E SANTANA 29.07.2019 CONVOCA\u00c7\u00c3O DE MATR\u00cdCULA&#8230;<\/p>\n","protected":false},"author":812,"featured_media":0,"parent":0,"menu_order":0,"comment_status":"closed","ping_status":"closed","template":"","meta":{"inline_featured_image":false,"ngg_post_thumbnail":0,"footnotes":""},"class_list":["post-19565","page","type-page","status-publish","hentry","entry"],"_links":{"self":[{"href":"http:\/\/www2.unifap.br\/ead\/wp-json\/wp\/v2\/pages\/19565","targetHints":{"allow":["GET"]}}],"collection":[{"href":"http:\/\/www2.unifap.br\/ead\/wp-json\/wp\/v2\/pages"}],"about":[{"href":"http:\/\/www2.unifap.br\/ead\/wp-json\/wp\/v2\/types\/page"}],"author":[{"embeddable":true,"href":"http:\/\/www2.unifap.br\/ead\/wp-json\/wp\/v2\/users\/812"}],"replies":[{"embeddable":true,"href":"http:\/\/www2.unifap.br\/ead\/wp-json\/wp\/v2\/comments?post=19565"}],"version-history":[{"count":21,"href":"http:\/\/www2.unifap.br\/ead\/wp-json\/wp\/v2\/pages\/19565\/revisions"}],"predecessor-version":[{"id":22672,"href":"http:\/\/www2.unifap.br\/ead\/wp-json\/wp\/v2\/pages\/19565\/revisions\/22672"}],"wp:attachment":[{"href":"http:\/\/www2.unifap.br\/ead\/wp-json\/wp\/v2\/media?parent=19565"}],"curies":[{"name":"wp","href":"https:\/\/api.w.org\/{rel}","templated":true}]}}