{"id":19858,"date":"2019-01-25T11:17:32","date_gmt":"2019-01-25T14:17:32","guid":{"rendered":"http:\/\/www2.unifap.br\/ead\/?page_id=19858"},"modified":"2019-04-22T17:34:07","modified_gmt":"2019-04-22T20:34:07","slug":"chamada-externa-no012019-para-professor-formador-educacao-fisica","status":"publish","type":"page","link":"http:\/\/www2.unifap.br\/ead\/chamada-externa-no012019-para-professor-formador-educacao-fisica\/","title":{"rendered":"Chamada externa n\u00ba01\/2019 para Professor Formador: Educa\u00e7\u00e3o F\u00edsica"},"content":{"rendered":"<h2 style=\"text-align: center\"><strong>CHAMADA EXTERNA PARA PROFESSOR FORMADOR DO CURSO DE LICENCIATURA EM EDUCA\u00c7\u00c3O F\u00cdSICA UNIFAP\/UAB\/CAPES<\/strong><\/h2>\n<ul>\n<li><strong><a href=\"http:\/\/www2.unifap.br\/ead\/files\/2019\/04\/CONVOCA\u00c7\u00c3O-03-CHAMADA-EXTERNA-PROFESSOR.pdf\">Convoca\u00e7\u00e3o 03<\/a>&nbsp;&#8211; 22.04.2019 <span style=\"color: #ff0000\">(novo)<\/span><\/strong><\/li>\n<li><strong><a href=\"http:\/\/www2.unifap.br\/ead\/files\/2019\/04\/RESULTADO-FINAL-02-CHAMADA-EXTERNA-PROFESSOR.pdf\">Resultado final 02 &#8211; 22.04.2019<span style=\"color: #ff0000\"> (novo)<\/span><\/a><\/strong><\/li>\n<li><strong><a href=\"http:\/\/www2.unifap.br\/ead\/files\/2019\/04\/RESULTADO-PARCIAL-02-CHAMADA-PROFESSOR.pdf\">Resultado parcial 02 &#8211; 15.04.2019 <\/a><\/strong><\/li>\n<li><strong><a href=\"http:\/\/www2.unifap.br\/ead\/files\/2019\/04\/LOCAL-E-DATA-DAS-ENTREVISTAS-Candidato-Edielson.pdf\">Local e data da entrevista &#8211;&nbsp; 09.04.2019<\/a><\/strong><\/li>\n<li><strong><a href=\"http:\/\/www2.unifap.br\/ead\/files\/2019\/04\/AVISO-DE-CANCELAMENTO-DE-RETIFICA\u00c7\u00c3O-1-1.pdf\">AVISO DE CANCELAMENTO DE RETIFICA\u00c7\u00c3O 09.04.2019<span style=\"color: #ff0000\">&nbsp;<\/span><\/a><\/strong><\/li>\n<li><strong><a href=\"http:\/\/www2.unifap.br\/ead\/files\/2019\/03\/CONVOCA\u00c7\u00c3O-02-CHAMADA-EXTERNA-PROFESSOR.pdf\">Convoca\u00e7\u00e3o 02: 26.03.2019&nbsp;<\/a><\/strong><\/li>\n<li><strong><a href=\"http:\/\/www2.unifap.br\/ead\/files\/2019\/02\/CONVOCA\u00c7\u00c3O-CHAMADA-EXTERNA-PROFESSOR.pdf\">Convoca\u00e7\u00e3o 01: 28.02.2019&nbsp;<\/a><\/strong><\/li>\n<li><strong><a href=\"http:\/\/www2.unifap.br\/ead\/files\/2019\/01\/Resultado-final-professor.pdf\">Resultado final<\/a>: 19.02.2019<span style=\"color: #ff0000\">&nbsp;<\/span><\/strong><\/li>\n<li><strong><a href=\"http:\/\/www2.unifap.br\/ead\/files\/2019\/01\/RESULTADO-PARCIAL-CHAMADA-PROFESSOR.pdf\">Resultado parcial<\/a>: 14.02.2019 <span style=\"color: #ff0000\"><br \/>\n<\/span><\/strong><\/li>\n<li><strong><a href=\"http:\/\/www2.unifap.br\/ead\/files\/2019\/01\/LOCAL-E-DATA-DAS-ENTREVISTAS-CHAMADA-PROFESSOR.pdf\">Entrevista (local e data)<\/a>: 09.02.2019<span style=\"color: #ff0000\">&nbsp;<\/span><\/strong><\/li>\n<li><strong><a href=\"http:\/\/www2.unifap.br\/ead\/files\/2019\/01\/Retifica\u00e7\u00e3o-02-Prova-de-titulos.pdf\">Retifica\u00e7\u00e3o 02 &#8211; Prova de t\u00edtulos<\/a>: 09.02.2019&nbsp;<span style=\"color: #ff0000\"><br \/>\n<\/span><\/strong><\/li>\n<li><strong><a href=\"http:\/\/www2.unifap.br\/ead\/files\/2019\/01\/Retifica\u00e7\u00e3o-01-Resultado-preliminar.pdf\">Retifica\u00e7\u00e3o 01 &#8211; Resultado preliminar<\/a>:<\/strong>&nbsp;<strong>09.02.2019<span style=\"color: #ff0000\">&nbsp;<\/span><\/strong><\/li>\n<li><strong><a href=\"http:\/\/www2.unifap.br\/ead\/files\/2019\/01\/RESULTADO-DA-PROVA-DE-TITULOS-CHAMADA-PROFESSOR-EXTERNO.pdf\">Resultado: Prova de T\u00edtulos<\/a>: 07.02.2019<span style=\"color: #ff0000\">&nbsp;<\/span><\/strong><\/li>\n<li><strong><a href=\"http:\/\/www2.unifap.br\/ead\/files\/2019\/01\/RESULTADO-DAS-INCRI\u00c7\u00d5ES-CHAMADA-PROFESSOR.pdf\">Resultado preliminar<\/a>: 05.02.2019&nbsp;<span style=\"color: #ff0000\"><br \/>\n<\/span><\/strong><\/li>\n<li><strong><a href=\"http:\/\/www2.unifap.br\/ead\/files\/2019\/01\/CHAMADA-EXTERNA-PROFESSOR-MACAP\u00c1-20192.pdf\">Edital: Chamada externa n\u00ba01\/2019 para Professor Formador: Educa\u00e7\u00e3o F\u00edsica: 31.01.2019<\/a>&nbsp;<span style=\"color: #ff0000\"><br \/>\n<\/span><\/strong><\/li>\n<li><strong><del>Edital: Chamada externa n\u00ba01\/2019 para Professor Formador: Educa\u00e7\u00e3o F\u00edsica 30.01.2019<\/del> <a href=\"http:\/\/www2.unifap.br\/ead\/files\/2019\/01\/CHAMADA-EXTERNA-PROFESSOR-MACAP%C3%81-20191.pdf\"><span style=\"color: #ff0000\"><br \/>\n<\/span><\/a><\/strong><\/li>\n<\/ul>\n","protected":false},"excerpt":{"rendered":"<p>CHAMADA EXTERNA PARA PROFESSOR FORMADOR DO CURSO DE LICENCIATURA EM EDUCA\u00c7\u00c3O F\u00cdSICA UNIFAP\/UAB\/CAPES Convoca\u00e7\u00e3o 03&nbsp;&#8211; 22.04.2019 (novo) Resultado final 02 &#8211; 22.04.2019 (novo) Resultado parcial 02 &#8211; 15.04.2019 Local e&#8230;<\/p>\n","protected":false},"author":812,"featured_media":0,"parent":0,"menu_order":0,"comment_status":"closed","ping_status":"closed","template":"fullwidth.php","meta":{"inline_featured_image":false,"ngg_post_thumbnail":0,"footnotes":""},"class_list":["post-19858","page","type-page","status-publish","hentry","entry"],"_links":{"self":[{"href":"http:\/\/www2.unifap.br\/ead\/wp-json\/wp\/v2\/pages\/19858","targetHints":{"allow":["GET"]}}],"collection":[{"href":"http:\/\/www2.unifap.br\/ead\/wp-json\/wp\/v2\/pages"}],"about":[{"href":"http:\/\/www2.unifap.br\/ead\/wp-json\/wp\/v2\/types\/page"}],"author":[{"embeddable":true,"href":"http:\/\/www2.unifap.br\/ead\/wp-json\/wp\/v2\/users\/812"}],"replies":[{"embeddable":true,"href":"http:\/\/www2.unifap.br\/ead\/wp-json\/wp\/v2\/comments?post=19858"}],"version-history":[{"count":30,"href":"http:\/\/www2.unifap.br\/ead\/wp-json\/wp\/v2\/pages\/19858\/revisions"}],"predecessor-version":[{"id":20807,"href":"http:\/\/www2.unifap.br\/ead\/wp-json\/wp\/v2\/pages\/19858\/revisions\/20807"}],"wp:attachment":[{"href":"http:\/\/www2.unifap.br\/ead\/wp-json\/wp\/v2\/media?parent=19858"}],"curies":[{"name":"wp","href":"https:\/\/api.w.org\/{rel}","templated":true}]}}