{"id":20125,"date":"2019-02-08T19:44:45","date_gmt":"2019-02-08T22:44:45","guid":{"rendered":"http:\/\/www2.unifap.br\/ead\/?page_id=20125"},"modified":"2019-04-26T10:01:55","modified_gmt":"2019-04-26T13:01:55","slug":"professor-formador-especializacao-em-educacao-penitenciaria","status":"publish","type":"page","link":"http:\/\/www2.unifap.br\/ead\/professor-formador-especializacao-em-educacao-penitenciaria\/","title":{"rendered":"Professor Formador: Especializa\u00e7\u00e3o em Educa\u00e7\u00e3o Penitenciaria"},"content":{"rendered":"<h1 style=\"text-align: center\"><strong>Chamada interna n\u00ba02\/2019 para Professor Formador: Especializa\u00e7\u00e3o em Educa\u00e7\u00e3o Penitenciaria<\/strong><\/h1>\n<ul>\n<li><strong><a href=\"http:\/\/www2.unifap.br\/ead\/files\/2019\/02\/Resultado-Final-da-Chamada-Interna-n-02_2019-para-Professor-Formador.pdf\">Resultado Final<\/a>&nbsp;&#8211; 21.02.2019<span style=\"color: #ff0000\">&nbsp;<\/span><\/strong><\/li>\n<li><strong><a href=\"http:\/\/www2.unifap.br\/ead\/files\/2019\/02\/Prova-de-T\u00edtulo-para-Professor-Formador_Chamada-Interna-n-02_2019.pdf\">Prova de T\u00edtulo<\/a>&nbsp;-21.02.2019&nbsp;<\/strong><\/li>\n<li><strong><a href=\"http:\/\/www2.unifap.br\/ead\/files\/2019\/02\/Inscri\u00e7\u00e3o_Chamada-Interna-n-02_2019.pdf\">Resultado preliminar &#8211; 15.02.2019<\/a><\/strong><\/li>\n<li><strong><a href=\"http:\/\/www2.unifap.br\/ead\/files\/2019\/02\/Retifica\u00e7\u00e3o-n_01.pdf\">Retifica\u00e7\u00e3o n\u00ba01<\/a>&nbsp;&#8211; 13.02.2019&nbsp;<\/strong><\/li>\n<li><strong><a href=\"https:\/\/docs.google.com\/forms\/d\/e\/1FAIpQLSda-ToGzzLhEOTS5EvVOqhjE2KRNSRmPo3xQMVAJ5v545EMyw\/closedform\">Link para inscri\u00e7\u00e3o: Clique aqui<\/a>.<\/strong><\/li>\n<li><strong><a href=\"http:\/\/www2.unifap.br\/ead\/files\/2019\/02\/ANEXO-II.docx\">ANEXO II &#8211; 08.02.2019<span style=\"color: #ff0000\"><br \/>\n<\/span><\/a><\/strong><\/li>\n<li><strong>Edital:<a href=\"http:\/\/www2.unifap.br\/ead\/files\/2019\/02\/Chamada-Interna-para-Professor-Formador.pdf\">Chamada Interna para Professor Formador<\/a>&nbsp;&#8211; 08.02.2019 <span style=\"color: #ff0000\"><br \/>\n<\/span><\/strong><\/li>\n<\/ul>\n","protected":false},"excerpt":{"rendered":"<p>Chamada interna n\u00ba02\/2019 para Professor Formador: Especializa\u00e7\u00e3o em Educa\u00e7\u00e3o Penitenciaria Resultado Final&nbsp;&#8211; 21.02.2019&nbsp; Prova de T\u00edtulo&nbsp;-21.02.2019&nbsp; Resultado preliminar &#8211; 15.02.2019 Retifica\u00e7\u00e3o n\u00ba01&nbsp;&#8211; 13.02.2019&nbsp; Link para inscri\u00e7\u00e3o: Clique aqui. ANEXO II&#8230;<\/p>\n","protected":false},"author":812,"featured_media":0,"parent":0,"menu_order":0,"comment_status":"closed","ping_status":"closed","template":"fullwidth.php","meta":{"inline_featured_image":false,"ngg_post_thumbnail":0,"footnotes":""},"class_list":["post-20125","page","type-page","status-publish","hentry","entry"],"_links":{"self":[{"href":"http:\/\/www2.unifap.br\/ead\/wp-json\/wp\/v2\/pages\/20125","targetHints":{"allow":["GET"]}}],"collection":[{"href":"http:\/\/www2.unifap.br\/ead\/wp-json\/wp\/v2\/pages"}],"about":[{"href":"http:\/\/www2.unifap.br\/ead\/wp-json\/wp\/v2\/types\/page"}],"author":[{"embeddable":true,"href":"http:\/\/www2.unifap.br\/ead\/wp-json\/wp\/v2\/users\/812"}],"replies":[{"embeddable":true,"href":"http:\/\/www2.unifap.br\/ead\/wp-json\/wp\/v2\/comments?post=20125"}],"version-history":[{"count":15,"href":"http:\/\/www2.unifap.br\/ead\/wp-json\/wp\/v2\/pages\/20125\/revisions"}],"predecessor-version":[{"id":20827,"href":"http:\/\/www2.unifap.br\/ead\/wp-json\/wp\/v2\/pages\/20125\/revisions\/20827"}],"wp:attachment":[{"href":"http:\/\/www2.unifap.br\/ead\/wp-json\/wp\/v2\/media?parent=20125"}],"curies":[{"name":"wp","href":"https:\/\/api.w.org\/{rel}","templated":true}]}}