{"id":20200,"date":"2019-02-13T12:22:18","date_gmt":"2019-02-13T15:22:18","guid":{"rendered":"http:\/\/www2.unifap.br\/ead\/?page_id=20200"},"modified":"2019-04-01T17:46:38","modified_gmt":"2019-04-01T20:46:38","slug":"tutorno032019-letras-portugues","status":"publish","type":"page","link":"http:\/\/www2.unifap.br\/ead\/tutorno032019-letras-portugues\/","title":{"rendered":"Tutor(n\u00ba03\/2019): Letras Portugu\u00eas"},"content":{"rendered":"<h1 style=\"text-align: center\"><strong>Chamada interna\/externa n\u00ba03\/2019 para Tutor: Letras Portugu\u00eas<\/strong><\/h1>\n<p>&nbsp;<\/p>\n<ul>\n<li><strong><a href=\"http:\/\/www2.unifap.br\/ead\/files\/2019\/03\/RESULTADO-FINAL-07.03.2019-NOVO.pdf\">RESULTADO FINAL -07.03.2019 <span style=\"color: #ff0000\">(NOVO)<\/span><\/a><\/strong><\/li>\n<li><strong><a href=\"http:\/\/www2.unifap.br\/ead\/files\/2019\/02\/RESULTADO-PROVA-DE-T\u00cdTULOS-TUTOR-PRESENCIAL.pdf\">RESULTADO PROVA DE T\u00cdTULOS -TUTOR PRESENCIAL<\/a>&nbsp;&#8211; 27.02.2019&nbsp;<\/strong><\/li>\n<li><strong><a href=\"http:\/\/www2.unifap.br\/ead\/files\/2019\/02\/2-INSCRI\u00c7\u00d5ES-HOMOLOGADAS-TUTOR-PRESENCIAL.pdf\">Inscri\u00e7\u00f5es homologas &#8211; 21.02.2019<\/a><\/strong><\/li>\n<li><strong><a href=\"http:\/\/www2.unifap.br\/ead\/files\/2019\/02\/RESULTADO-RECURSO-Tutor-03-2019.pdf\">Resultado do recurso &#8211; 21.02.2019 <\/a><\/strong><\/li>\n<li><strong><a href=\"http:\/\/www2.unifap.br\/ead\/files\/2019\/02\/INSCRI\u00c7\u00d5ES-HOMOLOGADAS-TUTOR-PRESENCIAL.pdf\">Inscri\u00e7\u00f5es homologadas &#8211; 19.02.2019<\/a><\/strong><\/li>\n<li><strong><a href=\"http:\/\/www2.unifap.br\/ead\/files\/2019\/02\/RETIF-CRONO-TUTOR-EAD-LETRAS-2019.pdf\">Retifica\u00e7\u00e3o 01<\/a> &#8211; 15.02.2019 <span style=\"color: #ff0000\"><br \/>\n<\/span><\/strong><\/li>\n<li><strong>Link para inscri\u00e7\u00e3o: Clique aqui<\/strong><\/li>\n<li><span style=\"text-decoration: underline\"><strong>Edital:<a href=\"http:\/\/www2.unifap.br\/ead\/files\/2019\/02\/Chamada-internaexterna-n\u00ba032019-para-Tutor-Presencial.pdf\">Chamada interna\/externa n\u00ba03\/2019 para Tutor <\/a>&nbsp;&#8211; 13.02.2019&nbsp;<\/strong><\/span><\/li>\n<\/ul>\n<p>&nbsp;<\/p>\n","protected":false},"excerpt":{"rendered":"<p>Chamada interna\/externa n\u00ba03\/2019 para Tutor: Letras Portugu\u00eas &nbsp; RESULTADO FINAL -07.03.2019 (NOVO) RESULTADO PROVA DE T\u00cdTULOS -TUTOR PRESENCIAL&nbsp;&#8211; 27.02.2019&nbsp; Inscri\u00e7\u00f5es homologas &#8211; 21.02.2019 Resultado do recurso &#8211; 21.02.2019 Inscri\u00e7\u00f5es homologadas&#8230;<\/p>\n","protected":false},"author":812,"featured_media":0,"parent":0,"menu_order":0,"comment_status":"closed","ping_status":"closed","template":"fullwidth.php","meta":{"inline_featured_image":false,"ngg_post_thumbnail":0,"footnotes":""},"class_list":["post-20200","page","type-page","status-publish","hentry","entry"],"_links":{"self":[{"href":"http:\/\/www2.unifap.br\/ead\/wp-json\/wp\/v2\/pages\/20200","targetHints":{"allow":["GET"]}}],"collection":[{"href":"http:\/\/www2.unifap.br\/ead\/wp-json\/wp\/v2\/pages"}],"about":[{"href":"http:\/\/www2.unifap.br\/ead\/wp-json\/wp\/v2\/types\/page"}],"author":[{"embeddable":true,"href":"http:\/\/www2.unifap.br\/ead\/wp-json\/wp\/v2\/users\/812"}],"replies":[{"embeddable":true,"href":"http:\/\/www2.unifap.br\/ead\/wp-json\/wp\/v2\/comments?post=20200"}],"version-history":[{"count":12,"href":"http:\/\/www2.unifap.br\/ead\/wp-json\/wp\/v2\/pages\/20200\/revisions"}],"predecessor-version":[{"id":20682,"href":"http:\/\/www2.unifap.br\/ead\/wp-json\/wp\/v2\/pages\/20200\/revisions\/20682"}],"wp:attachment":[{"href":"http:\/\/www2.unifap.br\/ead\/wp-json\/wp\/v2\/media?parent=20200"}],"curies":[{"name":"wp","href":"https:\/\/api.w.org\/{rel}","templated":true}]}}