{"id":20213,"date":"2019-02-13T12:31:35","date_gmt":"2019-02-13T15:31:35","guid":{"rendered":"http:\/\/www2.unifap.br\/ead\/?page_id=20213"},"modified":"2019-04-01T17:45:14","modified_gmt":"2019-04-01T20:45:14","slug":"professor-no032019-letras-portugues","status":"publish","type":"page","link":"http:\/\/www2.unifap.br\/ead\/professor-no032019-letras-portugues\/","title":{"rendered":"Professor (n\u00ba03\/2019): Letras Portugu\u00eas"},"content":{"rendered":"<h1 style=\"text-align: center\"><strong>Chamada interna\/externa n\u00ba03\/2019 para Professor: Letras Portugu\u00eas<\/strong><\/h1>\n<p>&nbsp;<\/p>\n<ul>\n<li><strong><a href=\"http:\/\/www2.unifap.br\/ead\/files\/2019\/03\/RESULTADO-FINAL-Edital-3-Formador.pdf\">Resultado Final<\/a>&nbsp;&#8211; 15.03.2019 <span style=\"color: #ff0000\">(novo)<\/span><\/strong><\/li>\n<li><strong><a href=\"http:\/\/www2.unifap.br\/ead\/files\/2019\/03\/RESULTADO-RECURSO-ProfessorFormador-Edital-03-Candidato-Bruno.pdf\">Resultado do recurso<\/a>&nbsp;&#8211; 15.03.2019&nbsp;<\/strong><\/li>\n<li><strong><a href=\"http:\/\/www2.unifap.br\/ead\/files\/2019\/03\/RESULTADO-PRELIMINAR-DA-PROVA-DE-T\u00cdTULOS-Edital-3-Formador.pdf\">Resultado preliminar<\/a>&nbsp;&#8211; 13.03.2019&nbsp;<\/strong><\/li>\n<li><strong>Retifica\u00e7\u00e3o II<a href=\"http:\/\/www2.unifap.br\/ead\/files\/2019\/02\/INSCRI\u00c7\u00d5ES-HOMOLOGADAS-CHAMADA-N-03-RETIFICADO.pdf\">&#8211; Inscri\u00e7\u00f5es homologadas<\/a>&nbsp;-27.02.2019<\/strong><\/li>\n<li><strong><a href=\"http:\/\/www2.unifap.br\/ead\/files\/2019\/03\/retifica\u00e7\u00e3o-LP.pdf\">Retifica\u00e7\u00e3o I &#8211; Cronograma &#8211; 27.02.2019<\/a><\/strong><\/li>\n<li><strong><a href=\"http:\/\/www2.unifap.br\/ead\/files\/2019\/02\/2-INSCRI\u00c7\u00d5ES-HOMOLOGADAS-CHAMADA-N-03-2019.pdf\">Inscri\u00e7\u00f5es homologadas &#8211; 21.02.2019<span style=\"color: #ff0000\">&nbsp;<\/span><\/a><\/strong><\/li>\n<li><strong><a href=\"http:\/\/www2.unifap.br\/ead\/files\/2019\/02\/RESULTADO-RECURSO-prof-03-2019.pdf\">Resultado do recurso &#8211; 21.02.2019&nbsp;<\/a><\/strong><\/li>\n<li><strong><a href=\"http:\/\/www2.unifap.br\/ead\/files\/2019\/02\/INSCRI\u00c7\u00d5ES-HOMOLOGADAS-CHAMADA-N-03-2019.pdf\">Inscri\u00e7\u00f5es homologadas &#8211; 19.02.2019 <span style=\"color: #ff0000\"><br \/>\n<\/span><\/a><\/strong><\/li>\n<li><strong>Link para inscri\u00e7\u00e3o:<\/strong><\/li>\n<li><strong>Edital:&nbsp;<a href=\"http:\/\/www2.unifap.br\/ead\/files\/2019\/02\/Chamada-internaexterna-n\u00ba032019-para-Professor-Letras-Portugu\u00eas-todos-os-polos1.pdf\">Chamada internaexterna n\u00ba03\/2019 para Professor: Letras Portugu\u00eas<\/a>&nbsp;&#8211; 13.02.2019 <span style=\"color: #ff0000\"><br \/>\n<\/span><\/strong><\/li>\n<\/ul>\n","protected":false},"excerpt":{"rendered":"<p>Chamada interna\/externa n\u00ba03\/2019 para Professor: Letras Portugu\u00eas &nbsp; Resultado Final&nbsp;&#8211; 15.03.2019 (novo) Resultado do recurso&nbsp;&#8211; 15.03.2019&nbsp; Resultado preliminar&nbsp;&#8211; 13.03.2019&nbsp; Retifica\u00e7\u00e3o II&#8211; Inscri\u00e7\u00f5es homologadas&nbsp;-27.02.2019 Retifica\u00e7\u00e3o I &#8211; Cronograma &#8211; 27.02.2019 Inscri\u00e7\u00f5es&#8230;<\/p>\n","protected":false},"author":812,"featured_media":0,"parent":0,"menu_order":0,"comment_status":"closed","ping_status":"closed","template":"fullwidth.php","meta":{"inline_featured_image":false,"ngg_post_thumbnail":0,"footnotes":""},"class_list":["post-20213","page","type-page","status-publish","hentry","entry"],"_links":{"self":[{"href":"http:\/\/www2.unifap.br\/ead\/wp-json\/wp\/v2\/pages\/20213","targetHints":{"allow":["GET"]}}],"collection":[{"href":"http:\/\/www2.unifap.br\/ead\/wp-json\/wp\/v2\/pages"}],"about":[{"href":"http:\/\/www2.unifap.br\/ead\/wp-json\/wp\/v2\/types\/page"}],"author":[{"embeddable":true,"href":"http:\/\/www2.unifap.br\/ead\/wp-json\/wp\/v2\/users\/812"}],"replies":[{"embeddable":true,"href":"http:\/\/www2.unifap.br\/ead\/wp-json\/wp\/v2\/comments?post=20213"}],"version-history":[{"count":17,"href":"http:\/\/www2.unifap.br\/ead\/wp-json\/wp\/v2\/pages\/20213\/revisions"}],"predecessor-version":[{"id":20679,"href":"http:\/\/www2.unifap.br\/ead\/wp-json\/wp\/v2\/pages\/20213\/revisions\/20679"}],"wp:attachment":[{"href":"http:\/\/www2.unifap.br\/ead\/wp-json\/wp\/v2\/media?parent=20213"}],"curies":[{"name":"wp","href":"https:\/\/api.w.org\/{rel}","templated":true}]}}