{"id":20625,"date":"2019-03-29T11:34:58","date_gmt":"2019-03-29T14:34:58","guid":{"rendered":"http:\/\/www2.unifap.br\/ead\/?page_id=20625"},"modified":"2019-11-13T14:58:39","modified_gmt":"2019-11-13T17:58:39","slug":"pss-02-alunos-especializacao-em-gestao-em-saude-vitoria-do-jari","status":"publish","type":"page","link":"http:\/\/www2.unifap.br\/ead\/pss-02-alunos-especializacao-em-gestao-em-saude-vitoria-do-jari\/","title":{"rendered":"PSS n\u00ba 02: Especializa\u00e7\u00e3o em Gest\u00e3o em Sa\u00fade Vit\u00f3ria do Jari"},"content":{"rendered":"\t\t<div data-elementor-type=\"wp-post\" data-elementor-id=\"20625\" class=\"elementor elementor-20625 elementor-bc-flex-widget\">\n\t\t\t\t\t\t<section class=\"elementor-section elementor-top-section elementor-element elementor-element-7bf2f31f elementor-section-boxed elementor-section-height-default elementor-section-height-default\" data-id=\"7bf2f31f\" data-element_type=\"section\" data-e-type=\"section\">\n\t\t\t\t\t\t<div class=\"elementor-container elementor-column-gap-default\">\n\t\t\t\t\t<div class=\"elementor-column elementor-col-100 elementor-top-column elementor-element elementor-element-22d15d09\" data-id=\"22d15d09\" data-element_type=\"column\" data-e-type=\"column\">\n\t\t\t<div class=\"elementor-widget-wrap elementor-element-populated\">\n\t\t\t\t\t\t<div class=\"elementor-element elementor-element-72ea2150 elementor-widget elementor-widget-text-editor\" data-id=\"72ea2150\" data-element_type=\"widget\" data-e-type=\"widget\" data-widget_type=\"text-editor.default\">\n\t\t\t\t<div class=\"elementor-widget-container\">\n\t\t\t\t\t\t\t\t\t<h1 style=\"text-align: center;\">Processo seletivo simplificado n\u00ba02\/2019 para sele\u00e7\u00e3o de alunos: Especializa\u00e7\u00e3o em Gest\u00e3o em Sa\u00fade Vit\u00f3ria do Jari<\/h1><ul><li><span style=\"color: #000000;\"><a style=\"color: #000000;\" href=\"http:\/\/www2.unifap.br\/ead\/files\/2019\/04\/Resultado-Gest\u00e3o-em-Sa\u00fade.pdf\">Resultado &#8211; Gest\u00e3o em Sa\u00fade &#8211; 22.04.2019 (novo)<\/a><\/span><\/li><li style=\"text-align: left;\"><span style=\"color: #000000;\">Edital:\u00a0<a style=\"color: #000000;\" href=\"http:\/\/www2.unifap.br\/ead\/files\/2019\/04\/PROCESSO-SELETIVO-PARA-O-CURSO-DE-ESPECIALIZA\u00c7\u00c3O-EM-GEST\u00c3O-EM-SA\u00daDE.pdf\">Resultados das Inscri\u00e7\u00f5es &#8211; Homologadas &#8211;\u00a005.04.2019<\/a><\/span><\/li><li style=\"text-align: left;\"><span style=\"color: #000000;\">Edital:\u00a0<a style=\"color: #000000;\" href=\"http:\/\/www2.unifap.br\/ead\/files\/2019\/03\/Edital-PSS-EAD-2019-Gest\u00e3o-em-Sa\u00fade-REVISADO.pdf\">Processo seletivo simplificado n\u00ba02\/2019 para sele\u00e7\u00e3o de alunos: Especializa\u00e7\u00e3o em Gest\u00e3o em Sa\u00fade Vit\u00f3ria do Jari 26.03.2019<\/a><\/span><\/li><li style=\"text-align: left;\"><span style=\"color: #000000;\">Inscri\u00e7\u00f5es\u00a0 de 01 a 03\/04 : <a style=\"color: #000000;\" href=\"https:\/\/docs.google.com\/forms\/d\/e\/1FAIpQLSfMDCdo6-G00BP2VWAYeo7_SpFyxV4aPHuKyQJuoCgWU8qagQ\/viewform\">clique aqui<\/a><\/span><\/li><\/ul>\t\t\t\t\t\t\t\t<\/div>\n\t\t\t\t<\/div>\n\t\t\t\t\t<\/div>\n\t\t<\/div>\n\t\t\t\t\t<\/div>\n\t\t<\/section>\n\t\t\t\t<\/div>\n\t\t","protected":false},"excerpt":{"rendered":"<p>Processo seletivo simplificado n\u00ba02\/2019 para sele\u00e7\u00e3o de alunos: Especializa\u00e7\u00e3o em Gest\u00e3o em Sa\u00fade Vit\u00f3ria do Jari Resultado &#8211; Gest\u00e3o em Sa\u00fade &#8211; 22.04.2019 (novo) Edital:\u00a0Resultados das Inscri\u00e7\u00f5es &#8211; Homologadas &#8211;\u00a005.04.2019&#8230;<\/p>\n","protected":false},"author":812,"featured_media":0,"parent":0,"menu_order":0,"comment_status":"closed","ping_status":"closed","template":"","meta":{"inline_featured_image":false,"ngg_post_thumbnail":0,"footnotes":""},"class_list":["post-20625","page","type-page","status-publish","hentry","entry"],"_links":{"self":[{"href":"http:\/\/www2.unifap.br\/ead\/wp-json\/wp\/v2\/pages\/20625","targetHints":{"allow":["GET"]}}],"collection":[{"href":"http:\/\/www2.unifap.br\/ead\/wp-json\/wp\/v2\/pages"}],"about":[{"href":"http:\/\/www2.unifap.br\/ead\/wp-json\/wp\/v2\/types\/page"}],"author":[{"embeddable":true,"href":"http:\/\/www2.unifap.br\/ead\/wp-json\/wp\/v2\/users\/812"}],"replies":[{"embeddable":true,"href":"http:\/\/www2.unifap.br\/ead\/wp-json\/wp\/v2\/comments?post=20625"}],"version-history":[{"count":20,"href":"http:\/\/www2.unifap.br\/ead\/wp-json\/wp\/v2\/pages\/20625\/revisions"}],"predecessor-version":[{"id":22631,"href":"http:\/\/www2.unifap.br\/ead\/wp-json\/wp\/v2\/pages\/20625\/revisions\/22631"}],"wp:attachment":[{"href":"http:\/\/www2.unifap.br\/ead\/wp-json\/wp\/v2\/media?parent=20625"}],"curies":[{"name":"wp","href":"https:\/\/api.w.org\/{rel}","templated":true}]}}