{"id":20816,"date":"2019-04-22T20:17:27","date_gmt":"2019-04-22T23:17:27","guid":{"rendered":"http:\/\/www2.unifap.br\/ead\/?page_id=20816"},"modified":"2019-11-13T14:57:11","modified_gmt":"2019-11-13T17:57:11","slug":"processo-seletivo-simplificado-no02-2019-uniafro-modalidade-a-distancia","status":"publish","type":"page","link":"http:\/\/www2.unifap.br\/ead\/processo-seletivo-simplificado-no02-2019-uniafro-modalidade-a-distancia\/","title":{"rendered":"Processo seletivo simplificado n\u00ba02\/2019 (UNIAFRO) \u2013 Modalidade a dist\u00e2ncia."},"content":{"rendered":"\t\t<div data-elementor-type=\"wp-post\" data-elementor-id=\"20816\" class=\"elementor elementor-20816 elementor-bc-flex-widget\">\n\t\t\t\t\t\t<section class=\"elementor-section elementor-top-section elementor-element elementor-element-64f40e87 elementor-section-boxed elementor-section-height-default elementor-section-height-default\" data-id=\"64f40e87\" data-element_type=\"section\" data-e-type=\"section\">\n\t\t\t\t\t\t<div class=\"elementor-container elementor-column-gap-default\">\n\t\t\t\t\t<div class=\"elementor-column elementor-col-100 elementor-top-column elementor-element elementor-element-1c70e33a\" data-id=\"1c70e33a\" data-element_type=\"column\" data-e-type=\"column\">\n\t\t\t<div class=\"elementor-widget-wrap elementor-element-populated\">\n\t\t\t\t\t\t<div class=\"elementor-element elementor-element-f3f1ca7 elementor-widget elementor-widget-text-editor\" data-id=\"f3f1ca7\" data-element_type=\"widget\" data-e-type=\"widget\" data-widget_type=\"text-editor.default\">\n\t\t\t\t<div class=\"elementor-widget-container\">\n\t\t\t\t\t\t\t\t\t<h1 style=\"text-align: center;\">Especializa\u00e7\u00e3o em Pol\u00edticas de promo\u00e7\u00e3o da igualdade racial na escola (EaD) \u2013 Processo seletivo simplificado n\u00ba02\/2019\u00a0<\/h1><ul><li><span style=\"color: #000000;\"><a style=\"color: #000000;\" href=\"http:\/\/www2.unifap.br\/ead\/files\/2019\/07\/Lista-UNIAFRO.pdf\">CRONOGRAMA PARA A CAPACITA\u00c7\u00c3O DOS ALUNOS \u2013 POLOS MACAP\u00c1 E SANTANA 29.07.2019 (novo)<\/a><\/span><\/li><li><span style=\"color: #000000;\"><a style=\"color: #000000;\" href=\"http:\/\/www2.unifap.br\/ead\/files\/2019\/04\/RESULTADO-FINAL-UNIAFRO-ALUNOS-1.pdf\">Resultado final &#8211; 29.04.2019 <\/a><\/span><\/li><li><span style=\"color: #000000;\"><a style=\"color: #000000;\" href=\"http:\/\/www2.unifap.br\/ead\/files\/2019\/04\/RESULTADO-DO-RECURSO.pdf\">Resultado do recurso<\/a>\u00a0&#8211; 29.04.2019 <\/span><\/li><li><span style=\"color: #000000;\"><a style=\"color: #000000;\" href=\"http:\/\/www2.unifap.br\/ead\/files\/2019\/04\/uniafro-publica\u00e7\u00e3o.pdf\">Resultado UNIAFRO<\/a>\u00a0 &#8211; 22.04.2019\u00a0<\/span><\/li><li><span style=\"color: #000000;\"><a style=\"color: #000000;\" href=\"https:\/\/depsec.unifap.br\/index.php?c=esp_uniafro19\">Edital (DEPSEC)<\/a><\/span><\/li><\/ul>\t\t\t\t\t\t\t\t<\/div>\n\t\t\t\t<\/div>\n\t\t\t\t\t<\/div>\n\t\t<\/div>\n\t\t\t\t\t<\/div>\n\t\t<\/section>\n\t\t\t\t<\/div>\n\t\t","protected":false},"excerpt":{"rendered":"<p>Especializa\u00e7\u00e3o em Pol\u00edticas de promo\u00e7\u00e3o da igualdade racial na escola (EaD) \u2013 Processo seletivo simplificado n\u00ba02\/2019\u00a0 CRONOGRAMA PARA A CAPACITA\u00c7\u00c3O DOS ALUNOS \u2013 POLOS MACAP\u00c1 E SANTANA 29.07.2019 (novo) Resultado&#8230;<\/p>\n","protected":false},"author":812,"featured_media":0,"parent":0,"menu_order":0,"comment_status":"closed","ping_status":"closed","template":"","meta":{"inline_featured_image":false,"ngg_post_thumbnail":0,"footnotes":""},"class_list":["post-20816","page","type-page","status-publish","hentry","entry"],"_links":{"self":[{"href":"http:\/\/www2.unifap.br\/ead\/wp-json\/wp\/v2\/pages\/20816","targetHints":{"allow":["GET"]}}],"collection":[{"href":"http:\/\/www2.unifap.br\/ead\/wp-json\/wp\/v2\/pages"}],"about":[{"href":"http:\/\/www2.unifap.br\/ead\/wp-json\/wp\/v2\/types\/page"}],"author":[{"embeddable":true,"href":"http:\/\/www2.unifap.br\/ead\/wp-json\/wp\/v2\/users\/812"}],"replies":[{"embeddable":true,"href":"http:\/\/www2.unifap.br\/ead\/wp-json\/wp\/v2\/comments?post=20816"}],"version-history":[{"count":5,"href":"http:\/\/www2.unifap.br\/ead\/wp-json\/wp\/v2\/pages\/20816\/revisions"}],"predecessor-version":[{"id":22629,"href":"http:\/\/www2.unifap.br\/ead\/wp-json\/wp\/v2\/pages\/20816\/revisions\/22629"}],"wp:attachment":[{"href":"http:\/\/www2.unifap.br\/ead\/wp-json\/wp\/v2\/media?parent=20816"}],"curies":[{"name":"wp","href":"https:\/\/api.w.org\/{rel}","templated":true}]}}