{"id":22198,"date":"2019-10-25T14:41:17","date_gmt":"2019-10-25T17:41:17","guid":{"rendered":"http:\/\/www2.unifap.br\/ead\/?page_id=22198"},"modified":"2019-11-05T17:02:38","modified_gmt":"2019-11-05T20:02:38","slug":"eventos","status":"publish","type":"page","link":"http:\/\/www2.unifap.br\/ead\/licenciatura-em-sociologia\/eventos\/","title":{"rendered":"Eventos"},"content":{"rendered":"\t\t<div data-elementor-type=\"wp-post\" data-elementor-id=\"22198\" class=\"elementor elementor-22198 elementor-bc-flex-widget\">\n\t\t\t\t\t\t<section class=\"elementor-section elementor-top-section elementor-element elementor-element-b20bfae elementor-section-boxed elementor-section-height-default elementor-section-height-default\" data-id=\"b20bfae\" data-element_type=\"section\" data-e-type=\"section\" data-settings=\"{&quot;background_background&quot;:&quot;classic&quot;}\">\n\t\t\t\t\t\t<div class=\"elementor-container elementor-column-gap-no\">\n\t\t\t\t\t<div class=\"elementor-column elementor-col-100 elementor-top-column elementor-element elementor-element-b9af486\" data-id=\"b9af486\" data-element_type=\"column\" data-e-type=\"column\">\n\t\t\t<div class=\"elementor-widget-wrap elementor-element-populated\">\n\t\t\t\t\t\t<div class=\"elementor-element elementor-element-7a0d44e elementor-widget elementor-widget-spacer\" data-id=\"7a0d44e\" data-element_type=\"widget\" data-e-type=\"widget\" data-widget_type=\"spacer.default\">\n\t\t\t\t<div class=\"elementor-widget-container\">\n\t\t\t\t\t\t\t<div class=\"elementor-spacer\">\n\t\t\t<div class=\"elementor-spacer-inner\"><\/div>\n\t\t<\/div>\n\t\t\t\t\t\t<\/div>\n\t\t\t\t<\/div>\n\t\t\t\t<section class=\"elementor-section elementor-inner-section elementor-element elementor-element-4072090 elementor-section-boxed elementor-section-height-default elementor-section-height-default\" data-id=\"4072090\" data-element_type=\"section\" data-e-type=\"section\">\n\t\t\t\t\t\t<div class=\"elementor-container elementor-column-gap-default\">\n\t\t\t\t\t<div class=\"elementor-column elementor-col-50 elementor-inner-column elementor-element elementor-element-4e06b4e\" data-id=\"4e06b4e\" data-element_type=\"column\" data-e-type=\"column\">\n\t\t\t<div class=\"elementor-widget-wrap elementor-element-populated\">\n\t\t\t\t\t\t<div class=\"elementor-element elementor-element-c4d09d9 elementor-widget elementor-widget-image\" data-id=\"c4d09d9\" data-element_type=\"widget\" data-e-type=\"widget\" data-widget_type=\"image.default\">\n\t\t\t\t<div class=\"elementor-widget-container\">\n\t\t\t\t\t\t\t\t\t\t\t\t\t\t\t\t<a href=\"https:\/\/www2.unifap.br\/ead\/sociologiaead\">\n\t\t\t\t\t\t\t<img fetchpriority=\"high\" decoding=\"async\" width=\"632\" height=\"752\" src=\"http:\/\/www2.unifap.br\/ead\/files\/2019\/10\/licen_sociologia-1.png\" class=\"elementor-animation-pop attachment-large size-large wp-image-22266\" alt=\"\" srcset=\"http:\/\/www2.unifap.br\/ead\/files\/2019\/10\/licen_sociologia-1.png 632w, http:\/\/www2.unifap.br\/ead\/files\/2019\/10\/licen_sociologia-1-252x300.png 252w\" sizes=\"(max-width: 632px) 100vw, 632px\" \/>\t\t\t\t\t\t\t\t<\/a>\n\t\t\t\t\t\t\t\t\t\t\t\t\t\t\t<\/div>\n\t\t\t\t<\/div>\n\t\t\t\t\t<\/div>\n\t\t<\/div>\n\t\t\t\t<div class=\"elementor-column elementor-col-50 elementor-inner-column elementor-element elementor-element-0f51b50\" data-id=\"0f51b50\" data-element_type=\"column\" data-e-type=\"column\">\n\t\t\t<div class=\"elementor-widget-wrap elementor-element-populated\">\n\t\t\t\t\t\t<div class=\"elementor-element elementor-element-acb412c elementor-widget elementor-widget-heading\" data-id=\"acb412c\" data-element_type=\"widget\" data-e-type=\"widget\" data-widget_type=\"heading.default\">\n\t\t\t\t<div class=\"elementor-widget-container\">\n\t\t\t\t\t<p class=\"elementor-heading-title elementor-size-default\"><a href=\"https:\/\/www2.unifap.br\/ead\/sociologiaead\">Gradua\u00e7\u00e3o em Sociologia - EaD<\/a><\/p>\t\t\t\t<\/div>\n\t\t\t\t<\/div>\n\t\t\t\t\t<\/div>\n\t\t<\/div>\n\t\t\t\t\t<\/div>\n\t\t<\/section>\n\t\t\t\t<div class=\"elementor-element elementor-element-913c55b elementor-widget-divider--view-line elementor-widget elementor-widget-divider\" data-id=\"913c55b\" data-element_type=\"widget\" data-e-type=\"widget\" data-widget_type=\"divider.default\">\n\t\t\t\t<div class=\"elementor-widget-container\">\n\t\t\t\t\t\t\t<div class=\"elementor-divider\">\n\t\t\t<span class=\"elementor-divider-separator\">\n\t\t\t\t\t\t<\/span>\n\t\t<\/div>\n\t\t\t\t\t\t<\/div>\n\t\t\t\t<\/div>\n\t\t\t\t\t<\/div>\n\t\t<\/div>\n\t\t\t\t\t<\/div>\n\t\t<\/section>\n\t\t\t\t<section class=\"elementor-section elementor-top-section elementor-element elementor-element-f9c4dc1 elementor-section-boxed elementor-section-height-default elementor-section-height-default\" data-id=\"f9c4dc1\" data-element_type=\"section\" data-e-type=\"section\">\n\t\t\t\t\t\t<div class=\"elementor-container elementor-column-gap-default\">\n\t\t\t\t\t<div class=\"elementor-column elementor-col-50 elementor-top-column elementor-element elementor-element-e266003\" data-id=\"e266003\" data-element_type=\"column\" data-e-type=\"column\">\n\t\t\t<div class=\"elementor-widget-wrap elementor-element-populated\">\n\t\t\t\t\t\t<div class=\"elementor-element elementor-element-10bef21 elementor-align-justify elementor-widget elementor-widget-button\" data-id=\"10bef21\" data-element_type=\"widget\" data-e-type=\"widget\" data-widget_type=\"button.default\">\n\t\t\t\t<div class=\"elementor-widget-container\">\n\t\t\t\t\t\t\t\t\t<div class=\"elementor-button-wrapper\">\n\t\t\t\t\t<a class=\"elementor-button elementor-button-link elementor-size-sm\" href=\"http:\/\/www2.unifap.br\/ead\/licenciatura-em-sociologia\/metodologia\">\n\t\t\t\t\t\t<span class=\"elementor-button-content-wrapper\">\n\t\t\t\t\t\t\t\t\t<span class=\"elementor-button-text\">METODOLOGIA<\/span>\n\t\t\t\t\t<\/span>\n\t\t\t\t\t<\/a>\n\t\t\t\t<\/div>\n\t\t\t\t\t\t\t\t<\/div>\n\t\t\t\t<\/div>\n\t\t\t\t<div class=\"elementor-element elementor-element-c4cb846 elementor-align-justify elementor-widget elementor-widget-button\" data-id=\"c4cb846\" data-element_type=\"widget\" data-e-type=\"widget\" data-widget_type=\"button.default\">\n\t\t\t\t<div class=\"elementor-widget-container\">\n\t\t\t\t\t\t\t\t\t<div class=\"elementor-button-wrapper\">\n\t\t\t\t\t<a class=\"elementor-button elementor-button-link elementor-size-sm\" href=\"http:\/\/www2.unifap.br\/ead\/licenciatura-em-sociologia\/disciplinas\">\n\t\t\t\t\t\t<span class=\"elementor-button-content-wrapper\">\n\t\t\t\t\t\t\t\t\t<span class=\"elementor-button-text\">DISCIPLINAS<\/span>\n\t\t\t\t\t<\/span>\n\t\t\t\t\t<\/a>\n\t\t\t\t<\/div>\n\t\t\t\t\t\t\t\t<\/div>\n\t\t\t\t<\/div>\n\t\t\t\t<div class=\"elementor-element elementor-element-e5a71c6 elementor-align-justify elementor-widget elementor-widget-button\" data-id=\"e5a71c6\" data-element_type=\"widget\" data-e-type=\"widget\" data-widget_type=\"button.default\">\n\t\t\t\t<div class=\"elementor-widget-container\">\n\t\t\t\t\t\t\t\t\t<div class=\"elementor-button-wrapper\">\n\t\t\t\t\t<a class=\"elementor-button elementor-button-link elementor-size-sm\" href=\"http:\/\/www2.unifap.br\/ead\/licenciatura-em-sociologia\/organograma\">\n\t\t\t\t\t\t<span class=\"elementor-button-content-wrapper\">\n\t\t\t\t\t\t\t\t\t<span class=\"elementor-button-text\">ORGANOGRAMA<\/span>\n\t\t\t\t\t<\/span>\n\t\t\t\t\t<\/a>\n\t\t\t\t<\/div>\n\t\t\t\t\t\t\t\t<\/div>\n\t\t\t\t<\/div>\n\t\t\t\t<div class=\"elementor-element elementor-element-28c1441 elementor-align-justify elementor-widget elementor-widget-button\" data-id=\"28c1441\" data-element_type=\"widget\" data-e-type=\"widget\" data-widget_type=\"button.default\">\n\t\t\t\t<div class=\"elementor-widget-container\">\n\t\t\t\t\t\t\t\t\t<div class=\"elementor-button-wrapper\">\n\t\t\t\t\t<a class=\"elementor-button elementor-button-link elementor-size-sm\" href=\"http:\/\/www2.unifap.br\/ead\/licenciatura-em-sociologia\/eventos\">\n\t\t\t\t\t\t<span class=\"elementor-button-content-wrapper\">\n\t\t\t\t\t\t\t\t\t<span class=\"elementor-button-text\">EVENTOS<\/span>\n\t\t\t\t\t<\/span>\n\t\t\t\t\t<\/a>\n\t\t\t\t<\/div>\n\t\t\t\t\t\t\t\t<\/div>\n\t\t\t\t<\/div>\n\t\t\t\t<div class=\"elementor-element elementor-element-925728b elementor-align-justify elementor-widget elementor-widget-button\" data-id=\"925728b\" data-element_type=\"widget\" data-e-type=\"widget\" data-widget_type=\"button.default\">\n\t\t\t\t<div class=\"elementor-widget-container\">\n\t\t\t\t\t\t\t\t\t<div class=\"elementor-button-wrapper\">\n\t\t\t\t\t<a class=\"elementor-button elementor-button-link elementor-size-sm\" href=\"http:\/\/www2.unifap.br\/ead\/licenciatura-em-sociologia\/contato\/\">\n\t\t\t\t\t\t<span class=\"elementor-button-content-wrapper\">\n\t\t\t\t\t\t\t\t\t<span class=\"elementor-button-text\">CONTATO<\/span>\n\t\t\t\t\t<\/span>\n\t\t\t\t\t<\/a>\n\t\t\t\t<\/div>\n\t\t\t\t\t\t\t\t<\/div>\n\t\t\t\t<\/div>\n\t\t\t\t<div class=\"elementor-element elementor-element-f49afe9 elementor-button-success elementor-align-justify elementor-widget elementor-widget-button\" data-id=\"f49afe9\" data-element_type=\"widget\" data-e-type=\"widget\" data-widget_type=\"button.default\">\n\t\t\t\t<div class=\"elementor-widget-container\">\n\t\t\t\t\t\t\t\t\t<div class=\"elementor-button-wrapper\">\n\t\t\t\t\t<a class=\"elementor-button elementor-button-link elementor-size-sm\" href=\"http:\/\/www2.unifap.br\/ead\/licenciatura-em-sociologia\/documentos\">\n\t\t\t\t\t\t<span class=\"elementor-button-content-wrapper\">\n\t\t\t\t\t\t\t\t\t<span class=\"elementor-button-text\">DOCUMENTOS<\/span>\n\t\t\t\t\t<\/span>\n\t\t\t\t\t<\/a>\n\t\t\t\t<\/div>\n\t\t\t\t\t\t\t\t<\/div>\n\t\t\t\t<\/div>\n\t\t\t\t<div class=\"elementor-element elementor-element-ff827b3 elementor-button-success elementor-align-justify elementor-widget elementor-widget-button\" data-id=\"ff827b3\" data-element_type=\"widget\" data-e-type=\"widget\" data-widget_type=\"button.default\">\n\t\t\t\t<div class=\"elementor-widget-container\">\n\t\t\t\t\t\t\t\t\t<div class=\"elementor-button-wrapper\">\n\t\t\t\t\t<a class=\"elementor-button elementor-button-link elementor-size-sm\" href=\"http:\/\/www2.unifap.br\/ead\/licenciatura-em-sociologia\/agenda\">\n\t\t\t\t\t\t<span class=\"elementor-button-content-wrapper\">\n\t\t\t\t\t\t\t\t\t<span class=\"elementor-button-text\">AGENDA<\/span>\n\t\t\t\t\t<\/span>\n\t\t\t\t\t<\/a>\n\t\t\t\t<\/div>\n\t\t\t\t\t\t\t\t<\/div>\n\t\t\t\t<\/div>\n\t\t\t\t\t<\/div>\n\t\t<\/div>\n\t\t\t\t<div class=\"elementor-column elementor-col-50 elementor-top-column elementor-element elementor-element-9967b1e\" data-id=\"9967b1e\" data-element_type=\"column\" data-e-type=\"column\">\n\t\t\t<div class=\"elementor-widget-wrap elementor-element-populated\">\n\t\t\t\t\t\t<div class=\"elementor-element elementor-element-102a7f13 elementor-widget elementor-widget-heading\" data-id=\"102a7f13\" data-element_type=\"widget\" data-e-type=\"widget\" data-widget_type=\"heading.default\">\n\t\t\t\t<div class=\"elementor-widget-container\">\n\t\t\t\t\t<h3 class=\"elementor-heading-title elementor-size-default\">EVENTOS<\/h3>\t\t\t\t<\/div>\n\t\t\t\t<\/div>\n\t\t\t\t<div class=\"elementor-element elementor-element-48ed296 elementor-widget elementor-widget-text-editor\" data-id=\"48ed296\" data-element_type=\"widget\" data-e-type=\"widget\" data-widget_type=\"text-editor.default\">\n\t\t\t\t<div class=\"elementor-widget-container\">\n\t\t\t\t\t\t\t\t\t<p>Desculpe, n\u00e3o h\u00e1 novos eventos!<\/p>\t\t\t\t\t\t\t\t<\/div>\n\t\t\t\t<\/div>\n\t\t\t\t\t<\/div>\n\t\t<\/div>\n\t\t\t\t\t<\/div>\n\t\t<\/section>\n\t\t\t\t<section class=\"elementor-section elementor-top-section elementor-element elementor-element-8229e63 elementor-section-boxed elementor-section-height-default elementor-section-height-default\" data-id=\"8229e63\" data-element_type=\"section\" data-e-type=\"section\" data-settings=\"{&quot;background_background&quot;:&quot;classic&quot;,&quot;shape_divider_top&quot;:&quot;waves-pattern&quot;}\">\n\t\t\t\t\t<div class=\"elementor-shape elementor-shape-top\" aria-hidden=\"true\" data-negative=\"false\">\n\t\t\t<svg xmlns=\"http:\/\/www.w3.org\/2000\/svg\" viewBox=\"0 0 1047.1 3.7\" preserveAspectRatio=\"xMidYMin slice\">\n\t<path class=\"elementor-shape-fill\" d=\"M1047.1,0C557,0,8.9,0,0,0v1.6c0,0,0.6-1.5,2.7-0.3C3.9,2,6.1,4.1,8.3,3.5c0.9-0.2,1.5-1.9,1.5-1.9\ts0.6-1.5,2.7-0.3C13.8,2,16,4.1,18.2,3.5c0.9-0.2,1.5-1.9,1.5-1.9s0.6-1.5,2.7-0.3C23.6,2,25.9,4.1,28,3.5c0.9-0.2,1.5-1.9,1.5-1.9\tc0,0,0.6-1.5,2.7-0.3c1.2,0.7,3.5,2.8,5.6,2.2c0.9-0.2,1.5-1.9,1.5-1.9c0,0,0.6-1.5,2.7-0.3c1.2,0.7,3.5,2.8,5.6,2.2\tc0.9-0.2,1.5-1.9,1.5-1.9s0.6-1.5,2.7-0.3c1.2,0.7,3.5,2.8,5.6,2.2c0.9-0.2,1.5-1.9,1.5-1.9s0.6-1.5,2.7-0.3C63,2,65.3,4.1,67.4,3.5\tC68.3,3.3,69,1.6,69,1.6s0.6-1.5,2.7-0.3c1.2,0.7,3.5,2.8,5.6,2.2c0.9-0.2,1.5-1.9,1.5-1.9c0,0,0.6-1.5,2.7-0.3\tC82.7,2,85,4.1,87.1,3.5c0.9-0.2,1.5-1.9,1.5-1.9s0.6-1.5,2.7-0.3C92.6,2,94.8,4.1,97,3.5c0.9-0.2,1.5-1.9,1.5-1.9s0.6-1.5,2.7-0.3\tc1.2,0.7,3.5,2.8,5.6,2.2c0.9-0.2,1.5-1.9,1.5-1.9s0.6-1.5,2.7-0.3c1.2,0.7,3.5,2.8,5.6,2.2c0.9-0.2,1.5-1.9,1.5-1.9\tc0,0,0.6-1.5,2.7-0.3c1.2,0.7,3.5,2.8,5.6,2.2c0.9-0.2,1.5-1.9,1.5-1.9c0,0,0.6-1.5,2.7-0.3c1.2,0.7,3.5,2.8,5.6,2.2\tc0.9-0.2,1.5-1.9,1.5-1.9s0.6-1.5,2.7-0.3c1.2,0.7,3.5,2.8,5.6,2.2c0.9-0.2,1.5-1.9,1.5-1.9s0.6-1.5,2.7-0.3\tc1.2,0.7,3.5,2.8,5.6,2.2c0.9-0.2,1.5-1.9,1.5-1.9s0.6-1.5,2.7-0.3c1.2,0.7,3.5,2.8,5.6,2.2c0.9-0.2,1.5-1.9,1.5-1.9\tc0,0,0.6-1.5,2.7-0.3c1.2,0.7,3.5,2.8,5.6,2.2c0.9-0.2,1.5-1.9,1.5-1.9s0.6-1.5,2.7-0.3c1.2,0.7,3.5,2.8,5.6,2.2\tc0.9-0.2,1.5-1.9,1.5-1.9s0.6-1.5,2.7-0.3c1.2,0.7,3.5,2.8,5.6,2.2c0.9-0.2,1.5-1.9,1.5-1.9s0.6-1.5,2.7-0.3\tc1.2,0.7,3.5,2.8,5.6,2.2c0.9-0.2,1.5-1.9,1.5-1.9c0,0,0.6-1.5,2.7-0.3c1.2,0.7,3.5,2.8,5.6,2.2c0.9-0.2,1.5-1.9,1.5-1.9\tc0,0,0.6-1.5,2.7-0.3c1.2,0.7,3.5,2.8,5.6,2.2c0.9-0.2,1.5-1.9,1.5-1.9s0.6-1.5,2.7-0.3c1.2,0.7,3.5,2.8,5.6,2.2\tc0.9-0.2,1.5-1.9,1.5-1.9s0.6-1.5,2.7-0.3c1.2,0.7,3.5,2.8,5.6,2.2c0.9-0.2,1.5-1.9,1.5-1.9s0.6-1.5,2.7-0.3\tc1.2,0.7,3.5,2.8,5.6,2.2c0.9-0.2,1.5-1.9,1.5-1.9c0,0,0.6-1.5,2.7-0.3c1.2,0.7,3.5,2.8,5.6,2.2c0.9-0.2,1.5-1.9,1.5-1.9\ts0.6-1.5,2.7-0.3c1.2,0.7,3.5,2.8,5.6,2.2c0.9-0.2,1.5-1.9,1.5-1.9s0.6-1.5,2.7-0.3c1.2,0.7,3.5,2.8,5.6,2.2\tc0.9-0.2,1.5-1.9,1.5-1.9s0.6-1.5,2.7-0.3c1.2,0.7,3.5,2.8,5.6,2.2c0.9-0.2,1.5-1.9,1.5-1.9c0,0,0.6-1.5,2.7-0.3\tc1.2,0.7,3.5,2.8,5.6,2.2c0.9-0.2,1.5-1.9,1.5-1.9c0,0,0.6-1.5,2.7-0.3c1.2,0.7,3.5,2.8,5.6,2.2c0.9-0.2,1.5-1.9,1.5-1.9\ts0.6-1.5,2.7-0.3c1.2,0.7,3.5,2.8,5.6,2.2c0.9-0.2,1.5-1.9,1.5-1.9s0.6-1.5,2.7-0.3c1.2,0.7,3.5,2.8,5.6,2.2\tc0.9-0.2,1.5-1.9,1.5-1.9s0.6-1.5,2.7-0.3c1.2,0.7,3.5,2.8,5.6,2.2c0.9-0.2,1.5-1.9,1.5-1.9c0,0,0.6-1.5,2.7-0.3\tc1.2,0.7,3.5,2.8,5.6,2.2c0.9-0.2,1.5-1.9,1.5-1.9s0.6-1.5,2.7-0.3c1.2,0.7,3.5,2.8,5.6,2.2c0.9-0.2,1.5-1.9,1.5-1.9\ts0.6-1.5,2.7-0.3c1.2,0.7,3.5,2.8,5.6,2.2c0.9-0.2,1.5-1.9,1.5-1.9s0.6-1.5,2.7-0.3c1.2,0.7,3.5,2.8,5.6,2.2\tc0.9-0.2,1.5-1.9,1.5-1.9c0,0,0.6-1.5,2.7-0.3c1.2,0.7,3.5,2.8,5.6,2.2c0.9-0.2,1.5-1.9,1.5-1.9c0,0,0.6-1.5,2.7-0.3\tc1.2,0.7,3.5,2.8,5.6,2.2c0.9-0.2,1.5-1.9,1.5-1.9s0.6-1.5,2.7-0.3c1.2,0.7,3.5,2.8,5.6,2.2c0.9-0.2,1.5-1.9,1.5-1.9\ts0.6-1.5,2.7-0.3c1.2,0.7,3.5,2.8,5.6,2.2c0.9-0.2,1.5-1.9,1.5-1.9s0.6-1.5,2.7-0.3c1.2,0.7,3.5,2.8,5.6,2.2\tc0.9-0.2,1.5-1.9,1.5-1.9c0,0,0.6-1.5,2.7-0.3c1.2,0.7,3.5,2.8,5.6,2.2c0.9-0.2,1.5-1.9,1.5-1.9s0.6-1.5,2.7-0.3\tc1.2,0.7,3.5,2.8,5.6,2.2c0.9-0.2,1.5-1.9,1.5-1.9s0.6-1.5,2.7-0.3c1.2,0.7,3.5,2.8,5.6,2.2c0.9-0.2,1.5-1.9,1.5-1.9\ts0.6-1.5,2.7-0.3c1.2,0.7,3.5,2.8,5.6,2.2c0.9-0.2,1.5-1.9,1.5-1.9c0,0,0.6-1.5,2.7-0.3c1.2,0.7,3.5,2.8,5.6,2.2\tc0.9-0.2,1.5-1.9,1.5-1.9c0,0,0.6-1.5,2.7-0.3c1.2,0.7,3.5,2.8,5.6,2.2c0.9-0.2,1.5-1.9,1.5-1.9s0.6-1.5,2.7-0.3\tc1.2,0.7,3.5,2.8,5.6,2.2c0.9-0.2,1.5-1.9,1.5-1.9s0.6-1.5,2.7-0.3c1.2,0.7,3.5,2.8,5.6,2.2c0.9-0.2,1.5-1.9,1.5-1.9\ts0.6-1.5,2.7-0.3c1.2,0.7,3.5,2.8,5.6,2.2c0.9-0.2,1.5-1.9,1.5-1.9c0,0,0.6-1.5,2.7-0.3c1.2,0.7,3.5,2.8,5.6,2.2\tc0.9-0.2,1.5-1.9,1.5-1.9s0.6-1.5,2.7-0.3c1.2,0.7,3.5,2.8,5.6,2.2c0.9-0.2,1.5-1.9,1.5-1.9s0.6-1.5,2.7-0.3\tc1.2,0.7,3.5,2.8,5.6,2.2c0.9-0.2,1.5-1.9,1.5-1.9s0.6-1.5,2.7-0.3c1.2,0.7,3.5,2.8,5.6,2.2c0.9-0.2,1.5-1.9,1.5-1.9\tc0,0,0.6-1.5,2.7-0.3c1.2,0.7,3.5,2.8,5.6,2.2c0.9-0.2,1.5-1.9,1.5-1.9c0,0,0.6-1.5,2.7-0.3c1.2,0.7,3.5,2.8,5.6,2.2\tc0.9-0.2,1.5-1.9,1.5-1.9s0.6-1.5,2.7-0.3c1.2,0.7,3.5,2.8,5.6,2.2c0.9-0.2,1.5-1.9,1.5-1.9s0.6-1.5,2.7-0.3\tc1.2,0.7,3.5,2.8,5.6,2.2c0.9-0.2,1.5-1.9,1.5-1.9s0.6-1.5,2.7-0.3c1.2,0.7,3.5,2.8,5.6,2.2c0.9-0.2,1.5-1.9,1.5-1.9\tc0,0,0.6-1.5,2.7-0.3c1.2,0.7,3.5,2.8,5.6,2.2c0.9-0.2,1.5-1.9,1.5-1.9s0.6-1.5,2.7-0.3c1.2,0.7,3.5,2.8,5.6,2.2\tc0.9-0.2,1.5-1.9,1.5-1.9s0.6-1.5,2.7-0.3c1.2,0.7,3.5,2.8,5.6,2.2c0.9-0.2,1.5-1.9,1.5-1.9s0.6-1.5,2.7-0.3\tc1.2,0.7,3.5,2.8,5.6,2.2c0.9-0.2,1.5-1.9,1.5-1.9c0,0,0.6-1.5,2.7-0.3c1.2,0.7,3.5,2.8,5.6,2.2c0.9-0.2,1.5-1.9,1.5-1.9\tc0,0,0.6-1.5,2.7-0.3c1.2,0.7,3.5,2.8,5.6,2.2c0.9-0.2,1.5-1.9,1.5-1.9s0.6-1.5,2.7-0.3c1.2,0.7,3.5,2.8,5.6,2.2\tc0.9-0.2,1.5-1.9,1.5-1.9s0.6-1.5,2.7-0.3c1.2,0.7,3.5,2.8,5.6,2.2c0.9-0.2,1.5-1.9,1.5-1.9s0.6-1.5,2.7-0.3\tc1.2,0.7,3.5,2.8,5.6,2.2c0.9-0.2,1.5-1.9,1.5-1.9c0,0,0.6-1.5,2.7-0.3c1.2,0.7,3.5,2.8,5.6,2.2c0.9-0.2,1.5-1.9,1.5-1.9\ts0.6-1.5,2.7-0.3c1.2,0.7,3.5,2.8,5.6,2.2c0.9-0.2,1.5-1.9,1.5-1.9s0.6-1.5,2.7-0.3c1.2,0.7,3.5,2.8,5.6,2.2\tc0.9-0.2,1.5-1.9,1.5-1.9s0.6-1.5,2.7-0.3c1.2,0.7,3.5,2.8,5.6,2.2c0.9-0.2,1.5-1.9,1.5-1.9c0,0,0.6-1.5,2.7-0.3\tc1.2,0.7,3.5,2.8,5.6,2.2c0.9-0.2,1.5-1.9,1.5-1.9c0,0,0.6-1.5,2.7-0.3c1.2,0.7,3.5,2.8,5.6,2.2c0.9-0.2,1.5-1.9,1.5-1.9\ts0.6-1.5,2.7-0.3c1.2,0.7,3.5,2.8,5.6,2.2c0.9-0.2,1.5-1.9,1.5-1.9s0.6-1.5,2.7-0.3c1.2,0.7,3.5,2.8,5.6,2.2\tc0.9-0.2,1.5-1.9,1.5-1.9s0.6-1.5,2.7-0.3c1.2,0.7,3.5,2.8,5.6,2.2c0.9-0.2,1.5-1.9,1.5-1.9c0,0,0.6-1.5,2.7-0.3\tc1.2,0.7,3.5,2.8,5.6,2.2c0.9-0.2,1.5-1.9,1.5-1.9s0.6-1.5,2.7-0.3c1.2,0.7,3.5,2.8,5.6,2.2c0.9-0.2,1.5-1.9,1.5-1.9\ts0.6-1.5,2.7-0.3c1.2,0.7,3.5,2.8,5.6,2.2c0.9-0.2,1.5-1.9,1.5-1.9s0.6-1.5,2.7-0.3c1.2,0.7,3.5,2.8,5.6,2.2\tc0.9-0.2,1.5-1.9,1.5-1.9c0,0,0.6-1.5,2.7-0.3c1.2,0.7,3.5,2.8,5.6,2.2c0.9-0.2,1.5-1.9,1.5-1.9c0,0,0.6-1.5,2.7-0.3\tc1.2,0.7,3.5,2.8,5.6,2.2c0.9-0.2,1.5-1.9,1.5-1.9s0.6-1.5,2.7-0.3c1.2,0.7,3.5,2.8,5.6,2.2c0.9-0.2,1.5-1.9,1.5-1.9\ts0.6-1.5,2.7-0.3c1.2,0.7,3.5,2.8,5.6,2.2c0.9-0.2,1.5-1.9,1.5-1.9s0.6-1.5,2.7-0.3c1.2,0.7,3.5,2.8,5.6,2.2\tc0.9-0.2,1.5-1.9,1.5-1.9c0,0,0.6-1.5,2.7-0.3c1.2,0.7,3.5,2.8,5.6,2.2c0.9-0.2,1.5-1.9,1.5-1.9s0.6-1.5,2.7-0.3\tc1.2,0.7,3.5,2.8,5.6,2.2c0.9-0.2,1.5-1.9,1.5-1.9s0.6-1.5,2.7-0.3c1.2,0.7,3.5,2.8,5.6,2.2c0.9-0.2,1.5-1.9,1.5-1.9\ts0.6-1.5,2.7-0.3c1.2,0.7,3.5,2.8,5.6,2.2c0.9-0.2,1.5-1.9,1.5-1.9c0,0,0.6-1.5,2.7-0.3c1.2,0.7,3.5,2.8,5.6,2.2\tc0.9-0.2,1.5-1.9,1.5-1.9c0,0,0.6-1.5,2.7-0.3c1.2,0.7,3.5,2.8,5.6,2.2c0.9-0.2,1.5-1.9,1.5-1.9s0.6-1.5,2.7-0.3\tc1.2,0.7,3.5,2.8,5.6,2.2c0.9-0.2,1.5-1.9,1.5-1.9s0.6-1.5,2.7-0.3c1.2,0.7,3.5,2.8,5.6,2.2c0.9-0.2,1.5-1.9,1.5-1.9\ts0.6-1.5,2.7-0.3c1.2,0.7,3.5,2.8,5.6,2.2c0.9-0.2,1.5-1.9,1.5-1.9c0,0,0.6-1.5,2.7-0.3c1.2,0.7,3.5,2.8,5.6,2.2\tc0.9-0.2,1.5-1.9,1.5-1.9s0.6-1.5,2.7-0.3c1.2,0.7,3.5,2.8,5.6,2.2c0.9-0.2,1.5-1.9,1.5-1.9s0.6-1.5,2.7-0.3\tc1.2,0.7,3.5,2.8,5.6,2.2c0.9-0.2,1.5-1.9,1.5-1.9s0.6-1.5,2.7-0.3c1.2,0.7,3.5,2.8,5.6,2.2c0.9-0.2,1.5-1.9,1.5-1.9\tc0,0,0.6-1.5,2.7-0.3c1.2,0.7,3.5,2.8,5.6,2.2c0.9-0.2,1.5-1.9,1.5-1.9c0,0,0.6-1.5,2.7-0.3c1.2,0.7,3.5,2.8,5.6,2.2\tc0.9-0.2,1.5-1.9,1.5-1.9s0.6-1.5,2.7-0.3c1.2,0.7,3.5,2.8,5.6,2.2c0.9-0.2,1.5-1.9,1.5-1.9s0.6-1.5,2.7-0.3\tc1.2,0.7,3.5,2.8,5.6,2.2c0.9-0.2,1.5-1.9,1.5-1.9s0.6-1.5,2.6-0.4V0z M2.5,1.2C2.5,1.2,2.5,1.2,2.5,1.2C2.5,1.2,2.5,1.2,2.5,1.2z M2.7,1.4c0.1,0,0.1,0.1,0.1,0.1C2.8,1.4,2.8,1.4,2.7,1.4z\"\/>\n<\/svg>\t\t<\/div>\n\t\t\t\t\t<div class=\"elementor-container elementor-column-gap-default\">\n\t\t\t\t\t<div class=\"elementor-column elementor-col-100 elementor-top-column elementor-element elementor-element-45edf5f\" data-id=\"45edf5f\" data-element_type=\"column\" data-e-type=\"column\">\n\t\t\t<div class=\"elementor-widget-wrap elementor-element-populated\">\n\t\t\t\t\t\t<div class=\"elementor-element elementor-element-ac3352d elementor-widget elementor-widget-heading\" data-id=\"ac3352d\" data-element_type=\"widget\" data-e-type=\"widget\" data-widget_type=\"heading.default\">\n\t\t\t\t<div class=\"elementor-widget-container\">\n\t\t\t\t\t<h1 class=\"elementor-heading-title elementor-size-default\">POLOS DE AULAS PRESENCIAIS<\/h1>\t\t\t\t<\/div>\n\t\t\t\t<\/div>\n\t\t\t\t<section class=\"elementor-section elementor-inner-section elementor-element elementor-element-1a29f9e elementor-section-boxed elementor-section-height-default elementor-section-height-default\" data-id=\"1a29f9e\" data-element_type=\"section\" data-e-type=\"section\">\n\t\t\t\t\t\t<div class=\"elementor-container elementor-column-gap-default\">\n\t\t\t\t\t<div class=\"elementor-column elementor-col-50 elementor-inner-column elementor-element elementor-element-3890091\" data-id=\"3890091\" data-element_type=\"column\" data-e-type=\"column\">\n\t\t\t<div class=\"elementor-widget-wrap elementor-element-populated\">\n\t\t\t\t\t\t<div class=\"elementor-element elementor-element-f5cf59a elementor-position-left elementor-vertical-align-top elementor-widget elementor-widget-image-box\" data-id=\"f5cf59a\" data-element_type=\"widget\" data-e-type=\"widget\" data-widget_type=\"image-box.default\">\n\t\t\t\t<div class=\"elementor-widget-container\">\n\t\t\t\t\t<div class=\"elementor-image-box-wrapper\"><figure class=\"elementor-image-box-img\"><img decoding=\"async\" width=\"640\" height=\"467\" src=\"http:\/\/www2.unifap.br\/ead\/files\/2013\/04\/Fachada-do-Polo-Santana-Amap\u00e1.png\" class=\"attachment-medium_large size-medium_large wp-image-1610\" alt=\"\" srcset=\"http:\/\/www2.unifap.br\/ead\/files\/2013\/04\/Fachada-do-Polo-Santana-Amap\u00e1.png 640w, http:\/\/www2.unifap.br\/ead\/files\/2013\/04\/Fachada-do-Polo-Santana-Amap\u00e1-300x218.png 300w\" sizes=\"(max-width: 640px) 100vw, 640px\" \/><\/figure><div class=\"elementor-image-box-content\"><h3 class=\"elementor-image-box-title\">SANTANA<\/h3><p class=\"elementor-image-box-description\">Endere\u00e7o: Av. Antonio Nunes 1206. B. Nova Bras\u00edlia. Santana-AP 68.925-000 <BR>\nTelefone: (96) 3283-3563<br>\nEmail: uab.polosantana@yahoo.com.br<\/p><\/div><\/div>\t\t\t\t<\/div>\n\t\t\t\t<\/div>\n\t\t\t\t\t<\/div>\n\t\t<\/div>\n\t\t\t\t<div class=\"elementor-column elementor-col-50 elementor-inner-column elementor-element elementor-element-f523947\" data-id=\"f523947\" data-element_type=\"column\" data-e-type=\"column\">\n\t\t\t<div class=\"elementor-widget-wrap elementor-element-populated\">\n\t\t\t\t\t\t<div class=\"elementor-element elementor-element-01a8800 elementor-position-right elementor-vertical-align-top elementor-widget elementor-widget-image-box\" data-id=\"01a8800\" data-element_type=\"widget\" data-e-type=\"widget\" data-widget_type=\"image-box.default\">\n\t\t\t\t<div class=\"elementor-widget-container\">\n\t\t\t\t\t<div class=\"elementor-image-box-wrapper\"><figure class=\"elementor-image-box-img\"><img decoding=\"async\" width=\"285\" height=\"248\" src=\"http:\/\/www2.unifap.br\/ead\/files\/2013\/03\/11.png\" class=\"attachment-medium_large size-medium_large wp-image-1157\" alt=\"\" \/><\/figure><div class=\"elementor-image-box-content\"><h3 class=\"elementor-image-box-title\">MACAP\u00c1<\/h3><p class=\"elementor-image-box-description\">Endere\u00e7o: Av. FAB 091 Centro 68.900-073, E.E.Professor Gabriel Almeida Caf\u00e9.<br>\nTel.: (96) 3223-6572\n(96) 3212-5397 <br>\nE-mail: uabpolo52@gmail.com<\/p><\/div><\/div>\t\t\t\t<\/div>\n\t\t\t\t<\/div>\n\t\t\t\t\t<\/div>\n\t\t<\/div>\n\t\t\t\t\t<\/div>\n\t\t<\/section>\n\t\t\t\t\t<\/div>\n\t\t<\/div>\n\t\t\t\t\t<\/div>\n\t\t<\/section>\n\t\t\t\t<section class=\"elementor-section elementor-top-section elementor-element elementor-element-6b9dba8c elementor-section-content-bottom elementor-section-height-min-height elementor-section-boxed elementor-section-height-default elementor-section-items-middle\" data-id=\"6b9dba8c\" data-element_type=\"section\" data-e-type=\"section\" data-settings=\"{&quot;background_background&quot;:&quot;classic&quot;}\">\n\t\t\t\t\t\t<div class=\"elementor-container elementor-column-gap-default\">\n\t\t\t\t\t<div class=\"elementor-column elementor-col-100 elementor-top-column elementor-element elementor-element-6aa95a36\" data-id=\"6aa95a36\" data-element_type=\"column\" data-e-type=\"column\">\n\t\t\t<div class=\"elementor-widget-wrap elementor-element-populated\">\n\t\t\t\t\t\t<div class=\"elementor-element elementor-element-5b0c478d elementor-widget elementor-widget-heading\" data-id=\"5b0c478d\" data-element_type=\"widget\" data-e-type=\"widget\" data-widget_type=\"heading.default\">\n\t\t\t\t<div class=\"elementor-widget-container\">\n\t\t\t\t\t<h3 class=\"elementor-heading-title elementor-size-default\">Obrigado pela visita!\u200b<\/h3>\t\t\t\t<\/div>\n\t\t\t\t<\/div>\n\t\t\t\t\t<\/div>\n\t\t<\/div>\n\t\t\t\t\t<\/div>\n\t\t<\/section>\n\t\t\t\t<\/div>\n\t\t","protected":false},"excerpt":{"rendered":"<p>Gradua\u00e7\u00e3o em Sociologia &#8211; EaD METODOLOGIA DISCIPLINAS ORGANOGRAMA EVENTOS CONTATO DOCUMENTOS AGENDA EVENTOS Desculpe, n\u00e3o h\u00e1 novos eventos! POLOS DE AULAS PRESENCIAIS SANTANA Endere\u00e7o: Av. Antonio Nunes 1206. B. Nova&#8230;<\/p>\n","protected":false},"author":812,"featured_media":0,"parent":18256,"menu_order":0,"comment_status":"closed","ping_status":"closed","template":"","meta":{"inline_featured_image":false,"ngg_post_thumbnail":0,"footnotes":""},"class_list":["post-22198","page","type-page","status-publish","hentry","entry"],"_links":{"self":[{"href":"http:\/\/www2.unifap.br\/ead\/wp-json\/wp\/v2\/pages\/22198","targetHints":{"allow":["GET"]}}],"collection":[{"href":"http:\/\/www2.unifap.br\/ead\/wp-json\/wp\/v2\/pages"}],"about":[{"href":"http:\/\/www2.unifap.br\/ead\/wp-json\/wp\/v2\/types\/page"}],"author":[{"embeddable":true,"href":"http:\/\/www2.unifap.br\/ead\/wp-json\/wp\/v2\/users\/812"}],"replies":[{"embeddable":true,"href":"http:\/\/www2.unifap.br\/ead\/wp-json\/wp\/v2\/comments?post=22198"}],"version-history":[{"count":13,"href":"http:\/\/www2.unifap.br\/ead\/wp-json\/wp\/v2\/pages\/22198\/revisions"}],"predecessor-version":[{"id":22598,"href":"http:\/\/www2.unifap.br\/ead\/wp-json\/wp\/v2\/pages\/22198\/revisions\/22598"}],"up":[{"embeddable":true,"href":"http:\/\/www2.unifap.br\/ead\/wp-json\/wp\/v2\/pages\/18256"}],"wp:attachment":[{"href":"http:\/\/www2.unifap.br\/ead\/wp-json\/wp\/v2\/media?parent=22198"}],"curies":[{"name":"wp","href":"https:\/\/api.w.org\/{rel}","templated":true}]}}