{"id":23197,"date":"2020-03-02T16:14:14","date_gmt":"2020-03-02T19:14:14","guid":{"rendered":"http:\/\/www2.unifap.br\/ead\/?page_id=23197"},"modified":"2020-04-08T14:35:45","modified_gmt":"2020-04-08T17:35:45","slug":"coordenador-pagina-de-inscricao-no01-2020","status":"publish","type":"page","link":"http:\/\/www2.unifap.br\/ead\/coordenador-pagina-de-inscricao-no01-2020\/","title":{"rendered":"Coordenador: P\u00e1gina de Inscri\u00e7\u00e3o n\u00ba01\/2020"},"content":{"rendered":"\t\t<div data-elementor-type=\"wp-post\" data-elementor-id=\"23197\" class=\"elementor elementor-23197 elementor-bc-flex-widget\">\n\t\t\t\t\t\t<section class=\"elementor-section elementor-top-section elementor-element elementor-element-0c93907 elementor-section-boxed elementor-section-height-default elementor-section-height-default\" data-id=\"0c93907\" data-element_type=\"section\" data-e-type=\"section\">\n\t\t\t\t\t\t<div class=\"elementor-container elementor-column-gap-default\">\n\t\t\t\t\t<div class=\"elementor-column elementor-col-100 elementor-top-column elementor-element elementor-element-7d01661\" data-id=\"7d01661\" data-element_type=\"column\" data-e-type=\"column\">\n\t\t\t<div class=\"elementor-widget-wrap elementor-element-populated\">\n\t\t\t\t\t\t<div class=\"elementor-element elementor-element-67e34e2 elementor-widget elementor-widget-wp-widget-text\" data-id=\"67e34e2\" data-element_type=\"widget\" data-e-type=\"widget\" data-widget_type=\"wp-widget-text.default\">\n\t\t\t\t<div class=\"elementor-widget-container\">\n\t\t\t\t\t\t\t\t<div class=\"textwidget\">\n<div class=\"wpcf7 no-js\" id=\"wpcf7-f23337-o1\" lang=\"en-US\" dir=\"ltr\" data-wpcf7-id=\"23337\">\n<div class=\"screen-reader-response\"><p role=\"status\" aria-live=\"polite\" aria-atomic=\"true\"><\/p> <ul><\/ul><\/div>\n<form action=\"\/ead\/wp-json\/wp\/v2\/pages\/23197#wpcf7-f23337-o1\" method=\"post\" class=\"wpcf7-form init\" aria-label=\"Contact form\" enctype=\"multipart\/form-data\" novalidate=\"novalidate\" data-status=\"init\">\n<fieldset class=\"hidden-fields-container\"><input type=\"hidden\" name=\"_wpcf7\" value=\"23337\" \/><input type=\"hidden\" name=\"_wpcf7_version\" value=\"6.1\" \/><input type=\"hidden\" name=\"_wpcf7_locale\" value=\"en_US\" \/><input type=\"hidden\" name=\"_wpcf7_unit_tag\" value=\"wpcf7-f23337-o1\" \/><input type=\"hidden\" name=\"_wpcf7_container_post\" value=\"0\" \/><input type=\"hidden\" name=\"_wpcf7_posted_data_hash\" value=\"\" \/>\n<\/fieldset>\n<p><strong>\n\t\t<center>INSCRI\u00c7\u00c3O PARA COORDENADOR DOS CURSO DE GRADUA\u00c7\u00c3O E P\u00d3S-GRADUA\u00c7\u00c3O DA UNIFAP - EaD EM PARCERIA COM A UNIVERSIDADE ABERTA DO BRASIL - UAB.\nUNIVERSIDADE FEDERAL DO AMAP\u00c1 - UNIFAP\nDEPARTAMENTO DE EDUCA\u00c7\u00c3O A DIST\u00c2NCIA - DEAD\nUNIVERSIDADE ABERTA DO BRASIL\n\t\t<\/center><\/strong><br \/>\n<strong><br \/>\n____________________________________________________________________________________<br \/>\nA. DADOS DE IDENTIFICA\u00c7\u00c3O DO CANDIDATO<br \/>\n____________________________________________________________________________________<\/strong><br \/>\n- Nome: <span class=\"wpcf7-form-control-wrap\" data-name=\"ead-pf-nome\"><input size=\"40\" maxlength=\"400\" class=\"wpcf7-form-control wpcf7-text wpcf7-validates-as-required formulario\" aria-required=\"true\" aria-invalid=\"false\" placeholder=\"Nome completo\" value=\"\" type=\"text\" name=\"ead-pf-nome\" \/><\/span>\n<\/p>\n<p>- RG: <span class=\"wpcf7-form-control-wrap\" data-name=\"ead-rg\"><input size=\"40\" maxlength=\"400\" class=\"wpcf7-form-control wpcf7-text wpcf7-validates-as-required formulario\" aria-required=\"true\" aria-invalid=\"false\" placeholder=\"000000\" value=\"\" type=\"text\" name=\"ead-rg\" \/><\/span>\n<\/p>\n<p>- CPF: <span class=\"wpcf7-form-control-wrap\" data-name=\"ead-pf-num-cpf\"><input size=\"15\" maxlength=\"14\" class=\"wpcf7-form-control wpcf7-text wpcf7-validates-as-required formulario\" aria-required=\"true\" aria-invalid=\"false\" placeholder=\"000.000.000-00\" value=\"\" type=\"text\" name=\"ead-pf-num-cpf\" \/><\/span>\n<\/p>\n<p>- SIAP: <span class=\"wpcf7-form-control-wrap\" data-name=\"ead-siap\"><input size=\"15\" maxlength=\"15\" class=\"wpcf7-form-control wpcf7-text wpcf7-validates-as-required formulario\" aria-required=\"true\" aria-invalid=\"false\" placeholder=\"00000\" value=\"\" type=\"text\" name=\"ead-siap\" \/><\/span>\n<\/p>\n<p>- Celular: <span class=\"wpcf7-form-control-wrap\" data-name=\"ead-pf-celular\"><input size=\"15\" maxlength=\"15\" class=\"wpcf7-form-control wpcf7-text wpcf7-validates-as-required formulario\" aria-required=\"true\" aria-invalid=\"false\" placeholder=\"(00) 00000-0000\" value=\"\" type=\"text\" name=\"ead-pf-celular\" \/><\/span>\n<\/p>\n<p>- Telefone residencial: <span class=\"wpcf7-form-control-wrap\" data-name=\"ead-pf-residencial\"><input size=\"15\" maxlength=\"15\" class=\"wpcf7-form-control wpcf7-text formulario\" aria-invalid=\"false\" placeholder=\"(00) 00000-0000\" value=\"\" type=\"text\" name=\"ead-pf-residencial\" \/><\/span>\n<\/p>\n<p>- Email: <span class=\"wpcf7-form-control-wrap\" data-name=\"ead-pf-email\"><input size=\"40\" maxlength=\"400\" class=\"wpcf7-form-control wpcf7-email wpcf7-validates-as-required wpcf7-text wpcf7-validates-as-email\" aria-required=\"true\" aria-invalid=\"false\" placeholder=\"candidato@email.com\" value=\"\" type=\"email\" name=\"ead-pf-email\" \/><\/span>\n<\/p>\n<p><strong><br \/>\n____________________________________________________________________________________<br \/>\nB. INSCRI\u00c7\u00c3O PARA O CURSO<br \/>\n____________________________________________________________________________________<br \/>\nCURSO:<br \/>\n<span class=\"wpcf7-form-control-wrap\" data-name=\"type-curso\"><select class=\"wpcf7-form-control wpcf7-select wpcf7-validates-as-required\" aria-required=\"true\" aria-invalid=\"false\" name=\"type-curso\"><option value=\"\">Selecione aqui...<\/option><option value=\"GRADUA\u00c7\u00c3O\">GRADUA\u00c7\u00c3O<\/option><option value=\"P\u00d3S-GRADUA\u00c7\u00c3O\">P\u00d3S-GRADUA\u00c7\u00c3O<\/option><\/select><\/span><br \/>\n[group GRADUACAO-selected]<br \/>\n<\/strong><strong>SELECIONE A GRADUA\u00c7\u00c3O:<\/strong><br \/>\n<span class=\"wpcf7-form-control-wrap\" data-name=\"type-graduacao\"><select class=\"wpcf7-form-control wpcf7-select wpcf7-validates-as-required\" aria-required=\"true\" aria-invalid=\"false\" name=\"type-graduacao\"><option value=\"\">Selecione aqui...<\/option><option value=\"Bacharelado em Administra\u00e7\u00e3o P\u00fablica\">Bacharelado em Administra\u00e7\u00e3o P\u00fablica<\/option><option value=\"Licenciatura em Educa\u00e7\u00e3o F\u00edsica\">Licenciatura em Educa\u00e7\u00e3o F\u00edsica<\/option><option value=\"Licenciatura em Matem\u00e1tica\">Licenciatura em Matem\u00e1tica<\/option><option value=\"Licenciatura em Letras Ingl\u00eas\">Licenciatura em Letras Ingl\u00eas<\/option><option value=\"Licenciatura em Letras Portugu\u00eas\">Licenciatura em Letras Portugu\u00eas<\/option><option value=\"Licenciatura em Sociologia\">Licenciatura em Sociologia<\/option><\/select><\/span><br \/>\n[\/group]\n<\/p>\n<p>[group POS-GRADUACAO-selected]<br \/>\nSELECIONE A P\u00d3S-GRADUA\u00c7\u00c3O:<br \/>\n<span class=\"wpcf7-form-control-wrap\" data-name=\"type-posgraduacao\"><select class=\"wpcf7-form-control wpcf7-select wpcf7-validates-as-required\" aria-required=\"true\" aria-invalid=\"false\" name=\"type-posgraduacao\"><option value=\"\">Selecione aqui...<\/option><option value=\"Esp. Gest\u00e3o em Sa\u00fade (405h)\">Esp. Gest\u00e3o em Sa\u00fade (405h)<\/option><option value=\"Esp. M\u00eddias na Educa\u00e7\u00e3o. (360h)\">Esp. M\u00eddias na Educa\u00e7\u00e3o. (360h)<\/option><option value=\"Esp. em Pol\u00edticas de Promo\u00e7\u00e3o da Igualdade Racial na Escola \u2013 UNIAFRO (360h)\">Esp. em Pol\u00edticas de Promo\u00e7\u00e3o da Igualdade Racial na Escola \u2013 UNIAFRO (360h)<\/option><\/select><\/span><br \/>\n<br \/>\n[\/group]\n<\/p>\n<p><strong>____________________________________________________________________________________<br \/>\nC. DOCUMENTOS PARA ANEXAR<br \/>\n____________________________________________________________________________________<\/strong>\n<\/p>\n<p><strong >C1 - Documentos de identifica\u00e7\u00e3o:<br \/>\nAnexar Frente e Verso: <span class=\"wpcf7-form-control-wrap\" data-name=\"ead-cd-identificacao-file\"><input size=\"40\" class=\"wpcf7-form-control wpcf7-file wpcf7-validates-as-required\" accept=\"audio\/*,video\/*,image\/*\" aria-required=\"true\" aria-invalid=\"false\" type=\"file\" name=\"ead-cd-identificacao-file\" \/><\/span><\/strong> (Formato .pdf; m\u00e1ximo 990 kb)<br \/>\n(C\u00f3pia da Carteira de Identidade e CPF, ou da Carteira Nacional de Habilita\u00e7\u00e3o, ou da Carteira de Identidade com CPF)\n<\/p>\n<p><strong>C2 - Comprovante de v\u00ednculo com a UNIFAP:<br \/>\nAnexar: <span class=\"wpcf7-form-control-wrap\" data-name=\"ead-cd-vinculo-file\"><input size=\"40\" class=\"wpcf7-form-control wpcf7-file wpcf7-validates-as-required\" accept=\"audio\/*,video\/*,image\/*\" aria-required=\"true\" aria-invalid=\"false\" type=\"file\" name=\"ead-cd-vinculo-file\" \/><\/span> <\/strong> (*Formato .pdf; m\u00e1ximo 990 kb)<br \/>\n(Documento emitido pelo SIGRH (servi\u00e7o>documentos>declara\u00e7\u00f5es>declara\u00e7\u00e3o funcional) que conste lota\u00e7\u00e3o do docente. A comprova\u00e7\u00e3o do exerc\u00edcio no colegiado para qual pleiteia fun\u00e7\u00e3o de Coordenador ser\u00e1 verificada pela Comiss\u00e3o junto a PROGEP.)\n<\/p>\n<p><strong>C3 - Diploma de Gradua\u00e7\u00e3o e da \u00faltima titula\u00e7\u00e3o:<br \/>\nAnexar Frente e Verso: <span class=\"wpcf7-form-control-wrap\" data-name=\"ead-cd-titulacao-file\"><input size=\"40\" class=\"wpcf7-form-control wpcf7-file\" accept=\"audio\/*,video\/*,image\/*\" aria-invalid=\"false\" type=\"file\" name=\"ead-cd-titulacao-file\" \/><\/span> <\/strong>(*Formato .pdf; m\u00e1ximo 990 kb)\n<\/p>\n<p><strong> C4 - Experi\u00eancia no magist\u00e9rio superior na UNIFAP:<br \/>\nAnexar: <span class=\"wpcf7-form-control-wrap\" data-name=\"ead-cd-magisterio-file\"><input size=\"40\" class=\"wpcf7-form-control wpcf7-file\" accept=\"audio\/*,video\/*,image\/*\" aria-invalid=\"false\" type=\"file\" name=\"ead-cd-magisterio-file\" \/><\/span><\/strong>(*Formato .pdf; m\u00e1ximo 990 kb)<br \/>\n(Documento emitido pelo SIGAA (disciplinas ministradas), ou SIGRH (servi\u00e7o>documentos>declara\u00e7\u00f5es> declara\u00e7\u00e3o de tempo de servi\u00e7o) ou portaria de progress\u00e3o horizontal (emitida a cada 2 anos))\n<\/p>\n<p><strong> C5 - Experi\u00eancia comprovada em Coordena\u00e7\u00e3o de curso:<br \/>\nAnexar: <span class=\"wpcf7-form-control-wrap\" data-name=\"ead-cd-coordenacao-file\"><input size=\"40\" class=\"wpcf7-form-control wpcf7-file\" accept=\"audio\/*,video\/*,image\/*\" aria-invalid=\"false\" type=\"file\" name=\"ead-cd-coordenacao-file\" \/><\/span> <\/strong> (*Formato .pdf; m\u00e1ximo 990 kb)(Portaria de nomea\u00e7\u00e3o.)\n<\/p>\n<p><strong> C6 - Experi\u00eancia comprovada em atua\u00e7\u00e3o na UAB (coordenador, tutor, professor):<br \/>\nAnexar: <span class=\"wpcf7-form-control-wrap\" data-name=\"ead-cd-uab-file\"><input size=\"40\" class=\"wpcf7-form-control wpcf7-file\" accept=\"audio\/*,video\/*,image\/*\" aria-invalid=\"false\" type=\"file\" name=\"ead-cd-uab-file\" \/><\/span><\/strong>(*Formato .pdf; m\u00e1ximo 990 kb) (Portaria para coordena\u00e7\u00e3o, declara\u00e7\u00e3o ou comprova\u00e7\u00e3o de vincula\u00e7\u00e3o no Sistema de Gerenciamento de Bolsa- SGB ou documento de pagamento de bolsa emitido pela CAPES para formador ou tutor.\n<\/p>\n<p><strong><br \/>\n____________________________________________________________________________________<br \/>\n<span class=\"wpcf7-form-control-wrap\" data-name=\"acceptance-102\"><span class=\"wpcf7-form-control wpcf7-acceptance\"><span class=\"wpcf7-list-item\"><label><input type=\"checkbox\" name=\"acceptance-102\" value=\"1\" aria-invalid=\"false\" \/><span class=\"wpcf7-list-item-label\">Declaro para fins de direito, perante a Comiss\u00e3o de Operacionaliza\u00e7\u00e3o da presente Sele\u00e7\u00e3o, a DEaD e a PROGRAD que tenho disponibilidade para o exerc\u00edcio do cargo de Coordenador de Curso EaD, carga-hor\u00e1ria de 20 (vinte) horas semanais a serem cumpridas presencialmente no DEaD, Campus Marco Zero, bloco B, sala 3. Estou ciente que a n\u00e3o veracidade das informa\u00e7\u00f5es por mim prestadas implicar\u00e1 na elimina\u00e7\u00e3o neste processo seletivo.<\/span><\/label><\/span><\/span><\/span><br \/>\n____________________________________________________________________________________<\/strong>\n<\/p>\n<p><input class=\"wpcf7-form-control wpcf7-submit has-spinner\" type=\"submit\" value=\"Send\" \/>\n<\/p><div class=\"wpcf7-response-output\" aria-hidden=\"true\"><\/div>\n<\/form>\n<\/div>\n\n<\/div>\n\t\t\t\t\t\t<\/div>\n\t\t\t\t<\/div>\n\t\t\t\t\t<\/div>\n\t\t<\/div>\n\t\t\t\t\t<\/div>\n\t\t<\/section>\n\t\t\t\t<\/div>\n\t\t","protected":false},"excerpt":{"rendered":"","protected":false},"author":812,"featured_media":0,"parent":0,"menu_order":0,"comment_status":"closed","ping_status":"closed","template":"","meta":{"inline_featured_image":false,"ngg_post_thumbnail":0,"footnotes":""},"class_list":["post-23197","page","type-page","status-publish","hentry","entry"],"_links":{"self":[{"href":"http:\/\/www2.unifap.br\/ead\/wp-json\/wp\/v2\/pages\/23197","targetHints":{"allow":["GET"]}}],"collection":[{"href":"http:\/\/www2.unifap.br\/ead\/wp-json\/wp\/v2\/pages"}],"about":[{"href":"http:\/\/www2.unifap.br\/ead\/wp-json\/wp\/v2\/types\/page"}],"author":[{"embeddable":true,"href":"http:\/\/www2.unifap.br\/ead\/wp-json\/wp\/v2\/users\/812"}],"replies":[{"embeddable":true,"href":"http:\/\/www2.unifap.br\/ead\/wp-json\/wp\/v2\/comments?post=23197"}],"version-history":[{"count":9,"href":"http:\/\/www2.unifap.br\/ead\/wp-json\/wp\/v2\/pages\/23197\/revisions"}],"predecessor-version":[{"id":23413,"href":"http:\/\/www2.unifap.br\/ead\/wp-json\/wp\/v2\/pages\/23197\/revisions\/23413"}],"wp:attachment":[{"href":"http:\/\/www2.unifap.br\/ead\/wp-json\/wp\/v2\/media?parent=23197"}],"curies":[{"name":"wp","href":"https:\/\/api.w.org\/{rel}","templated":true}]}}