{"id":23506,"date":"2020-04-23T23:32:52","date_gmt":"2020-04-24T02:32:52","guid":{"rendered":"http:\/\/www2.unifap.br\/ead\/?page_id=23506"},"modified":"2020-06-08T21:54:49","modified_gmt":"2020-06-09T00:54:49","slug":"processo-seletivo-01-2020","status":"publish","type":"page","link":"http:\/\/www2.unifap.br\/ead\/processo-seletivo-01-2020\/","title":{"rendered":"Processo Seletivo &#8211; 01\/2020"},"content":{"rendered":"\t\t<div data-elementor-type=\"wp-post\" data-elementor-id=\"23506\" class=\"elementor elementor-23506 elementor-bc-flex-widget\">\n\t\t\t\t\t\t<section class=\"elementor-section elementor-top-section elementor-element elementor-element-22ecd2e elementor-section-boxed elementor-section-height-default elementor-section-height-default\" data-id=\"22ecd2e\" data-element_type=\"section\" data-e-type=\"section\">\n\t\t\t\t\t\t<div class=\"elementor-container elementor-column-gap-default\">\n\t\t\t\t\t<div class=\"elementor-column elementor-col-100 elementor-top-column elementor-element elementor-element-ba60d67\" data-id=\"ba60d67\" data-element_type=\"column\" data-e-type=\"column\">\n\t\t\t<div class=\"elementor-widget-wrap elementor-element-populated\">\n\t\t\t\t\t\t<div class=\"elementor-element elementor-element-13f2824 elementor-widget elementor-widget-heading\" data-id=\"13f2824\" data-element_type=\"widget\" data-e-type=\"widget\" data-widget_type=\"heading.default\">\n\t\t\t\t<div class=\"elementor-widget-container\">\n\t\t\t\t\t<h2 class=\"elementor-heading-title elementor-size-default\">Processo Seletivo para Coordena\u00e7\u00e3o Geral e Adjunta<\/h2>\t\t\t\t<\/div>\n\t\t\t\t<\/div>\n\t\t\t\t<div class=\"elementor-element elementor-element-93f4fe1 elementor-widget elementor-widget-text-editor\" data-id=\"93f4fe1\" data-element_type=\"widget\" data-e-type=\"widget\" data-widget_type=\"text-editor.default\">\n\t\t\t\t<div class=\"elementor-widget-container\">\n\t\t\t\t\t\t\t\t\t<p><span style=\"color: #000000;\"><a style=\"color: #000000;\" href=\"http:\/\/www2.unifap.br\/ead\/files\/2020\/06\/RESULTADO-FINAL.pdf\"><strong>Resultado\u00a0final<\/strong><\/a><\/span><\/p><p><a href=\"https:\/\/www2.unifap.br\/ead\/recurso-coordgeral-adjunta\/\"><span style=\"color: #000000;\">Formul\u00e1rio para recurso<\/span><\/a><\/p><p><a href=\"http:\/\/www2.unifap.br\/ead\/files\/2020\/06\/RESULTADO-PROVIS\u00d3RIO.pdf\"><span style=\"color: #000000;\">Resultado Preliminar<\/span><\/a><\/p><p><a href=\"https:\/\/www2.unifap.br\/ead\/formulario-de-inscricao-coordenacao-geral-e-adjunta\/\"><span style=\"color: #000000;\">Link para inscri\u00e7\u00e3o<\/span><\/a><\/p><p><a href=\"http:\/\/www2.unifap.br\/ead\/files\/2020\/04\/EDITAL-N.-001_2020-\u2013-PROGRAD-DEAD_UNIFAP.pdf\"><span style=\"color: #000000;\">Edital de Abertura<\/span><\/a><\/p>\t\t\t\t\t\t\t\t<\/div>\n\t\t\t\t<\/div>\n\t\t\t\t\t<\/div>\n\t\t<\/div>\n\t\t\t\t\t<\/div>\n\t\t<\/section>\n\t\t\t\t<\/div>\n\t\t","protected":false},"excerpt":{"rendered":"<p>Processo Seletivo para Coordena\u00e7\u00e3o Geral e Adjunta Resultado\u00a0final Formul\u00e1rio para recurso Resultado Preliminar Link para inscri\u00e7\u00e3o Edital de Abertura<\/p>\n","protected":false},"author":926,"featured_media":0,"parent":0,"menu_order":0,"comment_status":"closed","ping_status":"closed","template":"","meta":{"inline_featured_image":false,"ngg_post_thumbnail":0,"footnotes":""},"class_list":["post-23506","page","type-page","status-publish","hentry","entry"],"_links":{"self":[{"href":"http:\/\/www2.unifap.br\/ead\/wp-json\/wp\/v2\/pages\/23506","targetHints":{"allow":["GET"]}}],"collection":[{"href":"http:\/\/www2.unifap.br\/ead\/wp-json\/wp\/v2\/pages"}],"about":[{"href":"http:\/\/www2.unifap.br\/ead\/wp-json\/wp\/v2\/types\/page"}],"author":[{"embeddable":true,"href":"http:\/\/www2.unifap.br\/ead\/wp-json\/wp\/v2\/users\/926"}],"replies":[{"embeddable":true,"href":"http:\/\/www2.unifap.br\/ead\/wp-json\/wp\/v2\/comments?post=23506"}],"version-history":[{"count":9,"href":"http:\/\/www2.unifap.br\/ead\/wp-json\/wp\/v2\/pages\/23506\/revisions"}],"predecessor-version":[{"id":23585,"href":"http:\/\/www2.unifap.br\/ead\/wp-json\/wp\/v2\/pages\/23506\/revisions\/23585"}],"wp:attachment":[{"href":"http:\/\/www2.unifap.br\/ead\/wp-json\/wp\/v2\/media?parent=23506"}],"curies":[{"name":"wp","href":"https:\/\/api.w.org\/{rel}","templated":true}]}}